{"id":2838,"date":"2016-03-23T10:12:21","date_gmt":"2016-03-23T10:12:21","guid":{"rendered":"https:\/\/www.morihotel.com\/fr\/?page_id=2838"},"modified":"2019-07-11T12:47:32","modified_gmt":"2019-07-11T10:47:32","slug":"comment-nous-rejoindre","status":"publish","type":"page","link":"https:\/\/www.morihotel.com\/fr\/comment-nous-rejoindre\/","title":{"rendered":"Comment nous rejoindre"},"content":{"rendered":"<div class=\"wpb-content-wrapper\">[vc_row css=\u00a0\u00bb.vc_custom_1457457176111{padding: 20px !important;}\u00a0\u00bb][vc_column][vc_raw_html]JTNDaWZyYW1lJTIwc3JjJTNEJTIyJTJGd3AtY29udGVudCUyRnRoZW1lcyUyRm1vcmlob3RlbCUyRm1hcHBhLmh0bSUyMiUyMHdpZHRoJTNEJTIyMTAwJTI1JTIyJTIwaGVpZ2h0JTNEJTIyNTUwJTIyJTIwZnJhbWVib3JkZXIlM0QlMjIwJTIyJTNFJTNDJTJGaWZyYW1lJTNF[\/vc_raw_html][vc_column_text]\n<h3>Hotel Ai Mori d\u2019Oriente<\/h3>\n<p>Fondamenta della Sensa Cannaregio 3319<br \/>\n30121 Venise (VE)<br \/>\nTel. +39 041 711001<\/p>\n<h3 id=\"ui-accordion-1-header-0\" class=\"ui-accordion-header ui-helper-reset ui-state-default ui-accordion-header-active ui-state-active ui-corner-top ui-accordion-icons ui-state-focus\" tabindex=\"0\">En avion<\/h3>\n<p class=\"testoaccordion\">Depuis l&rsquo;<strong>a\u00e9roport Marco Polo de Venise<\/strong> (VCE), vous pouvez rejoindre le centre historique de la cit\u00e9 par la terre, avec un taxi ou un bus, ou par la mer avec un taxi fluvial ou les moyens de transport Alilaguna.<br \/>\n<strong>Par la terre<\/strong>\u00a0:<br \/>\nvous pouvez rejoindre la Piazzale Roma en taxi ou en bus ATVO ou ACTV, ligne\u00a05. Continuez ensuite en vaporetto (lignes\u00a01,\u00a04.2 \u2013 5.2). Quelle que soit la ligne ACTV que vous avez choisie (1,\u00a04.2 \u2013 5.2), descendez \u00e0 l&rsquo;arr\u00eat conseill\u00e9, puis rejoignez l&rsquo;h\u00f4tel en\u00a07 minutes seulement (pour d&rsquo;autres informations sur les transports publics, visitez le site ACTV \u00e0 l&rsquo;adresse <a href=\"http:\/\/www.actv.it\/\" target=\"_blank\" rel=\"nofollow noopener noreferrer\">www.actv.it<\/a>).<br \/>\n<strong>Par la mer<\/strong>\u00a0:<br \/>\nune fois sorti de l&rsquo;a\u00e9roport, suivez les panneaux en direction de la darse \u00e0 gauche (5 minutes \u00e0 pied), d&rsquo;o\u00f9 vous pourrez emprunter un taxi ou les transports Alilaguna (ligne orange).<br \/>\nDepuis l&rsquo;<strong>a\u00e9roport Antonio Canova de Tr\u00e9vise<\/strong> (TSF), vous pouvez rejoindre Venise en prenant le bus ATVO en direction de \u00ab\u00a0Venezia-Piazzale Roma\u00a0\u00bb, d&rsquo;o\u00f9 vous continuerez en vaporetto (lignes\u00a01,\u00a04.2 \u2013 5.2).<br \/>\nQuelle que soit la ligne ACTV que vous avez choisie (1,\u00a04.2 \u2013 5.2), descendez \u00e0 l&rsquo;arr\u00eat conseill\u00e9, puis rejoignez l&rsquo;h\u00f4tel en\u00a07 minutes seulement (pour d&rsquo;autres informations sur les transports publics, visitez le site ACTV \u00e0 l&rsquo;adresse <a href=\"http:\/\/www.actv.it\/\" target=\"_blank\" rel=\"nofollow noopener noreferrer\">www.actv.it<\/a>).<\/p>\n<h3 id=\"ui-accordion-1-header-1\" class=\"ui-accordion-header ui-helper-reset ui-state-default ui-accordion-icons ui-state-focus ui-accordion-header-active ui-state-active ui-corner-top\" tabindex=\"0\">En train<\/h3>\n<p class=\"testoaccordion\">Si vous arrivez en train \u00e0 Venise, une fois sorti de la gare S. Lucia de Venise, vous verrez les points d&rsquo;abordage des taxis fluviaux ou des lignes fluviales publiques ACTV (1,\u00a04.2 \u2013 5.2) permettant de rejoindre l&rsquo;h\u00f4tel.<br \/>\nQuelle que soit la ligne ACTV que vous avez choisie (1,\u00a04.2 \u2013 5.2), descendez \u00e0 l&rsquo;arr\u00eat conseill\u00e9, puis rejoignez l&rsquo;h\u00f4tel en\u00a07 minutes seulement (pour d&rsquo;autres informations sur les transports publics, visitez le site ACTV \u00e0 l&rsquo;adresse <a href=\"http:\/\/www.actv.it\/\" target=\"_blank\" rel=\"nofollow noopener noreferrer\">www.actv.it<\/a>).<\/p>\n<h3 id=\"ui-accordion-1-header-2\" class=\"ui-accordion-header ui-helper-reset ui-state-default ui-accordion-icons ui-state-focus ui-accordion-header-active ui-state-active ui-corner-top\" tabindex=\"0\">En voiture<\/h3>\n<p class=\"testoaccordion\">En arrivant depuis les autoroutes A57, A4 (jonction de Mestre) ou\u00a0A27, sortez au p\u00e9age de Venise et sur le p\u00e9riph\u00e9rique, suivez les panneaux en direction de Venise (\u00ab\u00a0Venezia\u00a0\u00bb).<br \/>\nRoulez sur\u00a03\u00a0km, puis remontez le \u00ab\u00a0Ponte della Libert\u00e0\u00a0\u00bb (restez attentif aux limites de vitesse dans les deux sens\u00a0!). Au bout du pont, apr\u00e8s le feu, vous \u00eates arriv\u00e9 sur la Piazzale Roma o\u00f9 vous pouvez garer votre voiture dans le Garage Comunale ou le Garage San Marco. Vous pouvez \u00e9galement acc\u00e9der au parking Tronchetto, contigu \u00e0 la Piazzale Roma, en tournant \u00e0 droite au feu.<br \/>\nDepuis tous ces parkings, vous pouvez emprunter les lignes fluviales publiques (ACTV) ou un taxi fluvial pour rejoindre l&rsquo;h\u00f4tel.<br \/>\nQuelle que soit la ligne ACTV que vous avez choisie (1,\u00a04.2 \u2013 5.2), descendez \u00e0 l&rsquo;arr\u00eat conseill\u00e9, puis rejoignez l&rsquo;h\u00f4tel en\u00a07 minutes seulement (pour d&rsquo;autres informations sur les transports publics, visitez le site ACTV \u00e0 l&rsquo;adresse <a href=\"http:\/\/www.actv.it\/\" target=\"_blank\" rel=\"nofollow noopener noreferrer\">www.actv.it<\/a>).<br \/>\nEn arrivant avec le vaporetto \u00e0 l&#8217;embarcad\u00e8re de S. Marcuola\/Casino\u2019 (ligne\u00a01), traversez la place donnant sur l&rsquo;\u00e9glise et tournez \u00e0 gauche derri\u00e8re cette \u00e9glise. Poursuivez ensuite dans Rio Terr\u00e0 del Cristo, \u00e0 votre droite, puis toujours tout droit dans Rio Terr\u00e0 Farsetti, jusqu&rsquo;au pont en bois. Apr\u00e8s le pont, tournez \u00e0 droite, continuez dans la premi\u00e8re ruelle \u00e0 gauche (Calle del Forno) et, une fois arriv\u00e9 au bout, vous trouverez l&rsquo;h\u00f4tel sur votre droite.<br \/>\nEn arrivant avec le vaporetto \u00e0 l&#8217;embarcad\u00e8re d&rsquo;Orto (Madonna dell\u2019Orto\/lignes\u00a04.2 \u2013 5.2, Alilaguna (orange) depuis l&rsquo;a\u00e9roport Marco Polo VCE, continuez toujours tout droit dans la Calle Larga Piave jusqu&rsquo;\u00e0 ce que vous arriviez \u00e0 la Fondamenta della Madonna dell\u2019Orto. Continuez ensuite \u00e0 droite, toujours dans la Fondamenta della Madonna dell\u2019Orto et, apr\u00e8s le pont, poursuivez dans la Calle Loredan. Au bout de la ruelle, en tournant \u00e0 gauche, vous trouverez l&rsquo;h\u00f4tel (pour d&rsquo;autres informations sur les transports publics, visitez le site ACTV \u00e0 l&rsquo;adresse <a href=\"http:\/\/www.actv.it\/\" target=\"_blank\" rel=\"nofollow noopener noreferrer\">www.actv.it<\/a>).<\/p>\n<h3 id=\"ui-accordion-1-header-3\" class=\"ui-accordion-header ui-helper-reset ui-state-default ui-accordion-icons ui-state-focus ui-accordion-header-active ui-state-active ui-corner-top\" tabindex=\"0\">En bateau<\/h3>\n<p>Pour nous rejoindre depuis le <strong>terminal des croisi\u00e8res (Costa, Carnival, P&amp;O, Princess, Cunard, Aida, etc.)<\/strong>, vous pouvez prendre un taxi fluvial priv\u00e9 depuis le point d&#8217;embarquement flottant situ\u00e9 \u00e0 proximit\u00e9 qui, en\u00a020 minutes environ, vous emm\u00e8nera directement \u00e0 l&rsquo;entr\u00e9e de l&rsquo;h\u00f4tel. Sinon, vous pouvez marcher en direction de l&rsquo;arr\u00eat tout proche du petit train \u00ab\u00a0People Mover\u00a0\u00bb qui rejoint la Piazzale Roma, puis de l\u00e0 prendre le vaporetto public (lignes\u00a01,\u00a04.2 ou\u00a05.2) et descendre \u00e0 l&rsquo;arr\u00eat le plus proche selon la ligne que vous avez emprunt\u00e9e. Nous vous conseillons d&#8217;emprunter la ligne\u00a01 et de descendre \u00e0 San Marcuola\/Casino\u2019.<\/p>\n<p>Pour nous rejoindre depuis le <strong>terminal San Basilio (Venezialines, Windstar, Yachts Charter, Club Med)<\/strong> au niveau de l&rsquo;appontement flottant voisin de l&rsquo;ACTV, vous pouvez prendre un taxi fluvial priv\u00e9 tr\u00e8s pratique (cat\u00e9gorie jaune) qui vous emm\u00e8nera directement \u00e0 l&rsquo;h\u00f4tel. Sinon, vous pouvez prendre le vaporetto (ligne\u00a02) en direction de Piazzale Roma \u2013 Rialto) et descendre \u00e0 l&rsquo;arr\u00eat San Marcuola\/Casino\u2019. V\u00e9rifiez que vous vous trouvez bien dans le vaporetto de la ligne\u00a02 qui s&rsquo;arr\u00eate \u00e0 San Marcuola car tous ne s&rsquo;y arr\u00eatent pas selon le jour et l&rsquo;horaire.[\/vc_column_text][vc_raw_html]JTNDYSUyMGhyZWYlM0QlMjJqYXZhc2NyaXB0JTNBdGhpcy53aW5kb3cucHJpbnQlMjglMjklM0IlMjIlM0VJbXByZXNzaW9uJTNDJTJGYSUzRQ==[\/vc_raw_html][\/vc_column][\/vc_row]\n<\/div>","protected":false},"excerpt":{"rendered":"<p>[vc_row css=\u00a0\u00bb.vc_custom_1457457176111{padding: 20px !important;}\u00a0\u00bb][vc_column][vc_raw_html]JTNDaWZyYW1lJTIwc3JjJTNEJTIyJTJGd3AtY29udGVudCUyRnRoZW1lcyUyRm1vcmlob3RlbCUyRm1hcHBhLmh0bSUyMiUyMHdpZHRoJTNEJTIyMTAwJTI1JTIyJTIwaGVpZ2h0JTNEJTIyNTUwJTIyJTIwZnJhbWVib3JkZXIlM0QlMjIwJTIyJTNFJTNDJTJGaWZyYW1lJTNF[\/vc_raw_html][vc_column_text] Hotel Ai Mori d\u2019Oriente Fondamenta della Sensa Cannaregio 3319 30121 Venise (VE) Tel. +39 041 711001 En avion Depuis l&rsquo;a\u00e9roport Marco Polo de Venise (VCE), vous pouvez rejoindre le centre historique de la cit\u00e9 par la terre, avec un taxi ou un bus, ou par la mer avec un taxi fluvial [&hellip;]<\/p>\n","protected":false},"author":32,"featured_media":0,"parent":0,"menu_order":0,"comment_status":"closed","ping_status":"closed","template":"page_landing.php","meta":{"_genesis_hide_title":false,"_genesis_hide_breadcrumbs":false,"_genesis_hide_singular_image":false,"_genesis_hide_footer_widgets":false,"_genesis_custom_body_class":"comeraggiungerci","_genesis_custom_post_class":"","_genesis_layout":"","footnotes":""},"class_list":{"0":"post-2838","1":"page","2":"type-page","3":"status-publish","5":"entry"},"yoast_head":"<!-- This site is optimized with the Yoast SEO plugin v25.6 - https:\/\/yoast.com\/wordpress\/plugins\/seo\/ -->\n<title>Comment nous rejoindre - Hotel Ai Mori d&#039;Oriente<\/title>\n<meta name=\"description\" content=\"Comment nous rejoindre, Hotel Ai Mori d&#039;Oriente:\" \/>\n<meta name=\"robots\" content=\"index, follow, max-snippet:-1, max-image-preview:large, max-video-preview:-1\" \/>\n<link rel=\"canonical\" href=\"https:\/\/www.morihotel.com\/fr\/comment-nous-rejoindre\/\" \/>\n<meta property=\"og:locale\" content=\"fr_FR\" \/>\n<meta property=\"og:type\" content=\"article\" \/>\n<meta property=\"og:title\" content=\"Comment nous rejoindre - Hotel Ai Mori d&#039;Oriente\" \/>\n<meta property=\"og:description\" content=\"Comment nous rejoindre, Hotel Ai Mori d&#039;Oriente:\" \/>\n<meta property=\"og:url\" content=\"https:\/\/www.morihotel.com\/fr\/comment-nous-rejoindre\/\" \/>\n<meta property=\"og:site_name\" content=\"Hotel Ai Mori d&#039;Oriente\" \/>\n<meta property=\"article:modified_time\" content=\"2019-07-11T10:47:32+00:00\" \/>\n<meta name=\"twitter:label1\" content=\"Dur\u00e9e de lecture estim\u00e9e\" \/>\n\t<meta name=\"twitter:data1\" content=\"4 minutes\" \/>\n<script type=\"application\/ld+json\" class=\"yoast-schema-graph\">{\"@context\":\"https:\/\/schema.org\",\"@graph\":[{\"@type\":\"WebPage\",\"@id\":\"https:\/\/www.morihotel.com\/fr\/comment-nous-rejoindre\/\",\"url\":\"https:\/\/www.morihotel.com\/fr\/comment-nous-rejoindre\/\",\"name\":\"Comment nous rejoindre - Hotel Ai Mori d&#039;Oriente\",\"isPartOf\":{\"@id\":\"https:\/\/www.morihotel.com\/fr\/#website\"},\"datePublished\":\"2016-03-23T10:12:21+00:00\",\"dateModified\":\"2019-07-11T10:47:32+00:00\",\"description\":\"Comment nous rejoindre, Hotel Ai Mori d&#039;Oriente:\",\"breadcrumb\":{\"@id\":\"https:\/\/www.morihotel.com\/fr\/comment-nous-rejoindre\/#breadcrumb\"},\"inLanguage\":\"fr-FR\",\"potentialAction\":[{\"@type\":\"ReadAction\",\"target\":[\"https:\/\/www.morihotel.com\/fr\/comment-nous-rejoindre\/\"]}]},{\"@type\":\"BreadcrumbList\",\"@id\":\"https:\/\/www.morihotel.com\/fr\/comment-nous-rejoindre\/#breadcrumb\",\"itemListElement\":[{\"@type\":\"ListItem\",\"position\":1,\"name\":\"Home\",\"item\":\"https:\/\/www.morihotel.com\/fr\/\"},{\"@type\":\"ListItem\",\"position\":2,\"name\":\"Comment nous rejoindre\"}]},{\"@type\":\"WebSite\",\"@id\":\"https:\/\/www.morihotel.com\/fr\/#website\",\"url\":\"https:\/\/www.morihotel.com\/fr\/\",\"name\":\"Hotel Ai Mori d&#039;Oriente\",\"description\":\"\",\"potentialAction\":[{\"@type\":\"SearchAction\",\"target\":{\"@type\":\"EntryPoint\",\"urlTemplate\":\"https:\/\/www.morihotel.com\/fr\/?s={search_term_string}\"},\"query-input\":{\"@type\":\"PropertyValueSpecification\",\"valueRequired\":true,\"valueName\":\"search_term_string\"}}],\"inLanguage\":\"fr-FR\"}]}<\/script>\n<!-- \/ Yoast SEO plugin. -->","yoast_head_json":{"title":"Comment nous rejoindre - Hotel Ai Mori d&#039;Oriente","description":"Comment nous rejoindre, Hotel Ai Mori d&#039;Oriente:","robots":{"index":"index","follow":"follow","max-snippet":"max-snippet:-1","max-image-preview":"max-image-preview:large","max-video-preview":"max-video-preview:-1"},"canonical":"https:\/\/www.morihotel.com\/fr\/comment-nous-rejoindre\/","og_locale":"fr_FR","og_type":"article","og_title":"Comment nous rejoindre - Hotel Ai Mori d&#039;Oriente","og_description":"Comment nous rejoindre, Hotel Ai Mori d&#039;Oriente:","og_url":"https:\/\/www.morihotel.com\/fr\/comment-nous-rejoindre\/","og_site_name":"Hotel Ai Mori d&#039;Oriente","article_modified_time":"2019-07-11T10:47:32+00:00","twitter_misc":{"Dur\u00e9e de lecture estim\u00e9e":"4 minutes"},"schema":{"@context":"https:\/\/schema.org","@graph":[{"@type":"WebPage","@id":"https:\/\/www.morihotel.com\/fr\/comment-nous-rejoindre\/","url":"https:\/\/www.morihotel.com\/fr\/comment-nous-rejoindre\/","name":"Comment nous rejoindre - Hotel Ai Mori d&#039;Oriente","isPartOf":{"@id":"https:\/\/www.morihotel.com\/fr\/#website"},"datePublished":"2016-03-23T10:12:21+00:00","dateModified":"2019-07-11T10:47:32+00:00","description":"Comment nous rejoindre, Hotel Ai Mori d&#039;Oriente:","breadcrumb":{"@id":"https:\/\/www.morihotel.com\/fr\/comment-nous-rejoindre\/#breadcrumb"},"inLanguage":"fr-FR","potentialAction":[{"@type":"ReadAction","target":["https:\/\/www.morihotel.com\/fr\/comment-nous-rejoindre\/"]}]},{"@type":"BreadcrumbList","@id":"https:\/\/www.morihotel.com\/fr\/comment-nous-rejoindre\/#breadcrumb","itemListElement":[{"@type":"ListItem","position":1,"name":"Home","item":"https:\/\/www.morihotel.com\/fr\/"},{"@type":"ListItem","position":2,"name":"Comment nous rejoindre"}]},{"@type":"WebSite","@id":"https:\/\/www.morihotel.com\/fr\/#website","url":"https:\/\/www.morihotel.com\/fr\/","name":"Hotel Ai Mori d&#039;Oriente","description":"","potentialAction":[{"@type":"SearchAction","target":{"@type":"EntryPoint","urlTemplate":"https:\/\/www.morihotel.com\/fr\/?s={search_term_string}"},"query-input":{"@type":"PropertyValueSpecification","valueRequired":true,"valueName":"search_term_string"}}],"inLanguage":"fr-FR"}]}},"publishpress_future_action":{"enabled":false,"date":"2026-04-29 12:04:07","action":"change-status","newStatus":"draft","terms":[],"taxonomy":"translation_priority","extraData":[]},"publishpress_future_workflow_manual_trigger":{"enabledWorkflows":[]},"_links":{"self":[{"href":"https:\/\/www.morihotel.com\/fr\/wp-json\/wp\/v2\/pages\/2838","targetHints":{"allow":["GET"]}}],"collection":[{"href":"https:\/\/www.morihotel.com\/fr\/wp-json\/wp\/v2\/pages"}],"about":[{"href":"https:\/\/www.morihotel.com\/fr\/wp-json\/wp\/v2\/types\/page"}],"author":[{"embeddable":true,"href":"https:\/\/www.morihotel.com\/fr\/wp-json\/wp\/v2\/users\/32"}],"replies":[{"embeddable":true,"href":"https:\/\/www.morihotel.com\/fr\/wp-json\/wp\/v2\/comments?post=2838"}],"version-history":[{"count":2,"href":"https:\/\/www.morihotel.com\/fr\/wp-json\/wp\/v2\/pages\/2838\/revisions"}],"predecessor-version":[{"id":29229,"href":"https:\/\/www.morihotel.com\/fr\/wp-json\/wp\/v2\/pages\/2838\/revisions\/29229"}],"wp:attachment":[{"href":"https:\/\/www.morihotel.com\/fr\/wp-json\/wp\/v2\/media?parent=2838"}],"curies":[{"name":"wp","href":"https:\/\/api.w.org\/{rel}","templated":true}]}}