{"id":2818,"date":"2016-03-03T10:50:50","date_gmt":"2016-03-03T10:50:50","guid":{"rendered":"https:\/\/www.morihotel.com\/fr\/descrizione\/"},"modified":"2021-04-01T17:52:01","modified_gmt":"2021-04-01T15:52:01","slug":"description","status":"publish","type":"page","link":"https:\/\/www.morihotel.com\/fr\/description\/","title":{"rendered":"Description"},"content":{"rendered":"<div class=\"wpb-content-wrapper\">[vc_row el_class=\u00a0\u00bbwrap box_top\u00a0\u00bb][vc_column][vc_column_text el_class=\u00a0\u00bbbox_bottom\u00a0\u00bb]\n<div class=\"txt-interno\">\n<h4>Description<\/h4>\n<p><img decoding=\"async\" src=\"\/wp-content\/uploads\/2013\/09\/decorazione.png\" alt=\"\" \/><br \/>\nPour vivre <strong>Venise<\/strong> dans des chambres suggestives et confortables et pour se consacrer \u00e0 des moments sp\u00e9ciaux, comme des <strong>anniversaires<\/strong>, des voyages de noces ou des <strong>weekends romantiques<\/strong>, l\u2019<strong>H\u00f4tel Ai Mori d\u2019Oriente<\/strong>\u00a04 \u00e9toiles a un charme irr\u00e9sistible.<\/p>\n<p>Le palais du XVe si\u00e8cle qui abrite l&rsquo;h\u00f4tel et qui donne sur le <strong>Canal della Sensa<\/strong>, a \u00e9t\u00e9 le si\u00e8ge des Maures, des commer\u00e7ants turcs en soie et en \u00e9pices du temps de la S\u00e9r\u00e9nissime. Cette p\u00e9riode d&rsquo;\u00e9changes florissante est rappel\u00e9e dans les chambres de l&rsquo;h\u00f4tel, o\u00f9 des ornements sophistiqu\u00e9s conf\u00e8rent au lieu une atmosph\u00e8re de <strong>charme<\/strong> s\u00e9duisante.<\/p>\n<p>L&rsquo;\u00e9quipement tout <strong>confort<\/strong> comprend le <strong>Wi-Fi<\/strong>, la climatisation r\u00e9glable de fa\u00e7on individuelle et un ascenseur pour acc\u00e9der \u00e0 l&rsquo;\u00e9tage nobiliaire. Devant l&rsquo;h\u00f4tel, vous trouverez un d\u00e9licieux <strong>recoin ext\u00e9rieur<\/strong> donnant sur le canal, parfait pour se d\u00e9tendre avec un livre ou pour prendre un ap\u00e9ritif ou un cocktail servi par l&rsquo;<strong>Oasi d&rsquo;Oriente<\/strong>, le bar am\u00e9ricain de l&rsquo;h\u00f4tel.<\/p>\n<p>\u00c0 l&rsquo;\u00e9tage nobiliaire du palais, caract\u00e9ris\u00e9 par des sols originaux en \u00ab\u00a0<em>carrelage v\u00e9nitien<\/em>\u00a0\u00bb, vous pourrez acc\u00e9der \u00e0 une <strong>petite salle de lecture<\/strong> tr\u00e8s agr\u00e9able.<\/p>\n<\/div>\n[\/vc_column_text][\/vc_column][\/vc_row][vc_row][vc_column][vc_empty_space][\/vc_column][\/vc_row][vc_row equal_height=\u00a0\u00bbyes\u00a0\u00bb content_placement=\u00a0\u00bbmiddle\u00a0\u00bb el_class=\u00a0\u00bbwrap\u00a0\u00bb][vc_column width=\u00a0\u00bb1\/2&Prime;][vc_column_text]\n<div class=\"liste\">\n<dl>\n<dt><\/dt>\n<dt>Description<\/dt>\n<dd>\u2022 Hall<\/dd>\n<dd>\u2022 R\u00e9ception<\/dd>\n<dd>\u2022 Petite salle Internet<\/dd>\n<dd>\u2022 Petite salle de lecture<\/dd>\n<dd>\u2022 Snack-bar am\u00e9ricain \u00ab\u00a0Oasi d&rsquo;Oriente\u00a0\u00bb<\/dd>\n<dd>\u2022 Ext\u00e9rieur donnant sur le canal<\/dd>\n<dd>\u2022 Salle de r\u00e9union (20 places)<\/dd>\n<\/dl>\n<\/div>\n[\/vc_column_text][\/vc_column][vc_column width=\u00a0\u00bb1\/2&Prime;]<div class=\"ult-ih-container ult-adjust-bottom-margin  \" >\t<ul class=\"ult-ih-list \"  data-shape=\"circle\"  data-width=\"300\"  data-height=\"300\"  data-res_width=\"250\"  data-res_height=\"250\"  style=\"text-align:right; \"><li id=\"ult-ih-list-item-4095\" class=\"ult-ih-list-item\" style=\"height: 300px; width: 300px;  margin: 15px\"><a class=\"ult-ih-link\" href=\"https:\/\/www.morihotel.com\/fr\/services\/\" target=\"\"  title=\"\" ><div style=\"height: 300px; width: 300px; \" class=\"ult-ih-item ult-ih-effect17    \"><div class=\"ult-ih-image-block\" style=\"height: 300px; width: 300px; \">\t<div class=\"ult-ih-wrapper\" style=\"border-style: solid; border-color: rgba(255,255,255,0.2); border-width: 20px;\"><\/div>\t<img decoding=\"async\" class=\"ult-ih-image\" src=\"https:\/\/www.morihotel.com\/wp-content\/uploads\/2016\/03\/DETTAGLIO-MASCHERA-LIBRO-1.jpg\" alt=\"null\"><\/div><div class=\"ult-ih-info\" style=\"background-color: rgba(0,0,0,0.75); \">\t<div class=\"ult-ih-info-back\">\t<div class=\"ult-ih-content\">\t\t\t<div class=\"ult-ih-heading-block\" style=\"\">\t\t\t\t<h3 class=\"ult-ih-heading ult-responsive\" style=\"color:#ffffff;\"  data-ultimate-target='#ult-ih-list-item-4095 .ult-ih-heading'  data-responsive-json-new='{\"font-size\":\"desktop:22px;\",\"line-height\":\"desktop:28px;\"}' >Services<\/h3>\t\t\t<\/div>\t\t\t<div class=\"ult-ih-divider-block\" style=\"height:1px;\">\t\t\t\t<span class=\"ult-ih-line\" style=\"border-style:solid;border-color:rgba(255,255,255,0.75);width:100px;border-width:1px;\"><\/span>\t\t\t<\/div>\t\t\t<div class=\"ult-ih-description-block\" style=\"\">\t\t\t\t<div class=\"ult-ih-description ult-responsive\" style=\"color:#bbbbbb;\"  data-ultimate-target='#ult-ih-list-item-4095 .ult-ih-description, #ult-ih-list-item-4095 .ult-ih-description p'  data-responsive-json-new='{\"font-size\":\"desktop:12px;\",\"line-height\":\"desktop:18px;\"}' >\t\t\t\t<\/div>\t\t\t<\/div>\t<\/div>\t<\/div><\/div><\/div><\/a><\/li>\t<\/ul><\/div>[\/vc_column][\/vc_row][vc_row][vc_column][vc_empty_space height=\u00a0\u00bb60px\u00a0\u00bb][\/vc_column][\/vc_row][vc_row full_width=\u00a0\u00bbstretch_row_content_no_spaces\u00a0\u00bb equal_height=\u00a0\u00bbyes\u00a0\u00bb content_placement=\u00a0\u00bbmiddle\u00a0\u00bb parallax_content=\u00a0\u00bbparallax_content_value\u00a0\u00bb el_class=\u00a0\u00bbbox-home-both\u00a0\u00bb][vc_column width=\u00a0\u00bb1\/2&Prime; css=\u00a0\u00bb.vc_custom_1457090284893{background-image: url(https:\/\/www.morihotel.com\/wp-content\/uploads\/2013\/09\/box-1.jpg?id=1441) !important;background-position: center !important;background-repeat: no-repeat !important;background-size: cover !important;}\u00a0\u00bb][vc_row_inner el_class=\u00a0\u00bbbox-home-nero\u00a0\u00bb][vc_column_inner][vc_empty_space height=\u00a0\u00bb90px\u00a0\u00bb][vc_column_text css_animation=\u00a0\u00bbappear\u00a0\u00bb]\n<h2>vivre Venise dans<br \/>\ndes chambres suggestives<\/h2>\n[\/vc_column_text][vc_single_image image=\u00a0\u00bb1430&Prime; img_size=\u00a0\u00bbfull\u00a0\u00bb alignment=\u00a0\u00bbcenter\u00a0\u00bb css_animation=\u00a0\u00bbappear\u00a0\u00bb][vc_btn title=\u00a0\u00bbGalerie de photos\u00a0\u00bb style=\u00a0\u00bboutline\u00a0\u00bb shape=\u00a0\u00bbsquare\u00a0\u00bb color=\u00a0\u00bbwhite\u00a0\u00bb size=\u00a0\u00bblg\u00a0\u00bb align=\u00a0\u00bbcenter\u00a0\u00bb css_animation=\u00a0\u00bbappear\u00a0\u00bb link=\u00a0\u00bburl:https%3A%2F%2Fwww.morihotel.com%2Ffr%2Fgalerie-de-photos%2F||\u00a0\u00bb][vc_empty_space height=\u00a0\u00bb90px\u00a0\u00bb][\/vc_column_inner][\/vc_row_inner][\/vc_column][vc_column width=\u00a0\u00bb1\/2&Prime; css=\u00a0\u00bb.vc_custom_1457090300035{background-image: url(https:\/\/www.morihotel.com\/wp-content\/uploads\/2013\/09\/box-2.jpg?id=1448) !important;background-position: center !important;background-repeat: no-repeat !important;background-size: cover !important;}\u00a0\u00bb][vc_row_inner el_class=\u00a0\u00bbbox-home-bianco\u00a0\u00bb][vc_column_inner][vc_empty_space height=\u00a0\u00bb90px\u00a0\u00bb][vc_column_text css_animation=\u00a0\u00bbappear\u00a0\u00bb]\n<h2>un refuge<br \/>\nromantique et unique<\/h2>\n[\/vc_column_text][vc_single_image image=\u00a0\u00bb1430&Prime; img_size=\u00a0\u00bbfull\u00a0\u00bb alignment=\u00a0\u00bbcenter\u00a0\u00bb css_animation=\u00a0\u00bbappear\u00a0\u00bb][vc_btn title=\u00a0\u00bbChambres\u00a0\u00bb style=\u00a0\u00bboutline\u00a0\u00bb shape=\u00a0\u00bbsquare\u00a0\u00bb color=\u00a0\u00bbwhite\u00a0\u00bb size=\u00a0\u00bblg\u00a0\u00bb align=\u00a0\u00bbcenter\u00a0\u00bb css_animation=\u00a0\u00bbappear\u00a0\u00bb link=\u00a0\u00bburl:https%3A%2F%2Fwww.morihotel.com%2Ffr%2Fchambres%2F||\u00a0\u00bb][vc_empty_space height=\u00a0\u00bb90px\u00a0\u00bb][\/vc_column_inner][\/vc_row_inner][\/vc_column][\/vc_row][vc_row el_class=\u00a0\u00bbwrap box_top\u00a0\u00bb][vc_column][vc_column_text el_class=\u00a0\u00bbbox_bottom\u00a0\u00bb]\n<div id=\"box-offerte\">\n<h2>Offres Sp\u00e9ciales<\/h2>\n<p><img decoding=\"async\" src=\"\/wp-content\/uploads\/2013\/09\/decorazione.png\" alt=\"\" \/><br \/>\n<div class=\"gallery-view\"><div class=\"offer-package-4\"><div style=\"position:relative; margin-left:auto; margin-right:auto; overflow:hidden; width:px;\"><a href=\"https:\/\/www.morihotel.com\/fr\/offers\/offre-fidele-toutou\/\"><img loading=\"lazy\" decoding=\"async\" width=\"210\" height=\"210\" src=\"https:\/\/www.morihotel.com\/wp-content\/uploads\/2022\/08\/SCRAPPY-MORI-210x210.jpg\" class=\"size-thumbnail\" alt=\"\" srcset=\"https:\/\/www.morihotel.com\/wp-content\/uploads\/2022\/08\/SCRAPPY-MORI-210x210.jpg 210w, https:\/\/www.morihotel.com\/wp-content\/uploads\/2022\/08\/SCRAPPY-MORI-150x150.jpg 150w, https:\/\/www.morihotel.com\/wp-content\/uploads\/2022\/08\/SCRAPPY-MORI-32x32.jpg 32w, https:\/\/www.morihotel.com\/wp-content\/uploads\/2022\/08\/SCRAPPY-MORI-128x128.jpg 128w, https:\/\/www.morihotel.com\/wp-content\/uploads\/2022\/08\/SCRAPPY-MORI-268x268.jpg 268w, https:\/\/www.morihotel.com\/wp-content\/uploads\/2022\/08\/SCRAPPY-MORI-500x500.jpg 500w, https:\/\/www.morihotel.com\/wp-content\/uploads\/2022\/08\/SCRAPPY-MORI-930x930.jpg 930w\" sizes=\"auto, (max-width: 210px) 100vw, 210px\" \/><\/a><div class=\"background-offer-gallery\"><img decoding=\"async\" src=\"https:\/\/www.morihotel.com\/wp-content\/uploads\/2013\/09\/bkg-white704.png\" \/>   <div class=\"highlight-text-gallery\"><a href=\"https:\/\/www.morihotel.com\/fr\/offers\/offre-fidele-toutou\/\">Package<\/a><\/div><\/div><div class=\"background-tag-gallery\">\n                            <img decoding=\"async\" src=\"https:\/\/www.morihotel.com\/wp-content\/uploads\/2013\/09\/package_icon.png\"><\/div><\/div><div class=\"original-price\"><\/div><div class=\"reducted-price\"><\/div><div class=\"clear\"><\/div><div class=\"offer_title\"><a href=\"https:\/\/www.morihotel.com\/fr\/offers\/offre-fidele-toutou\/\">Offre Fid\u00e8le Toutou<\/a><\/div><div class=\"package-gallery\"><div><\/div><div><\/div><div><\/div><div><\/div><\/div><\/div><div class=\"offer-package-4\"><div style=\"position:relative; margin-left:auto; margin-right:auto; overflow:hidden; width:px;\"><a href=\"https:\/\/www.morihotel.com\/fr\/offers\/romantic-venice\/\"><img loading=\"lazy\" decoding=\"async\" width=\"210\" height=\"210\" src=\"https:\/\/www.morihotel.com\/wp-content\/uploads\/2018\/01\/ROM-VCE-324-210x210.jpg\" class=\"size-thumbnail\" alt=\"\" srcset=\"https:\/\/www.morihotel.com\/wp-content\/uploads\/2018\/01\/ROM-VCE-324-210x210.jpg 210w, https:\/\/www.morihotel.com\/wp-content\/uploads\/2018\/01\/ROM-VCE-324-150x150.jpg 150w, https:\/\/www.morihotel.com\/wp-content\/uploads\/2018\/01\/ROM-VCE-324-32x32.jpg 32w, https:\/\/www.morihotel.com\/wp-content\/uploads\/2018\/01\/ROM-VCE-324-128x128.jpg 128w, https:\/\/www.morihotel.com\/wp-content\/uploads\/2018\/01\/ROM-VCE-324-268x268.jpg 268w, https:\/\/www.morihotel.com\/wp-content\/uploads\/2018\/01\/ROM-VCE-324-500x500.jpg 500w, https:\/\/www.morihotel.com\/wp-content\/uploads\/2018\/01\/ROM-VCE-324-930x930.jpg 930w\" sizes=\"auto, (max-width: 210px) 100vw, 210px\" \/><\/a><div class=\"background-offer-gallery\"><img decoding=\"async\" src=\"https:\/\/www.morihotel.com\/wp-content\/uploads\/2013\/09\/bkg-white704.png\" \/>   <div class=\"highlight-text-gallery\"><a href=\"https:\/\/www.morihotel.com\/fr\/offers\/romantic-venice\/\">Package<\/a><\/div><\/div><div class=\"background-tag-gallery\">\n                            <img decoding=\"async\" src=\"https:\/\/www.morihotel.com\/wp-content\/uploads\/2013\/09\/package_icon.png\"><\/div><\/div><div class=\"original-price\"><\/div><div class=\"reducted-price\"><\/div><div class=\"clear\"><\/div><div class=\"offer_title\"><a href=\"https:\/\/www.morihotel.com\/fr\/offers\/romantic-venice\/\">Venise Romantique<\/a><\/div><div class=\"package-gallery\"><div><\/div><div><\/div><div><\/div><div><\/div><\/div><\/div><div class=\"offer-package-4\"><div style=\"position:relative; margin-left:auto; margin-right:auto; overflow:hidden; width:px;\"><a href=\"https:\/\/www.morihotel.com\/fr\/offers\/book-your-box-at-the-fenice-opera-house\/\"><img loading=\"lazy\" decoding=\"async\" width=\"210\" height=\"210\" src=\"https:\/\/www.morihotel.com\/wp-content\/uploads\/2016\/03\/opera-974148-210x210.jpg\" class=\"size-thumbnail\" alt=\"\" srcset=\"https:\/\/www.morihotel.com\/wp-content\/uploads\/2016\/03\/opera-974148-210x210.jpg 210w, https:\/\/www.morihotel.com\/wp-content\/uploads\/2016\/03\/opera-974148-150x150.jpg 150w, https:\/\/www.morihotel.com\/wp-content\/uploads\/2016\/03\/opera-974148-32x32.jpg 32w, https:\/\/www.morihotel.com\/wp-content\/uploads\/2016\/03\/opera-974148-128x128.jpg 128w, https:\/\/www.morihotel.com\/wp-content\/uploads\/2016\/03\/opera-974148-268x268.jpg 268w, https:\/\/www.morihotel.com\/wp-content\/uploads\/2016\/03\/opera-974148-500x500.jpg 500w, https:\/\/www.morihotel.com\/wp-content\/uploads\/2016\/03\/opera-974148-930x930.jpg 930w\" sizes=\"auto, (max-width: 210px) 100vw, 210px\" \/><\/a><div class=\"background-offer-gallery\"><img decoding=\"async\" src=\"https:\/\/www.morihotel.com\/wp-content\/uploads\/2013\/09\/bkg-white704.png\" \/>   <div class=\"highlight-text-gallery\"><a href=\"https:\/\/www.morihotel.com\/fr\/offers\/book-your-box-at-the-fenice-opera-house\/\">Package<\/a><\/div><\/div><div class=\"background-tag-gallery\">\n                            <img decoding=\"async\" src=\"https:\/\/www.morihotel.com\/wp-content\/uploads\/2013\/09\/package_icon.png\"><\/div><\/div><div class=\"original-price\"><\/div><div class=\"reducted-price\"><\/div><div class=\"clear\"><\/div><div class=\"offer_title\"><a href=\"https:\/\/www.morihotel.com\/fr\/offers\/book-your-box-at-the-fenice-opera-house\/\">Une soir\u00e9e \u00e0 la Premi\u00e8re au Theatre Fenice 2025-2026<\/a><\/div><div class=\"package-gallery\"><div><\/div><div>jusqu'au 31 Octobre 2026<\/div><div><\/div><div><\/div><\/div><\/div><\/div>\n<h5><a href=\"https:\/\/www.morihotel.com\/fr\/offres-speciales\/\">Voir la liste compl\u00e8te<\/a><\/h5>\n<\/div>\n[\/vc_column_text][\/vc_column][\/vc_row]\n<\/div>","protected":false},"excerpt":{"rendered":"<p>[vc_row el_class=\u00a0\u00bbwrap box_top\u00a0\u00bb][vc_column][vc_column_text el_class=\u00a0\u00bbbox_bottom\u00a0\u00bb] Description Pour vivre Venise dans des chambres suggestives et confortables et pour se consacrer \u00e0 des moments sp\u00e9ciaux, comme des anniversaires, des voyages de noces ou des weekends romantiques, l\u2019H\u00f4tel Ai Mori d\u2019Oriente\u00a04 \u00e9toiles a un charme irr\u00e9sistible. Le palais du XVe si\u00e8cle qui abrite l&rsquo;h\u00f4tel et qui donne sur le [&hellip;]<\/p>\n","protected":false},"author":32,"featured_media":0,"parent":0,"menu_order":0,"comment_status":"closed","ping_status":"closed","template":"","meta":{"_genesis_hide_title":false,"_genesis_hide_breadcrumbs":false,"_genesis_hide_singular_image":false,"_genesis_hide_footer_widgets":false,"_genesis_custom_body_class":"","_genesis_custom_post_class":"","_genesis_layout":"","footnotes":""},"class_list":{"0":"post-2818","1":"page","2":"type-page","3":"status-publish","5":"entry"},"yoast_head":"<!-- This site is optimized with the Yoast SEO plugin v25.6 - https:\/\/yoast.com\/wordpress\/plugins\/seo\/ -->\n<title>H\u00f4tel de charme Venise | H\u00f4tel \u00e0 Venise pour voyages de noces<\/title>\n<meta name=\"description\" content=\"Pour vivre Venise dans des chambres suggestives et confortables et pour se consacrer \u00e0 des moments sp\u00e9ciaux, comme des anniversaires, des voyages de noces ou des weekends romantiques.\" \/>\n<meta name=\"robots\" content=\"index, follow, max-snippet:-1, max-image-preview:large, max-video-preview:-1\" \/>\n<link rel=\"canonical\" href=\"https:\/\/www.morihotel.com\/fr\/description\/\" \/>\n<meta property=\"og:locale\" content=\"fr_FR\" \/>\n<meta property=\"og:type\" content=\"article\" \/>\n<meta property=\"og:title\" content=\"H\u00f4tel de charme Venise | H\u00f4tel \u00e0 Venise pour voyages de noces\" \/>\n<meta property=\"og:description\" content=\"Pour vivre Venise dans des chambres suggestives et confortables et pour se consacrer \u00e0 des moments sp\u00e9ciaux, comme des anniversaires, des voyages de noces ou des weekends romantiques.\" \/>\n<meta property=\"og:url\" content=\"https:\/\/www.morihotel.com\/fr\/description\/\" \/>\n<meta property=\"og:site_name\" content=\"Hotel Ai Mori d&#039;Oriente\" \/>\n<meta property=\"article:modified_time\" content=\"2021-04-01T15:52:01+00:00\" \/>\n<meta name=\"twitter:label1\" content=\"Dur\u00e9e de lecture estim\u00e9e\" \/>\n\t<meta name=\"twitter:data1\" content=\"3 minutes\" \/>\n<script type=\"application\/ld+json\" class=\"yoast-schema-graph\">{\"@context\":\"https:\/\/schema.org\",\"@graph\":[{\"@type\":\"WebPage\",\"@id\":\"https:\/\/www.morihotel.com\/fr\/description\/\",\"url\":\"https:\/\/www.morihotel.com\/fr\/description\/\",\"name\":\"H\u00f4tel de charme Venise | H\u00f4tel \u00e0 Venise pour voyages de noces\",\"isPartOf\":{\"@id\":\"https:\/\/www.morihotel.com\/fr\/#website\"},\"datePublished\":\"2016-03-03T10:50:50+00:00\",\"dateModified\":\"2021-04-01T15:52:01+00:00\",\"description\":\"Pour vivre Venise dans des chambres suggestives et confortables et pour se consacrer \u00e0 des moments sp\u00e9ciaux, comme des anniversaires, des voyages de noces ou des weekends romantiques.\",\"breadcrumb\":{\"@id\":\"https:\/\/www.morihotel.com\/fr\/description\/#breadcrumb\"},\"inLanguage\":\"fr-FR\",\"potentialAction\":[{\"@type\":\"ReadAction\",\"target\":[\"https:\/\/www.morihotel.com\/fr\/description\/\"]}]},{\"@type\":\"BreadcrumbList\",\"@id\":\"https:\/\/www.morihotel.com\/fr\/description\/#breadcrumb\",\"itemListElement\":[{\"@type\":\"ListItem\",\"position\":1,\"name\":\"Home\",\"item\":\"https:\/\/www.morihotel.com\/fr\/\"},{\"@type\":\"ListItem\",\"position\":2,\"name\":\"Description\"}]},{\"@type\":\"WebSite\",\"@id\":\"https:\/\/www.morihotel.com\/fr\/#website\",\"url\":\"https:\/\/www.morihotel.com\/fr\/\",\"name\":\"Hotel Ai Mori d&#039;Oriente\",\"description\":\"\",\"potentialAction\":[{\"@type\":\"SearchAction\",\"target\":{\"@type\":\"EntryPoint\",\"urlTemplate\":\"https:\/\/www.morihotel.com\/fr\/?s={search_term_string}\"},\"query-input\":{\"@type\":\"PropertyValueSpecification\",\"valueRequired\":true,\"valueName\":\"search_term_string\"}}],\"inLanguage\":\"fr-FR\"}]}<\/script>\n<!-- \/ Yoast SEO plugin. -->","yoast_head_json":{"title":"H\u00f4tel de charme Venise | H\u00f4tel \u00e0 Venise pour voyages de noces","description":"Pour vivre Venise dans des chambres suggestives et confortables et pour se consacrer \u00e0 des moments sp\u00e9ciaux, comme des anniversaires, des voyages de noces ou des weekends romantiques.","robots":{"index":"index","follow":"follow","max-snippet":"max-snippet:-1","max-image-preview":"max-image-preview:large","max-video-preview":"max-video-preview:-1"},"canonical":"https:\/\/www.morihotel.com\/fr\/description\/","og_locale":"fr_FR","og_type":"article","og_title":"H\u00f4tel de charme Venise | H\u00f4tel \u00e0 Venise pour voyages de noces","og_description":"Pour vivre Venise dans des chambres suggestives et confortables et pour se consacrer \u00e0 des moments sp\u00e9ciaux, comme des anniversaires, des voyages de noces ou des weekends romantiques.","og_url":"https:\/\/www.morihotel.com\/fr\/description\/","og_site_name":"Hotel Ai Mori d&#039;Oriente","article_modified_time":"2021-04-01T15:52:01+00:00","twitter_misc":{"Dur\u00e9e de lecture estim\u00e9e":"3 minutes"},"schema":{"@context":"https:\/\/schema.org","@graph":[{"@type":"WebPage","@id":"https:\/\/www.morihotel.com\/fr\/description\/","url":"https:\/\/www.morihotel.com\/fr\/description\/","name":"H\u00f4tel de charme Venise | H\u00f4tel \u00e0 Venise pour voyages de noces","isPartOf":{"@id":"https:\/\/www.morihotel.com\/fr\/#website"},"datePublished":"2016-03-03T10:50:50+00:00","dateModified":"2021-04-01T15:52:01+00:00","description":"Pour vivre Venise dans des chambres suggestives et confortables et pour se consacrer \u00e0 des moments sp\u00e9ciaux, comme des anniversaires, des voyages de noces ou des weekends romantiques.","breadcrumb":{"@id":"https:\/\/www.morihotel.com\/fr\/description\/#breadcrumb"},"inLanguage":"fr-FR","potentialAction":[{"@type":"ReadAction","target":["https:\/\/www.morihotel.com\/fr\/description\/"]}]},{"@type":"BreadcrumbList","@id":"https:\/\/www.morihotel.com\/fr\/description\/#breadcrumb","itemListElement":[{"@type":"ListItem","position":1,"name":"Home","item":"https:\/\/www.morihotel.com\/fr\/"},{"@type":"ListItem","position":2,"name":"Description"}]},{"@type":"WebSite","@id":"https:\/\/www.morihotel.com\/fr\/#website","url":"https:\/\/www.morihotel.com\/fr\/","name":"Hotel Ai Mori d&#039;Oriente","description":"","potentialAction":[{"@type":"SearchAction","target":{"@type":"EntryPoint","urlTemplate":"https:\/\/www.morihotel.com\/fr\/?s={search_term_string}"},"query-input":{"@type":"PropertyValueSpecification","valueRequired":true,"valueName":"search_term_string"}}],"inLanguage":"fr-FR"}]}},"publishpress_future_action":{"enabled":false,"date":"2026-04-25 03:49:51","action":"change-status","newStatus":"draft","terms":[],"taxonomy":"translation_priority","extraData":[]},"publishpress_future_workflow_manual_trigger":{"enabledWorkflows":[]},"_links":{"self":[{"href":"https:\/\/www.morihotel.com\/fr\/wp-json\/wp\/v2\/pages\/2818","targetHints":{"allow":["GET"]}}],"collection":[{"href":"https:\/\/www.morihotel.com\/fr\/wp-json\/wp\/v2\/pages"}],"about":[{"href":"https:\/\/www.morihotel.com\/fr\/wp-json\/wp\/v2\/types\/page"}],"author":[{"embeddable":true,"href":"https:\/\/www.morihotel.com\/fr\/wp-json\/wp\/v2\/users\/32"}],"replies":[{"embeddable":true,"href":"https:\/\/www.morihotel.com\/fr\/wp-json\/wp\/v2\/comments?post=2818"}],"version-history":[{"count":5,"href":"https:\/\/www.morihotel.com\/fr\/wp-json\/wp\/v2\/pages\/2818\/revisions"}],"predecessor-version":[{"id":51413,"href":"https:\/\/www.morihotel.com\/fr\/wp-json\/wp\/v2\/pages\/2818\/revisions\/51413"}],"wp:attachment":[{"href":"https:\/\/www.morihotel.com\/fr\/wp-json\/wp\/v2\/media?parent=2818"}],"curies":[{"name":"wp","href":"https:\/\/api.w.org\/{rel}","templated":true}]}}