{"id":2778,"date":"2016-03-22T16:39:23","date_gmt":"2016-03-22T16:39:23","guid":{"rendered":"https:\/\/www.morihotel.com\/fr\/?page_id=2778"},"modified":"2024-02-28T13:32:00","modified_gmt":"2024-02-28T11:32:00","slug":"services","status":"publish","type":"page","link":"https:\/\/www.morihotel.com\/fr\/services\/","title":{"rendered":"Services"},"content":{"rendered":"<div class=\"wpb-content-wrapper\">[vc_row el_class=\u00a0\u00bbwrap box_top\u00a0\u00bb][vc_column][vc_column_text el_class=\u00a0\u00bbbox_bottom\u00a0\u00bb]\n<div class=\"txt-interno\">\n<h4>Services<\/h4>\n<p><img decoding=\"async\" src=\"\/wp-content\/uploads\/2013\/09\/decorazione.png\" alt=\"\" \/><br \/>\nLes ambiances de grand standing, qui vous accueilleront avec chaleur et confort, feront de votre s\u00e9jour \u00e0 l&rsquo;<strong>H\u00f4tel Ai Mori d\u2019Oriente<\/strong> de Venise une exp\u00e9rience inoubliable.<\/p>\n<p>Outre sa superbe <strong>salle \u00e0 manger<\/strong>, notre h\u00f4tel est dot\u00e9 d&rsquo;un <strong>recoin ext\u00e9rieur<\/strong> avec vue sur le canal, un endroit agr\u00e9able pour se d\u00e9tendre en d\u00e9gustant un ap\u00e9ritif offert par le service du <strong>bar<\/strong>.<\/p>\n<p>Les pi\u00e8ces communes de l&rsquo;h\u00f4tel sont \u00e9quip\u00e9es de l&rsquo;Internet <strong>Wi-Fi<\/strong>. De plus, pour garantir l&rsquo;accessibilit\u00e9 \u00e0 tous, un <strong>ascenseur<\/strong> (g\u00e9n\u00e9ralement inhabituel dans les h\u00f4tels v\u00e9nitiens) a \u00e9t\u00e9 install\u00e9.<\/p>\n<\/div>\n[\/vc_column_text][\/vc_column][\/vc_row][vc_row][vc_column][vc_empty_space][\/vc_column][\/vc_row][vc_row full_width=\u00a0\u00bbstretch_row_content_no_spaces\u00a0\u00bb full_height=\u00a0\u00bbyes\u00a0\u00bb equal_height=\u00a0\u00bbyes\u00a0\u00bb content_placement=\u00a0\u00bbmiddle\u00a0\u00bb parallax=\u00a0\u00bbcontent-moving\u00a0\u00bb bg_type=\u00a0\u00bbimage\u00a0\u00bb parallax_style=\u00a0\u00bbvcpb-default\u00a0\u00bb bg_image_new=\u00a0\u00bbid^1517|url^https:\/\/www.morihotel.com\/wp-content\/uploads\/2016\/03\/bg_offerte.jpg|caption^null|alt^null|title^bg_offerte|description^null\u00a0\u00bb bg_img_attach=\u00a0\u00bbfixed\u00a0\u00bb][vc_column css=\u00a0\u00bb.vc_custom_1457444526722{background-position: center !important;background-repeat: no-repeat !important;background-size: cover !important;}\u00a0\u00bb][vc_row_inner el_class=\u00a0\u00bbwrap\u00a0\u00bb][vc_column_inner width=\u00a0\u00bb1\/2&Prime;][\/vc_column_inner][vc_column_inner width=\u00a0\u00bb1\/2&Prime; css=\u00a0\u00bb.vc_custom_1457529747794{padding-right: 20px !important;padding-bottom: 20px !important;padding-left: 20px !important;background-color: rgba(255,255,255,0.7) !important;*background-color: rgb(255,255,255) !important;}\u00a0\u00bb][vc_column_text]\n<h3>Services<\/h3>\n<p>\u2022 Accessibilit\u00e9 pour les personnes \u00e0 mobilit\u00e9 r\u00e9duite<br \/>\n\u2022 Ascenseur<br \/>\n\u2022 Concierge<br \/>\n\u2022 Bagagiste<br \/>\n\u2022 Consigne \u00e0 bagages<br \/>\n\u2022 Portier de nuit<br \/>\n\u2022 Wi-Fi Haut D\u00e9bit<br \/>\n\u2022 Service de t\u00e9l\u00e9copie*<br \/>\n\u2022 Transfert depuis\/vers l&rsquo;a\u00e9roport\/la gare*<br \/>\n\u2022 Informations touristiques, r\u00e9servation d&rsquo;excursions\/de visites guid\u00e9es, location de voitures<br \/>\n\u2022 Coffre-fort<br \/>\n\u2022 Service de limousine*<br \/>\n\u2022 Service de blanchisserie\/pressing*<br \/>\n\u2022 Snack-bar am\u00e9ricain<br \/>\n\u2022 Service de baby-sitting*<\/p>\n<p>\u2022 *Payant[\/vc_column_text][\/vc_column_inner][\/vc_row_inner][\/vc_column][\/vc_row][vc_row][vc_column][vc_empty_space][\/vc_column][\/vc_row][vc_row equal_height=\u00a0\u00bbyes\u00a0\u00bb content_placement=\u00a0\u00bbmiddle\u00a0\u00bb el_class=\u00a0\u00bbwrap\u00a0\u00bb][vc_column width=\u00a0\u00bb1\/3&Prime;][vc_column_text]\n<blockquote>\n<h3><em>H\u00f4tel magnifique<\/em><\/h3>\n<p><em>J&rsquo;ai pass\u00e9e 5 jours dans cet h\u00f4tel.<br \/>\nTout y \u00e9tait parfait. La chambre tout simplement magnifique ainsi que la salle de bain, rien n&rsquo;y manqu\u00e9.<br \/>\nJ&rsquo;ai particuli\u00e8rement appr\u00e9ci\u00e9 que la chambre soit pr\u00e9par\u00e9e le soir.<br \/>\nConcernant le petit d\u00e9jeuner : d\u00e9licieux, parfait tout \u00e9tait particuli\u00e8rement bon.<br \/>\nPour le personnel milles remerciements pour leur aide et leur gentillesse.<br \/>\nJe recommande cet h\u00f4tel a tout personne voulant visiter Venise car il est tr\u00e8s bien situ\u00e9 et non loin du ce tre sans avoir les inconv\u00e9nients de la foule.<\/em><\/p>\n<p><em>5\/5 TripAdvisor Traveller<\/em><\/p><\/blockquote>\n<p>&nbsp;<\/p>\n<\/div>","protected":false},"excerpt":{"rendered":"<p>[vc_row el_class=\u00a0\u00bbwrap box_top\u00a0\u00bb][vc_column][vc_column_text el_class=\u00a0\u00bbbox_bottom\u00a0\u00bb] Services Les ambiances de grand standing, qui vous accueilleront avec chaleur et confort, feront de votre s\u00e9jour \u00e0 l&rsquo;H\u00f4tel Ai Mori d\u2019Oriente de Venise une exp\u00e9rience inoubliable. Outre sa superbe salle \u00e0 manger, notre h\u00f4tel est dot\u00e9 d&rsquo;un recoin ext\u00e9rieur avec vue sur le canal, un endroit agr\u00e9able pour se d\u00e9tendre [&hellip;]<\/p>\n","protected":false},"author":32,"featured_media":0,"parent":0,"menu_order":0,"comment_status":"closed","ping_status":"closed","template":"","meta":{"_genesis_hide_title":false,"_genesis_hide_breadcrumbs":false,"_genesis_hide_singular_image":false,"_genesis_hide_footer_widgets":false,"_genesis_custom_body_class":"","_genesis_custom_post_class":"","_genesis_layout":"","footnotes":""},"class_list":{"0":"post-2778","1":"page","2":"type-page","3":"status-publish","5":"entry"},"yoast_head":"<!-- This site is optimized with the Yoast SEO plugin v25.6 - https:\/\/yoast.com\/wordpress\/plugins\/seo\/ -->\n<title>Services - Hotel Ai Mori d&#039;Oriente<\/title>\n<meta name=\"description\" content=\"Services, Hotel Ai Mori d&#039;Oriente:\" \/>\n<meta name=\"robots\" content=\"index, follow, max-snippet:-1, max-image-preview:large, max-video-preview:-1\" \/>\n<link rel=\"canonical\" href=\"https:\/\/www.morihotel.com\/fr\/services\/\" \/>\n<meta property=\"og:locale\" content=\"fr_FR\" \/>\n<meta property=\"og:type\" content=\"article\" \/>\n<meta property=\"og:title\" content=\"Services - Hotel Ai Mori d&#039;Oriente\" \/>\n<meta property=\"og:description\" content=\"Services, Hotel Ai Mori d&#039;Oriente:\" \/>\n<meta property=\"og:url\" content=\"https:\/\/www.morihotel.com\/fr\/services\/\" \/>\n<meta property=\"og:site_name\" content=\"Hotel Ai Mori d&#039;Oriente\" \/>\n<meta property=\"article:modified_time\" content=\"2024-02-28T11:32:00+00:00\" \/>\n<meta name=\"twitter:label1\" content=\"Dur\u00e9e de lecture estim\u00e9e\" \/>\n\t<meta name=\"twitter:data1\" content=\"2 minutes\" \/>\n<script type=\"application\/ld+json\" class=\"yoast-schema-graph\">{\"@context\":\"https:\/\/schema.org\",\"@graph\":[{\"@type\":\"WebPage\",\"@id\":\"https:\/\/www.morihotel.com\/fr\/services\/\",\"url\":\"https:\/\/www.morihotel.com\/fr\/services\/\",\"name\":\"Services - Hotel Ai Mori d&#039;Oriente\",\"isPartOf\":{\"@id\":\"https:\/\/www.morihotel.com\/fr\/#website\"},\"datePublished\":\"2016-03-22T16:39:23+00:00\",\"dateModified\":\"2024-02-28T11:32:00+00:00\",\"description\":\"Services, Hotel Ai Mori d&#039;Oriente:\",\"breadcrumb\":{\"@id\":\"https:\/\/www.morihotel.com\/fr\/services\/#breadcrumb\"},\"inLanguage\":\"fr-FR\",\"potentialAction\":[{\"@type\":\"ReadAction\",\"target\":[\"https:\/\/www.morihotel.com\/fr\/services\/\"]}]},{\"@type\":\"BreadcrumbList\",\"@id\":\"https:\/\/www.morihotel.com\/fr\/services\/#breadcrumb\",\"itemListElement\":[{\"@type\":\"ListItem\",\"position\":1,\"name\":\"Home\",\"item\":\"https:\/\/www.morihotel.com\/fr\/\"},{\"@type\":\"ListItem\",\"position\":2,\"name\":\"Services\"}]},{\"@type\":\"WebSite\",\"@id\":\"https:\/\/www.morihotel.com\/fr\/#website\",\"url\":\"https:\/\/www.morihotel.com\/fr\/\",\"name\":\"Hotel Ai Mori d&#039;Oriente\",\"description\":\"\",\"potentialAction\":[{\"@type\":\"SearchAction\",\"target\":{\"@type\":\"EntryPoint\",\"urlTemplate\":\"https:\/\/www.morihotel.com\/fr\/?s={search_term_string}\"},\"query-input\":{\"@type\":\"PropertyValueSpecification\",\"valueRequired\":true,\"valueName\":\"search_term_string\"}}],\"inLanguage\":\"fr-FR\"}]}<\/script>\n<!-- \/ Yoast SEO plugin. -->","yoast_head_json":{"title":"Services - Hotel Ai Mori d&#039;Oriente","description":"Services, Hotel Ai Mori d&#039;Oriente:","robots":{"index":"index","follow":"follow","max-snippet":"max-snippet:-1","max-image-preview":"max-image-preview:large","max-video-preview":"max-video-preview:-1"},"canonical":"https:\/\/www.morihotel.com\/fr\/services\/","og_locale":"fr_FR","og_type":"article","og_title":"Services - Hotel Ai Mori d&#039;Oriente","og_description":"Services, Hotel Ai Mori d&#039;Oriente:","og_url":"https:\/\/www.morihotel.com\/fr\/services\/","og_site_name":"Hotel Ai Mori d&#039;Oriente","article_modified_time":"2024-02-28T11:32:00+00:00","twitter_misc":{"Dur\u00e9e de lecture estim\u00e9e":"2 minutes"},"schema":{"@context":"https:\/\/schema.org","@graph":[{"@type":"WebPage","@id":"https:\/\/www.morihotel.com\/fr\/services\/","url":"https:\/\/www.morihotel.com\/fr\/services\/","name":"Services - Hotel Ai Mori d&#039;Oriente","isPartOf":{"@id":"https:\/\/www.morihotel.com\/fr\/#website"},"datePublished":"2016-03-22T16:39:23+00:00","dateModified":"2024-02-28T11:32:00+00:00","description":"Services, Hotel Ai Mori d&#039;Oriente:","breadcrumb":{"@id":"https:\/\/www.morihotel.com\/fr\/services\/#breadcrumb"},"inLanguage":"fr-FR","potentialAction":[{"@type":"ReadAction","target":["https:\/\/www.morihotel.com\/fr\/services\/"]}]},{"@type":"BreadcrumbList","@id":"https:\/\/www.morihotel.com\/fr\/services\/#breadcrumb","itemListElement":[{"@type":"ListItem","position":1,"name":"Home","item":"https:\/\/www.morihotel.com\/fr\/"},{"@type":"ListItem","position":2,"name":"Services"}]},{"@type":"WebSite","@id":"https:\/\/www.morihotel.com\/fr\/#website","url":"https:\/\/www.morihotel.com\/fr\/","name":"Hotel Ai Mori d&#039;Oriente","description":"","potentialAction":[{"@type":"SearchAction","target":{"@type":"EntryPoint","urlTemplate":"https:\/\/www.morihotel.com\/fr\/?s={search_term_string}"},"query-input":{"@type":"PropertyValueSpecification","valueRequired":true,"valueName":"search_term_string"}}],"inLanguage":"fr-FR"}]}},"publishpress_future_action":{"enabled":false,"date":"2026-04-24 00:42:48","action":"change-status","newStatus":"draft","terms":[],"taxonomy":"translation_priority","extraData":[]},"publishpress_future_workflow_manual_trigger":{"enabledWorkflows":[]},"_links":{"self":[{"href":"https:\/\/www.morihotel.com\/fr\/wp-json\/wp\/v2\/pages\/2778","targetHints":{"allow":["GET"]}}],"collection":[{"href":"https:\/\/www.morihotel.com\/fr\/wp-json\/wp\/v2\/pages"}],"about":[{"href":"https:\/\/www.morihotel.com\/fr\/wp-json\/wp\/v2\/types\/page"}],"author":[{"embeddable":true,"href":"https:\/\/www.morihotel.com\/fr\/wp-json\/wp\/v2\/users\/32"}],"replies":[{"embeddable":true,"href":"https:\/\/www.morihotel.com\/fr\/wp-json\/wp\/v2\/comments?post=2778"}],"version-history":[{"count":4,"href":"https:\/\/www.morihotel.com\/fr\/wp-json\/wp\/v2\/pages\/2778\/revisions"}],"predecessor-version":[{"id":89594,"href":"https:\/\/www.morihotel.com\/fr\/wp-json\/wp\/v2\/pages\/2778\/revisions\/89594"}],"wp:attachment":[{"href":"https:\/\/www.morihotel.com\/fr\/wp-json\/wp\/v2\/media?parent=2778"}],"curies":[{"name":"wp","href":"https:\/\/api.w.org\/{rel}","templated":true}]}}