{"id":272,"date":"2013-09-04T14:45:13","date_gmt":"2013-09-04T14:45:13","guid":{"rendered":"https:\/\/www.morihotel.com\/?page_id=272"},"modified":"2018-03-09T13:53:22","modified_gmt":"2018-03-09T11:53:22","slug":"offres-speciales","status":"publish","type":"page","link":"https:\/\/www.morihotel.com\/fr\/offres-speciales\/","title":{"rendered":"Offres Sp\u00e9ciales"},"content":{"rendered":"<div class=\"wpb-content-wrapper\">[vc_row el_class=\u00a0\u00bbwrap box_top\u00a0\u00bb][vc_column][vc_column_text el_class=\u00a0\u00bbbox_bottom\u00a0\u00bb]\n<div id=\"box-offerte\">\n<h2>Offres Sp\u00e9ciales<\/h2>\n<p><img decoding=\"async\" src=\"\/wp-content\/uploads\/2013\/09\/decorazione.png\" alt=\"\" \/><br \/>\n<div class=\"gallery-view\"><div class=\"offer-package-4\"><div style=\"position:relative; margin-left:auto; margin-right:auto; overflow:hidden; width:px;\"><a href=\"https:\/\/www.morihotel.com\/fr\/offers\/offre-fidele-toutou\/\"><img loading=\"lazy\" decoding=\"async\" width=\"210\" height=\"210\" src=\"https:\/\/www.morihotel.com\/wp-content\/uploads\/2022\/08\/SCRAPPY-MORI-210x210.jpg\" class=\"size-thumbnail\" alt=\"\" srcset=\"https:\/\/www.morihotel.com\/wp-content\/uploads\/2022\/08\/SCRAPPY-MORI-210x210.jpg 210w, https:\/\/www.morihotel.com\/wp-content\/uploads\/2022\/08\/SCRAPPY-MORI-150x150.jpg 150w, https:\/\/www.morihotel.com\/wp-content\/uploads\/2022\/08\/SCRAPPY-MORI-32x32.jpg 32w, https:\/\/www.morihotel.com\/wp-content\/uploads\/2022\/08\/SCRAPPY-MORI-128x128.jpg 128w, https:\/\/www.morihotel.com\/wp-content\/uploads\/2022\/08\/SCRAPPY-MORI-268x268.jpg 268w, https:\/\/www.morihotel.com\/wp-content\/uploads\/2022\/08\/SCRAPPY-MORI-500x500.jpg 500w, https:\/\/www.morihotel.com\/wp-content\/uploads\/2022\/08\/SCRAPPY-MORI-930x930.jpg 930w\" sizes=\"auto, (max-width: 210px) 100vw, 210px\" \/><\/a><div class=\"background-offer-gallery\"><img decoding=\"async\" src=\"https:\/\/www.morihotel.com\/wp-content\/uploads\/2013\/09\/bkg-white704.png\" \/>   <div class=\"highlight-text-gallery\"><a href=\"https:\/\/www.morihotel.com\/fr\/offers\/offre-fidele-toutou\/\">Package<\/a><\/div><\/div><div class=\"background-tag-gallery\">\n                            <img decoding=\"async\" src=\"https:\/\/www.morihotel.com\/wp-content\/uploads\/2013\/09\/package_icon.png\"><\/div><\/div><div class=\"original-price\"><\/div><div class=\"reducted-price\"><\/div><div class=\"clear\"><\/div><div class=\"offer_title\"><a href=\"https:\/\/www.morihotel.com\/fr\/offers\/offre-fidele-toutou\/\">Offre Fid\u00e8le Toutou<\/a><\/div><div class=\"package-gallery\"><div><\/div><div><\/div><div><\/div><div><\/div><\/div><\/div><div class=\"offer-package-4\"><div style=\"position:relative; margin-left:auto; margin-right:auto; overflow:hidden; width:px;\"><a href=\"https:\/\/www.morihotel.com\/fr\/offers\/romantic-venice\/\"><img loading=\"lazy\" decoding=\"async\" width=\"210\" height=\"210\" src=\"https:\/\/www.morihotel.com\/wp-content\/uploads\/2018\/01\/ROM-VCE-324-210x210.jpg\" class=\"size-thumbnail\" alt=\"\" srcset=\"https:\/\/www.morihotel.com\/wp-content\/uploads\/2018\/01\/ROM-VCE-324-210x210.jpg 210w, https:\/\/www.morihotel.com\/wp-content\/uploads\/2018\/01\/ROM-VCE-324-150x150.jpg 150w, https:\/\/www.morihotel.com\/wp-content\/uploads\/2018\/01\/ROM-VCE-324-32x32.jpg 32w, https:\/\/www.morihotel.com\/wp-content\/uploads\/2018\/01\/ROM-VCE-324-128x128.jpg 128w, https:\/\/www.morihotel.com\/wp-content\/uploads\/2018\/01\/ROM-VCE-324-268x268.jpg 268w, https:\/\/www.morihotel.com\/wp-content\/uploads\/2018\/01\/ROM-VCE-324-500x500.jpg 500w, https:\/\/www.morihotel.com\/wp-content\/uploads\/2018\/01\/ROM-VCE-324-930x930.jpg 930w\" sizes=\"auto, (max-width: 210px) 100vw, 210px\" \/><\/a><div class=\"background-offer-gallery\"><img decoding=\"async\" src=\"https:\/\/www.morihotel.com\/wp-content\/uploads\/2013\/09\/bkg-white704.png\" \/>   <div class=\"highlight-text-gallery\"><a href=\"https:\/\/www.morihotel.com\/fr\/offers\/romantic-venice\/\">Package<\/a><\/div><\/div><div class=\"background-tag-gallery\">\n                            <img decoding=\"async\" src=\"https:\/\/www.morihotel.com\/wp-content\/uploads\/2013\/09\/package_icon.png\"><\/div><\/div><div class=\"original-price\"><\/div><div class=\"reducted-price\"><\/div><div class=\"clear\"><\/div><div class=\"offer_title\"><a href=\"https:\/\/www.morihotel.com\/fr\/offers\/romantic-venice\/\">Venise Romantique<\/a><\/div><div class=\"package-gallery\"><div><\/div><div><\/div><div><\/div><div><\/div><\/div><\/div><div class=\"offer-package-4\"><div style=\"position:relative; margin-left:auto; margin-right:auto; overflow:hidden; width:px;\"><a href=\"https:\/\/www.morihotel.com\/fr\/offers\/book-your-box-at-the-fenice-opera-house\/\"><img loading=\"lazy\" decoding=\"async\" width=\"210\" height=\"210\" src=\"https:\/\/www.morihotel.com\/wp-content\/uploads\/2016\/03\/opera-974148-210x210.jpg\" class=\"size-thumbnail\" alt=\"\" srcset=\"https:\/\/www.morihotel.com\/wp-content\/uploads\/2016\/03\/opera-974148-210x210.jpg 210w, https:\/\/www.morihotel.com\/wp-content\/uploads\/2016\/03\/opera-974148-150x150.jpg 150w, https:\/\/www.morihotel.com\/wp-content\/uploads\/2016\/03\/opera-974148-32x32.jpg 32w, https:\/\/www.morihotel.com\/wp-content\/uploads\/2016\/03\/opera-974148-128x128.jpg 128w, https:\/\/www.morihotel.com\/wp-content\/uploads\/2016\/03\/opera-974148-268x268.jpg 268w, https:\/\/www.morihotel.com\/wp-content\/uploads\/2016\/03\/opera-974148-500x500.jpg 500w, https:\/\/www.morihotel.com\/wp-content\/uploads\/2016\/03\/opera-974148-930x930.jpg 930w\" sizes=\"auto, (max-width: 210px) 100vw, 210px\" \/><\/a><div class=\"background-offer-gallery\"><img decoding=\"async\" src=\"https:\/\/www.morihotel.com\/wp-content\/uploads\/2013\/09\/bkg-white704.png\" \/>   <div class=\"highlight-text-gallery\"><a href=\"https:\/\/www.morihotel.com\/fr\/offers\/book-your-box-at-the-fenice-opera-house\/\">Package<\/a><\/div><\/div><div class=\"background-tag-gallery\">\n                            <img decoding=\"async\" src=\"https:\/\/www.morihotel.com\/wp-content\/uploads\/2013\/09\/package_icon.png\"><\/div><\/div><div class=\"original-price\"><\/div><div class=\"reducted-price\"><\/div><div class=\"clear\"><\/div><div class=\"offer_title\"><a href=\"https:\/\/www.morihotel.com\/fr\/offers\/book-your-box-at-the-fenice-opera-house\/\">Une soir\u00e9e \u00e0 la Premi\u00e8re au Theatre Fenice 2025-2026<\/a><\/div><div class=\"package-gallery\"><div><\/div><div>jusqu'au 31 Octobre 2026<\/div><div><\/div><div><\/div><\/div><\/div><div class=\"offer-package-4\"><div style=\"position:relative; margin-left:auto; margin-right:auto; overflow:hidden; width:px;\"><a href=\"https:\/\/www.morihotel.com\/fr\/offers\/architecture-biennale-2016-reporting-from-the-front\/\"><img loading=\"lazy\" decoding=\"async\" width=\"210\" height=\"210\" src=\"https:\/\/www.morihotel.com\/wp-content\/uploads\/2018\/01\/Biennale-Architettura-Venezia-2025-4-210x210.png\" class=\"size-thumbnail\" alt=\"\" srcset=\"https:\/\/www.morihotel.com\/wp-content\/uploads\/2018\/01\/Biennale-Architettura-Venezia-2025-4-210x210.png 210w, https:\/\/www.morihotel.com\/wp-content\/uploads\/2018\/01\/Biennale-Architettura-Venezia-2025-4-150x150.png 150w, https:\/\/www.morihotel.com\/wp-content\/uploads\/2018\/01\/Biennale-Architettura-Venezia-2025-4-32x32.png 32w, https:\/\/www.morihotel.com\/wp-content\/uploads\/2018\/01\/Biennale-Architettura-Venezia-2025-4-128x128.png 128w, https:\/\/www.morihotel.com\/wp-content\/uploads\/2018\/01\/Biennale-Architettura-Venezia-2025-4-268x268.png 268w\" sizes=\"auto, (max-width: 210px) 100vw, 210px\" \/><\/a><div class=\"background-offer-gallery\"><img decoding=\"async\" src=\"https:\/\/www.morihotel.com\/wp-content\/uploads\/2013\/09\/bkg-white704.png\" \/>   <div class=\"highlight-text-gallery\"><a href=\"https:\/\/www.morihotel.com\/fr\/offers\/architecture-biennale-2016-reporting-from-the-front\/\">Package<\/a><\/div><\/div><div class=\"background-tag-gallery\">\n                            <img decoding=\"async\" src=\"https:\/\/www.morihotel.com\/wp-content\/uploads\/2013\/09\/package_icon.png\"><\/div><\/div><div class=\"original-price\"><\/div><div class=\"reducted-price\"><\/div><div class=\"clear\"><\/div><div class=\"offer_title\"><a href=\"https:\/\/www.morihotel.com\/fr\/offers\/architecture-biennale-2016-reporting-from-the-front\/\">Biennale Architettura 2025<\/a><\/div><div class=\"package-gallery\"><div><\/div><div>Du 10 mai au 23 novembre 2025<\/div><div><\/div><div><\/div><\/div><\/div><\/div>\n<\/div>\n[\/vc_column_text][\/vc_column][\/vc_row]\n<\/div>","protected":false},"excerpt":{"rendered":"<p>[vc_row el_class=\u00a0\u00bbwrap box_top\u00a0\u00bb][vc_column][vc_column_text el_class=\u00a0\u00bbbox_bottom\u00a0\u00bb] Offres Sp\u00e9ciales [\/vc_column_text][\/vc_column][\/vc_row]<\/p>\n","protected":false},"author":32,"featured_media":0,"parent":0,"menu_order":0,"comment_status":"open","ping_status":"open","template":"","meta":{"_genesis_hide_title":false,"_genesis_hide_breadcrumbs":false,"_genesis_hide_singular_image":false,"_genesis_hide_footer_widgets":false,"_genesis_custom_body_class":"","_genesis_custom_post_class":"","_genesis_layout":"","footnotes":""},"class_list":{"0":"post-272","1":"page","2":"type-page","3":"status-publish","5":"entry"},"yoast_head":"<!-- This site is optimized with the Yoast SEO plugin v25.6 - https:\/\/yoast.com\/wordpress\/plugins\/seo\/ -->\n<title>Offres Sp\u00e9ciales - Hotel Ai Mori d&#039;Oriente<\/title>\n<meta name=\"description\" content=\"Offres Sp\u00e9ciales, Hotel Ai Mori d&#039;Oriente:\" \/>\n<meta name=\"robots\" content=\"index, follow, max-snippet:-1, max-image-preview:large, max-video-preview:-1\" \/>\n<link rel=\"canonical\" href=\"https:\/\/www.morihotel.com\/fr\/offres-speciales\/\" \/>\n<meta property=\"og:locale\" content=\"fr_FR\" \/>\n<meta property=\"og:type\" content=\"article\" \/>\n<meta property=\"og:title\" content=\"Offres Sp\u00e9ciales - Hotel Ai Mori d&#039;Oriente\" \/>\n<meta property=\"og:description\" content=\"Offres Sp\u00e9ciales, Hotel Ai Mori d&#039;Oriente:\" \/>\n<meta property=\"og:url\" content=\"https:\/\/www.morihotel.com\/fr\/offres-speciales\/\" \/>\n<meta property=\"og:site_name\" content=\"Hotel Ai Mori d&#039;Oriente\" \/>\n<meta property=\"article:modified_time\" content=\"2018-03-09T11:53:22+00:00\" \/>\n<script type=\"application\/ld+json\" class=\"yoast-schema-graph\">{\"@context\":\"https:\/\/schema.org\",\"@graph\":[{\"@type\":\"WebPage\",\"@id\":\"https:\/\/www.morihotel.com\/fr\/offres-speciales\/\",\"url\":\"https:\/\/www.morihotel.com\/fr\/offres-speciales\/\",\"name\":\"Offres Sp\u00e9ciales - Hotel Ai Mori d&#039;Oriente\",\"isPartOf\":{\"@id\":\"https:\/\/www.morihotel.com\/fr\/#website\"},\"datePublished\":\"2013-09-04T14:45:13+00:00\",\"dateModified\":\"2018-03-09T11:53:22+00:00\",\"description\":\"Offres Sp\u00e9ciales, Hotel Ai Mori d&#039;Oriente:\",\"breadcrumb\":{\"@id\":\"https:\/\/www.morihotel.com\/fr\/offres-speciales\/#breadcrumb\"},\"inLanguage\":\"fr-FR\",\"potentialAction\":[{\"@type\":\"ReadAction\",\"target\":[\"https:\/\/www.morihotel.com\/fr\/offres-speciales\/\"]}]},{\"@type\":\"BreadcrumbList\",\"@id\":\"https:\/\/www.morihotel.com\/fr\/offres-speciales\/#breadcrumb\",\"itemListElement\":[{\"@type\":\"ListItem\",\"position\":1,\"name\":\"Home\",\"item\":\"https:\/\/www.morihotel.com\/fr\/\"},{\"@type\":\"ListItem\",\"position\":2,\"name\":\"Offres Sp\u00e9ciales\"}]},{\"@type\":\"WebSite\",\"@id\":\"https:\/\/www.morihotel.com\/fr\/#website\",\"url\":\"https:\/\/www.morihotel.com\/fr\/\",\"name\":\"Hotel Ai Mori d&#039;Oriente\",\"description\":\"\",\"potentialAction\":[{\"@type\":\"SearchAction\",\"target\":{\"@type\":\"EntryPoint\",\"urlTemplate\":\"https:\/\/www.morihotel.com\/fr\/?s={search_term_string}\"},\"query-input\":{\"@type\":\"PropertyValueSpecification\",\"valueRequired\":true,\"valueName\":\"search_term_string\"}}],\"inLanguage\":\"fr-FR\"}]}<\/script>\n<!-- \/ Yoast SEO plugin. -->","yoast_head_json":{"title":"Offres Sp\u00e9ciales - Hotel Ai Mori d&#039;Oriente","description":"Offres Sp\u00e9ciales, Hotel Ai Mori d&#039;Oriente:","robots":{"index":"index","follow":"follow","max-snippet":"max-snippet:-1","max-image-preview":"max-image-preview:large","max-video-preview":"max-video-preview:-1"},"canonical":"https:\/\/www.morihotel.com\/fr\/offres-speciales\/","og_locale":"fr_FR","og_type":"article","og_title":"Offres Sp\u00e9ciales - Hotel Ai Mori d&#039;Oriente","og_description":"Offres Sp\u00e9ciales, Hotel Ai Mori d&#039;Oriente:","og_url":"https:\/\/www.morihotel.com\/fr\/offres-speciales\/","og_site_name":"Hotel Ai Mori d&#039;Oriente","article_modified_time":"2018-03-09T11:53:22+00:00","schema":{"@context":"https:\/\/schema.org","@graph":[{"@type":"WebPage","@id":"https:\/\/www.morihotel.com\/fr\/offres-speciales\/","url":"https:\/\/www.morihotel.com\/fr\/offres-speciales\/","name":"Offres Sp\u00e9ciales - Hotel Ai Mori d&#039;Oriente","isPartOf":{"@id":"https:\/\/www.morihotel.com\/fr\/#website"},"datePublished":"2013-09-04T14:45:13+00:00","dateModified":"2018-03-09T11:53:22+00:00","description":"Offres Sp\u00e9ciales, Hotel Ai Mori d&#039;Oriente:","breadcrumb":{"@id":"https:\/\/www.morihotel.com\/fr\/offres-speciales\/#breadcrumb"},"inLanguage":"fr-FR","potentialAction":[{"@type":"ReadAction","target":["https:\/\/www.morihotel.com\/fr\/offres-speciales\/"]}]},{"@type":"BreadcrumbList","@id":"https:\/\/www.morihotel.com\/fr\/offres-speciales\/#breadcrumb","itemListElement":[{"@type":"ListItem","position":1,"name":"Home","item":"https:\/\/www.morihotel.com\/fr\/"},{"@type":"ListItem","position":2,"name":"Offres Sp\u00e9ciales"}]},{"@type":"WebSite","@id":"https:\/\/www.morihotel.com\/fr\/#website","url":"https:\/\/www.morihotel.com\/fr\/","name":"Hotel Ai Mori d&#039;Oriente","description":"","potentialAction":[{"@type":"SearchAction","target":{"@type":"EntryPoint","urlTemplate":"https:\/\/www.morihotel.com\/fr\/?s={search_term_string}"},"query-input":{"@type":"PropertyValueSpecification","valueRequired":true,"valueName":"search_term_string"}}],"inLanguage":"fr-FR"}]}},"publishpress_future_action":{"enabled":false,"date":"2026-04-24 07:35:21","action":"change-status","newStatus":"draft","terms":[],"taxonomy":"translation_priority","extraData":[]},"publishpress_future_workflow_manual_trigger":{"enabledWorkflows":[]},"_links":{"self":[{"href":"https:\/\/www.morihotel.com\/fr\/wp-json\/wp\/v2\/pages\/272","targetHints":{"allow":["GET"]}}],"collection":[{"href":"https:\/\/www.morihotel.com\/fr\/wp-json\/wp\/v2\/pages"}],"about":[{"href":"https:\/\/www.morihotel.com\/fr\/wp-json\/wp\/v2\/types\/page"}],"author":[{"embeddable":true,"href":"https:\/\/www.morihotel.com\/fr\/wp-json\/wp\/v2\/users\/32"}],"replies":[{"embeddable":true,"href":"https:\/\/www.morihotel.com\/fr\/wp-json\/wp\/v2\/comments?post=272"}],"version-history":[{"count":4,"href":"https:\/\/www.morihotel.com\/fr\/wp-json\/wp\/v2\/pages\/272\/revisions"}],"predecessor-version":[{"id":12231,"href":"https:\/\/www.morihotel.com\/fr\/wp-json\/wp\/v2\/pages\/272\/revisions\/12231"}],"wp:attachment":[{"href":"https:\/\/www.morihotel.com\/fr\/wp-json\/wp\/v2\/media?parent=272"}],"curies":[{"name":"wp","href":"https:\/\/api.w.org\/{rel}","templated":true}]}}