{"id":115,"date":"2013-09-03T15:09:08","date_gmt":"2013-09-03T15:09:08","guid":{"rendered":"https:\/\/www.morihotel.com\/?page_id=115"},"modified":"2025-02-05T15:15:32","modified_gmt":"2025-02-05T13:15:32","slug":"home","status":"publish","type":"page","link":"https:\/\/www.morihotel.com\/fr\/","title":{"rendered":"Home"},"content":{"rendered":"<div class=\"wpb-content-wrapper\">[vc_row el_class=\u00a0\u00bbwrap box_top\u00a0\u00bb][vc_column][vc_column_text el_class=\u00a0\u00bbbox_bottom\u00a0\u00bb]\n<div class=\"txt-index\">\n<h4>Un accueil exceptionnel, le myst\u00e8re romantique de Venise<\/h4>\n<p><img decoding=\"async\" src=\"\/wp-content\/uploads\/2013\/09\/decorazione.png\" alt=\"\" \/><br \/>\nUn <strong>h\u00f4tel<\/strong> de <strong>charme<\/strong> au c\u0153ur de la cit\u00e9 de Venise incroyablement s\u00e9duisante, avec une vue sur le <strong>Rio della Sensa<\/strong> dans le quartier du <strong>Cannaregio<\/strong>, o\u00f9 les cours pittoresques cach\u00e9s murmurent des l\u00e9gendes anciennes et o\u00f9 les chambres vous berceront dans le luxe et le confort.<\/p>\n<p>Dans le centre historique, \u00e0 proximit\u00e9 du <strong>ghetto juif<\/strong> et du Campo dei Mori, les chambres de l&rsquo;<strong>H\u00f4tel Ai Mori d\u2019Oriente<\/strong> sont chaleureuses et calmes, et les allusions raffin\u00e9es au style mauresque \u00e9voquent les commerces de la Route de la Soie.<\/p>\n<p>Pour une parenth\u00e8se romantique plac\u00e9e sous le signe de l&rsquo;<strong>\u00e9l\u00e9gance<\/strong> et du <strong>confort<\/strong>, avec des vues d&rsquo;une beaut\u00e9 incomparable, offrez-vous un s\u00e9jour \u00e0 l&rsquo;<strong>H\u00f4tel Ai Mori d\u2019Oriente<\/strong> pour retomber amoureux de <strong>Venise<\/strong>.<\/p>\n<\/div>\n[\/vc_column_text][\/vc_column][\/vc_row][vc_row full_width=\u00a0\u00bbstretch_row_content_no_spaces\u00a0\u00bb content_placement=\u00a0\u00bbmiddle\u00a0\u00bb parallax=\u00a0\u00bbcontent-moving\u00a0\u00bb bg_type=\u00a0\u00bbimage\u00a0\u00bb parallax_style=\u00a0\u00bbvcpb-default\u00a0\u00bb bg_image_new=\u00a0\u00bbid^1854|url^https:\/\/www.morihotel.com\/wp-content\/uploads\/2014\/01\/misteri_venezia_small.jpg|caption^null|alt^null|title^misteri_venezia_small|description^null\u00a0\u00bb bg_image_repeat=\u00a0\u00bbno-repeat\u00a0\u00bb bg_img_attach=\u00a0\u00bbfixed\u00a0\u00bb][vc_column][vc_empty_space height=\u00a0\u00bb90px\u00a0\u00bb][vc_column_text css_animation=\u00a0\u00bbappear\u00a0\u00bb el_class=\u00a0\u00bbwrap\u00a0\u00bb]\n<h3 class=\"txt-bianco\">L\u00e9gendes et myst\u00e8res<br \/>\ndu Campo dei Mori<\/h3>\n[\/vc_column_text][vc_single_image image=\u00a0\u00bb1430&Prime; img_size=\u00a0\u00bbfull\u00a0\u00bb alignment=\u00a0\u00bbcenter\u00a0\u00bb css_animation=\u00a0\u00bbappear\u00a0\u00bb][vc_btn title=\u00a0\u00bbExplorez Venise\u00a0\u00bb style=\u00a0\u00bboutline\u00a0\u00bb shape=\u00a0\u00bbsquare\u00a0\u00bb color=\u00a0\u00bbwhite\u00a0\u00bb size=\u00a0\u00bblg\u00a0\u00bb align=\u00a0\u00bbcenter\u00a0\u00bb css_animation=\u00a0\u00bbappear\u00a0\u00bb link=\u00a0\u00bburl:https%3A%2F%2Fwww.morihotel.com%2Ffr%2Fsituation%2F||\u00a0\u00bb][vc_empty_space height=\u00a0\u00bb90px\u00a0\u00bb][\/vc_column][\/vc_row][vc_row full_width=\u00a0\u00bbstretch_row_content_no_spaces\u00a0\u00bb equal_height=\u00a0\u00bbyes\u00a0\u00bb content_placement=\u00a0\u00bbmiddle\u00a0\u00bb parallax_content=\u00a0\u00bbparallax_content_value\u00a0\u00bb el_class=\u00a0\u00bbbox-home-both\u00a0\u00bb][vc_column width=\u00a0\u00bb1\/3&Prime; css=\u00a0\u00bb.vc_custom_1457090284893{background-image: url(https:\/\/www.morihotel.com\/wp-content\/uploads\/2013\/09\/box-1.jpg?id=1441) !important;background-position: center !important;background-repeat: no-repeat !important;background-size: cover !important;}\u00a0\u00bb][vc_row_inner el_class=\u00a0\u00bbbox-home-nero\u00a0\u00bb][vc_column_inner][vc_empty_space height=\u00a0\u00bb90px\u00a0\u00bb][vc_column_text css_animation=\u00a0\u00bbappear\u00a0\u00bb]\n<h2>vivre Venise dans<br \/>\ndes chambres suggestives<\/h2>\n[\/vc_column_text][vc_single_image image=\u00a0\u00bb1430&Prime; img_size=\u00a0\u00bbfull\u00a0\u00bb alignment=\u00a0\u00bbcenter\u00a0\u00bb css_animation=\u00a0\u00bbappear\u00a0\u00bb][vc_btn title=\u00a0\u00bbGalerie de photos\u00a0\u00bb style=\u00a0\u00bboutline\u00a0\u00bb shape=\u00a0\u00bbsquare\u00a0\u00bb color=\u00a0\u00bbwhite\u00a0\u00bb size=\u00a0\u00bblg\u00a0\u00bb align=\u00a0\u00bbcenter\u00a0\u00bb css_animation=\u00a0\u00bbappear\u00a0\u00bb link=\u00a0\u00bburl:https%3A%2F%2Fwww.morihotel.com%2Ffr%2Fgalerie-de-photos%2F||\u00a0\u00bb][vc_empty_space height=\u00a0\u00bb90px\u00a0\u00bb][\/vc_column_inner][\/vc_row_inner][\/vc_column][vc_column width=\u00a0\u00bb1\/3&Prime; css=\u00a0\u00bb.vc_custom_1457090300035{background-image: url(https:\/\/www.morihotel.com\/wp-content\/uploads\/2013\/09\/box-2.jpg?id=1448) !important;background-position: center !important;background-repeat: no-repeat !important;background-size: cover !important;}\u00a0\u00bb][vc_row_inner el_class=\u00a0\u00bbbox-home-bianco\u00a0\u00bb][vc_column_inner][vc_empty_space height=\u00a0\u00bb90px\u00a0\u00bb][vc_column_text css_animation=\u00a0\u00bbappear\u00a0\u00bb]\n<h2>un refuge<br \/>\nromantique et unique<\/h2>\n[\/vc_column_text][vc_single_image image=\u00a0\u00bb1430&Prime; img_size=\u00a0\u00bbfull\u00a0\u00bb alignment=\u00a0\u00bbcenter\u00a0\u00bb css_animation=\u00a0\u00bbappear\u00a0\u00bb][vc_btn title=\u00a0\u00bbChambres\u00a0\u00bb style=\u00a0\u00bboutline\u00a0\u00bb shape=\u00a0\u00bbsquare\u00a0\u00bb color=\u00a0\u00bbwhite\u00a0\u00bb size=\u00a0\u00bblg\u00a0\u00bb align=\u00a0\u00bbcenter\u00a0\u00bb css_animation=\u00a0\u00bbappear\u00a0\u00bb link=\u00a0\u00bburl:https%3A%2F%2Fwww.morihotel.com%2Ffr%2Fchambres%2F||\u00a0\u00bb][vc_empty_space height=\u00a0\u00bb90px\u00a0\u00bb][\/vc_column_inner][\/vc_row_inner][\/vc_column][vc_column width=\u00a0\u00bb1\/3&Prime; css=\u00a0\u00bb.vc_custom_1457090941251{background-image: url(https:\/\/www.morihotel.com\/wp-content\/uploads\/2013\/09\/box-3.jpg?id=1455) !important;background-position: center !important;background-repeat: no-repeat !important;background-size: cover !important;}\u00a0\u00bb][vc_row_inner el_class=\u00a0\u00bbbox-home-bianco\u00a0\u00bb][vc_column_inner][vc_empty_space height=\u00a0\u00bb90px\u00a0\u00bb][vc_column_text css_animation=\u00a0\u00bbappear\u00a0\u00bb]\n<h2>une atmosph\u00e8re<br \/>\nde charme s\u00e9duisante<\/h2>\n[\/vc_column_text][vc_single_image image=\u00a0\u00bb1430&Prime; img_size=\u00a0\u00bbfull\u00a0\u00bb alignment=\u00a0\u00bbcenter\u00a0\u00bb css_animation=\u00a0\u00bbappear\u00a0\u00bb][vc_btn title=\u00a0\u00bbDescription\u00a0\u00bb style=\u00a0\u00bboutline\u00a0\u00bb shape=\u00a0\u00bbsquare\u00a0\u00bb color=\u00a0\u00bbwhite\u00a0\u00bb size=\u00a0\u00bblg\u00a0\u00bb align=\u00a0\u00bbcenter\u00a0\u00bb css_animation=\u00a0\u00bbappear\u00a0\u00bb link=\u00a0\u00bburl:https%3A%2F%2Fwww.morihotel.com%2Ffr%2Fdescription%2F||\u00a0\u00bb][vc_empty_space height=\u00a0\u00bb90px\u00a0\u00bb][\/vc_column_inner][\/vc_row_inner][\/vc_column][\/vc_row][vc_row el_class=\u00a0\u00bbwrap box_top\u00a0\u00bb][vc_column][vc_column_text el_class=\u00a0\u00bbbox_bottom offerte-home\u00a0\u00bb]\n<div id=\"box-offerte\">\n<h2>Offres Sp\u00e9ciales<\/h2>\n<p><img decoding=\"async\" src=\"\/wp-content\/uploads\/2013\/09\/decorazione.png\" alt=\"\" \/><br \/>\n<div class=\"full-gallery-view\"><div class=\"offer-package-fullgallery-4 view view-first\"><div style=\"position:relative; margin-left:auto; margin-right:auto; overflow:hidden; width:px;\"><a href=\"https:\/\/www.morihotel.com\/fr\/offers\/offre-fidele-toutou\/\"><img loading=\"lazy\" decoding=\"async\" width=\"210\" height=\"210\" src=\"https:\/\/www.morihotel.com\/wp-content\/uploads\/2022\/08\/SCRAPPY-MORI-210x210.jpg\" class=\"size-thumbnail\" alt=\"\" srcset=\"https:\/\/www.morihotel.com\/wp-content\/uploads\/2022\/08\/SCRAPPY-MORI-210x210.jpg 210w, https:\/\/www.morihotel.com\/wp-content\/uploads\/2022\/08\/SCRAPPY-MORI-150x150.jpg 150w, https:\/\/www.morihotel.com\/wp-content\/uploads\/2022\/08\/SCRAPPY-MORI-32x32.jpg 32w, https:\/\/www.morihotel.com\/wp-content\/uploads\/2022\/08\/SCRAPPY-MORI-128x128.jpg 128w, https:\/\/www.morihotel.com\/wp-content\/uploads\/2022\/08\/SCRAPPY-MORI-268x268.jpg 268w, https:\/\/www.morihotel.com\/wp-content\/uploads\/2022\/08\/SCRAPPY-MORI-500x500.jpg 500w, https:\/\/www.morihotel.com\/wp-content\/uploads\/2022\/08\/SCRAPPY-MORI-930x930.jpg 930w\" sizes=\"auto, (max-width: 210px) 100vw, 210px\" \/><\/a><\/div><div class=\"mask\" style=\"width:px;\"><div class=\"fullgallery-price-section\"><div class=\"original-price-list price-all\"><\/div><div class=\"reducted-price-list price-all\"><\/div><div class=\"clear\"><\/div><\/div><div class=\"package-gallery\"><div><\/div><div><\/div><div><\/div><div><\/div><\/div><p class=\"fullgallery-header\"><a href=\"https:\/\/www.morihotel.com\/fr\/offers\/offre-fidele-toutou\/\">Offre Fid\u00e8le Toutou<\/a><\/p><p class=\"fullgallery-excerpt\"><\/p><br \/><\/div><\/div><div class=\"offer-package-fullgallery-4 view view-first\"><div style=\"position:relative; margin-left:auto; margin-right:auto; overflow:hidden; width:px;\"><a href=\"https:\/\/www.morihotel.com\/fr\/offers\/romantic-venice\/\"><img loading=\"lazy\" decoding=\"async\" width=\"210\" height=\"210\" src=\"https:\/\/www.morihotel.com\/wp-content\/uploads\/2018\/01\/ROM-VCE-324-210x210.jpg\" class=\"size-thumbnail\" alt=\"\" srcset=\"https:\/\/www.morihotel.com\/wp-content\/uploads\/2018\/01\/ROM-VCE-324-210x210.jpg 210w, https:\/\/www.morihotel.com\/wp-content\/uploads\/2018\/01\/ROM-VCE-324-150x150.jpg 150w, https:\/\/www.morihotel.com\/wp-content\/uploads\/2018\/01\/ROM-VCE-324-32x32.jpg 32w, https:\/\/www.morihotel.com\/wp-content\/uploads\/2018\/01\/ROM-VCE-324-128x128.jpg 128w, https:\/\/www.morihotel.com\/wp-content\/uploads\/2018\/01\/ROM-VCE-324-268x268.jpg 268w, https:\/\/www.morihotel.com\/wp-content\/uploads\/2018\/01\/ROM-VCE-324-500x500.jpg 500w, https:\/\/www.morihotel.com\/wp-content\/uploads\/2018\/01\/ROM-VCE-324-930x930.jpg 930w\" sizes=\"auto, (max-width: 210px) 100vw, 210px\" \/><\/a><\/div><div class=\"mask\" style=\"width:px;\"><div class=\"fullgallery-price-section\"><div class=\"original-price-list price-all\"><\/div><div class=\"reducted-price-list price-all\"><\/div><div class=\"clear\"><\/div><\/div><div class=\"package-gallery\"><div><\/div><div><\/div><div><\/div><div><\/div><\/div><p class=\"fullgallery-header\"><a href=\"https:\/\/www.morihotel.com\/fr\/offers\/romantic-venice\/\">Venise Romantique<\/a><\/p><p class=\"fullgallery-excerpt\"><\/p><br \/><\/div><\/div><div class=\"offer-package-fullgallery-4 view view-first\"><div style=\"position:relative; margin-left:auto; margin-right:auto; overflow:hidden; width:px;\"><a href=\"https:\/\/www.morihotel.com\/fr\/offers\/book-your-box-at-the-fenice-opera-house\/\"><img loading=\"lazy\" decoding=\"async\" width=\"210\" height=\"210\" src=\"https:\/\/www.morihotel.com\/wp-content\/uploads\/2016\/03\/opera-974148-210x210.jpg\" class=\"size-thumbnail\" alt=\"\" srcset=\"https:\/\/www.morihotel.com\/wp-content\/uploads\/2016\/03\/opera-974148-210x210.jpg 210w, https:\/\/www.morihotel.com\/wp-content\/uploads\/2016\/03\/opera-974148-150x150.jpg 150w, https:\/\/www.morihotel.com\/wp-content\/uploads\/2016\/03\/opera-974148-32x32.jpg 32w, https:\/\/www.morihotel.com\/wp-content\/uploads\/2016\/03\/opera-974148-128x128.jpg 128w, https:\/\/www.morihotel.com\/wp-content\/uploads\/2016\/03\/opera-974148-268x268.jpg 268w, https:\/\/www.morihotel.com\/wp-content\/uploads\/2016\/03\/opera-974148-500x500.jpg 500w, https:\/\/www.morihotel.com\/wp-content\/uploads\/2016\/03\/opera-974148-930x930.jpg 930w\" sizes=\"auto, (max-width: 210px) 100vw, 210px\" \/><\/a><\/div><div class=\"mask\" style=\"width:px;\"><div class=\"fullgallery-price-section\"><div class=\"original-price-list price-all\"><\/div><div class=\"reducted-price-list price-all\"><\/div><div class=\"clear\"><\/div><\/div><div class=\"package-gallery\"><div><\/div><div>jusqu'au 31 Octobre 2026<\/div><div><\/div><div><\/div><\/div><p class=\"fullgallery-header\"><a href=\"https:\/\/www.morihotel.com\/fr\/offers\/book-your-box-at-the-fenice-opera-house\/\">Une soir\u00e9e \u00e0 la Premi\u00e8re au Theatre Fenice 2025-2026<\/a><\/p><p class=\"fullgallery-excerpt\"><\/p><br \/><\/div><\/div><\/div>\n<h5><a href=\"https:\/\/www.morihotel.com\/fr\/offres-speciales\/\">Voir la liste compl\u00e8te<\/a><\/h5>\n<\/div>\n[\/vc_column_text][\/vc_column][\/vc_row]\n<\/div>","protected":false},"excerpt":{"rendered":"<p>[vc_row el_class=\u00a0\u00bbwrap box_top\u00a0\u00bb][vc_column][vc_column_text el_class=\u00a0\u00bbbox_bottom\u00a0\u00bb] Un accueil exceptionnel, le myst\u00e8re romantique de Venise Un h\u00f4tel de charme au c\u0153ur de la cit\u00e9 de Venise incroyablement s\u00e9duisante, avec une vue sur le Rio della Sensa dans le quartier du Cannaregio, o\u00f9 les cours pittoresques cach\u00e9s murmurent des l\u00e9gendes anciennes et o\u00f9 les chambres vous berceront dans le [&hellip;]<\/p>\n","protected":false},"author":32,"featured_media":0,"parent":0,"menu_order":0,"comment_status":"open","ping_status":"open","template":"","meta":{"_genesis_hide_title":false,"_genesis_hide_breadcrumbs":false,"_genesis_hide_singular_image":false,"_genesis_hide_footer_widgets":false,"_genesis_custom_body_class":"","_genesis_custom_post_class":"","_genesis_layout":"","footnotes":""},"class_list":{"0":"post-115","1":"page","2":"type-page","3":"status-publish","5":"entry"},"yoast_head":"<!-- This site is optimized with the Yoast SEO plugin v25.6 - https:\/\/yoast.com\/wordpress\/plugins\/seo\/ -->\n<title>H\u00f4tel Venise Ghetto | Hotel Ai Mori d\u2019Oriente Site Officiel<\/title>\n<meta name=\"description\" content=\"Dans le centre historique, \u00e0 proximit\u00e9 du ghetto juif et du Campo dei Mori, les chambres de l&#039;H\u00f4tel Ai Mori d\u2019Oriente sont des chaleureuses et calmes.\" \/>\n<meta name=\"robots\" content=\"index, follow, max-snippet:-1, max-image-preview:large, max-video-preview:-1\" \/>\n<link rel=\"canonical\" href=\"https:\/\/www.morihotel.com\/fr\/\" \/>\n<meta property=\"og:locale\" content=\"fr_FR\" \/>\n<meta property=\"og:type\" content=\"article\" \/>\n<meta property=\"og:title\" content=\"H\u00f4tel Venise Ghetto | Hotel Ai Mori d\u2019Oriente Site Officiel\" \/>\n<meta property=\"og:description\" content=\"Dans le centre historique, \u00e0 proximit\u00e9 du ghetto juif et du Campo dei Mori, les chambres de l&#039;H\u00f4tel Ai Mori d\u2019Oriente sont des chaleureuses et calmes.\" \/>\n<meta property=\"og:url\" content=\"https:\/\/www.morihotel.com\/fr\/\" \/>\n<meta property=\"og:site_name\" content=\"Hotel Ai Mori d&#039;Oriente\" \/>\n<meta property=\"article:modified_time\" content=\"2025-02-05T13:15:32+00:00\" \/>\n<meta name=\"twitter:label1\" content=\"Dur\u00e9e de lecture estim\u00e9e\" \/>\n\t<meta name=\"twitter:data1\" content=\"2 minutes\" \/>\n<script type=\"application\/ld+json\" class=\"yoast-schema-graph\">{\"@context\":\"https:\/\/schema.org\",\"@graph\":[{\"@type\":\"WebPage\",\"@id\":\"https:\/\/www.morihotel.com\/fr\/\",\"url\":\"https:\/\/www.morihotel.com\/fr\/\",\"name\":\"H\u00f4tel Venise Ghetto | Hotel Ai Mori d\u2019Oriente Site Officiel\",\"isPartOf\":{\"@id\":\"https:\/\/www.morihotel.com\/fr\/#website\"},\"datePublished\":\"2013-09-03T15:09:08+00:00\",\"dateModified\":\"2025-02-05T13:15:32+00:00\",\"description\":\"Dans le centre historique, \u00e0 proximit\u00e9 du ghetto juif et du Campo dei Mori, les chambres de l'H\u00f4tel Ai Mori d\u2019Oriente sont des chaleureuses et calmes.\",\"breadcrumb\":{\"@id\":\"https:\/\/www.morihotel.com\/fr\/#breadcrumb\"},\"inLanguage\":\"fr-FR\",\"potentialAction\":[{\"@type\":\"ReadAction\",\"target\":[\"https:\/\/www.morihotel.com\/fr\/\"]}]},{\"@type\":\"BreadcrumbList\",\"@id\":\"https:\/\/www.morihotel.com\/fr\/#breadcrumb\",\"itemListElement\":[{\"@type\":\"ListItem\",\"position\":1,\"name\":\"Home\",\"item\":\"https:\/\/www.morihotel.com\/fr\/\"},{\"@type\":\"ListItem\",\"position\":2,\"name\":\"Home\"}]},{\"@type\":\"WebSite\",\"@id\":\"https:\/\/www.morihotel.com\/fr\/#website\",\"url\":\"https:\/\/www.morihotel.com\/fr\/\",\"name\":\"Hotel Ai Mori d&#039;Oriente\",\"description\":\"\",\"potentialAction\":[{\"@type\":\"SearchAction\",\"target\":{\"@type\":\"EntryPoint\",\"urlTemplate\":\"https:\/\/www.morihotel.com\/fr\/?s={search_term_string}\"},\"query-input\":{\"@type\":\"PropertyValueSpecification\",\"valueRequired\":true,\"valueName\":\"search_term_string\"}}],\"inLanguage\":\"fr-FR\"}]}<\/script>\n<!-- \/ Yoast SEO plugin. -->","yoast_head_json":{"title":"H\u00f4tel Venise Ghetto | Hotel Ai Mori d\u2019Oriente Site Officiel","description":"Dans le centre historique, \u00e0 proximit\u00e9 du ghetto juif et du Campo dei Mori, les chambres de l'H\u00f4tel Ai Mori d\u2019Oriente sont des chaleureuses et calmes.","robots":{"index":"index","follow":"follow","max-snippet":"max-snippet:-1","max-image-preview":"max-image-preview:large","max-video-preview":"max-video-preview:-1"},"canonical":"https:\/\/www.morihotel.com\/fr\/","og_locale":"fr_FR","og_type":"article","og_title":"H\u00f4tel Venise Ghetto | Hotel Ai Mori d\u2019Oriente Site Officiel","og_description":"Dans le centre historique, \u00e0 proximit\u00e9 du ghetto juif et du Campo dei Mori, les chambres de l'H\u00f4tel Ai Mori d\u2019Oriente sont des chaleureuses et calmes.","og_url":"https:\/\/www.morihotel.com\/fr\/","og_site_name":"Hotel Ai Mori d&#039;Oriente","article_modified_time":"2025-02-05T13:15:32+00:00","twitter_misc":{"Dur\u00e9e de lecture estim\u00e9e":"2 minutes"},"schema":{"@context":"https:\/\/schema.org","@graph":[{"@type":"WebPage","@id":"https:\/\/www.morihotel.com\/fr\/","url":"https:\/\/www.morihotel.com\/fr\/","name":"H\u00f4tel Venise Ghetto | Hotel Ai Mori d\u2019Oriente Site Officiel","isPartOf":{"@id":"https:\/\/www.morihotel.com\/fr\/#website"},"datePublished":"2013-09-03T15:09:08+00:00","dateModified":"2025-02-05T13:15:32+00:00","description":"Dans le centre historique, \u00e0 proximit\u00e9 du ghetto juif et du Campo dei Mori, les chambres de l'H\u00f4tel Ai Mori d\u2019Oriente sont des chaleureuses et calmes.","breadcrumb":{"@id":"https:\/\/www.morihotel.com\/fr\/#breadcrumb"},"inLanguage":"fr-FR","potentialAction":[{"@type":"ReadAction","target":["https:\/\/www.morihotel.com\/fr\/"]}]},{"@type":"BreadcrumbList","@id":"https:\/\/www.morihotel.com\/fr\/#breadcrumb","itemListElement":[{"@type":"ListItem","position":1,"name":"Home","item":"https:\/\/www.morihotel.com\/fr\/"},{"@type":"ListItem","position":2,"name":"Home"}]},{"@type":"WebSite","@id":"https:\/\/www.morihotel.com\/fr\/#website","url":"https:\/\/www.morihotel.com\/fr\/","name":"Hotel Ai Mori d&#039;Oriente","description":"","potentialAction":[{"@type":"SearchAction","target":{"@type":"EntryPoint","urlTemplate":"https:\/\/www.morihotel.com\/fr\/?s={search_term_string}"},"query-input":{"@type":"PropertyValueSpecification","valueRequired":true,"valueName":"search_term_string"}}],"inLanguage":"fr-FR"}]}},"publishpress_future_action":{"enabled":false,"date":"2026-04-21 12:53:47","action":"change-status","newStatus":"draft","terms":[],"taxonomy":"translation_priority","extraData":[]},"publishpress_future_workflow_manual_trigger":{"enabledWorkflows":[]},"_links":{"self":[{"href":"https:\/\/www.morihotel.com\/fr\/wp-json\/wp\/v2\/pages\/115","targetHints":{"allow":["GET"]}}],"collection":[{"href":"https:\/\/www.morihotel.com\/fr\/wp-json\/wp\/v2\/pages"}],"about":[{"href":"https:\/\/www.morihotel.com\/fr\/wp-json\/wp\/v2\/types\/page"}],"author":[{"embeddable":true,"href":"https:\/\/www.morihotel.com\/fr\/wp-json\/wp\/v2\/users\/32"}],"replies":[{"embeddable":true,"href":"https:\/\/www.morihotel.com\/fr\/wp-json\/wp\/v2\/comments?post=115"}],"version-history":[{"count":10,"href":"https:\/\/www.morihotel.com\/fr\/wp-json\/wp\/v2\/pages\/115\/revisions"}],"predecessor-version":[{"id":51406,"href":"https:\/\/www.morihotel.com\/fr\/wp-json\/wp\/v2\/pages\/115\/revisions\/51406"}],"wp:attachment":[{"href":"https:\/\/www.morihotel.com\/fr\/wp-json\/wp\/v2\/media?parent=115"}],"curies":[{"name":"wp","href":"https:\/\/api.w.org\/{rel}","templated":true}]}}