{"id":2842,"date":"2016-03-23T10:18:36","date_gmt":"2016-03-23T10:18:36","guid":{"rendered":"https:\/\/www.morihotel.com\/es\/?page_id=2842"},"modified":"2019-07-11T12:47:10","modified_gmt":"2019-07-11T10:47:10","slug":"como-llegar","status":"publish","type":"page","link":"https:\/\/www.morihotel.com\/es\/como-llegar\/","title":{"rendered":"C\u00f3mo llegar"},"content":{"rendered":"<div class=\"wpb-content-wrapper\">[vc_row css=\u00bb.vc_custom_1457457176111{padding: 20px !important;}\u00bb][vc_column][vc_raw_html]JTNDaWZyYW1lJTIwc3JjJTNEJTIyJTJGd3AtY29udGVudCUyRnRoZW1lcyUyRm1vcmlob3RlbCUyRm1hcHBhLmh0bSUyMiUyMHdpZHRoJTNEJTIyMTAwJTI1JTIyJTIwaGVpZ2h0JTNEJTIyNTUwJTIyJTIwZnJhbWVib3JkZXIlM0QlMjIwJTIyJTNFJTNDJTJGaWZyYW1lJTNF[\/vc_raw_html][vc_column_text]\n<h3>Hotel Ai Mori d\u2019Oriente<\/h3>\n<p>Fondamenta della Sensa Cannaregio 3319<br \/>\n30121 Venecia (VE)<br \/>\nTel. +39 041 711001<\/p>\n<h3 id=\"ui-accordion-1-header-0\" class=\"ui-accordion-header ui-helper-reset ui-state-default ui-accordion-header-active ui-state-active ui-corner-top ui-accordion-icons ui-state-focus\" tabindex=\"0\">En avi\u00f3n<\/h3>\n<p class=\"testoaccordion\">Desde el <strong>Aeropuerto Marco Polo de Venecia<\/strong> (VCE) se llega al casco antiguo de la ciudad tanto por tierra, con taxi o autob\u00fas, como por agua, utilizando un taxi acu\u00e1tico o los veh\u00edculos de Alilaguna.<br \/>\n<strong>Por tierra<\/strong>:<br \/>\nA Piazzale Roma se llega en taxi o en autob\u00fas ATVO o ACTV, l\u00ednea 5, y se contin\u00faa viaje en lanch\u00f3n de pasajeros (l\u00edneas 1 &#8211; 4.2 \u2013 5.2). Cualquiera que sea la l\u00ednea ACTV elegida (1 &#8211; 4.2 \u2013 5.2), despu\u00e9s de bajar en la parada aconsejada, se llega al hotel en solo 7 minutos. (Para m\u00e1s informaci\u00f3n sobre transportes p\u00fablicos, haga clic en actv (<a href=\"http:\/\/www.actv.it\/\" target=\"_blank\" rel=\"nofollow noopener noreferrer\">www.actv.it<\/a>).<br \/>\n<strong>Por agua<\/strong>:<br \/>\nAl salir del aeropuerto, siga las indicaciones que llevan a la Darsena a la izquierda (paseo de 5 minutos), desde donde podr\u00e1 tomar un taxi o los veh\u00edculos de Alilaguna (naranja).<br \/>\nDesde el <strong>Aeropuerto Antonio Canova de Treviso<\/strong> (TSF) se puede llegar a Venecia tomando el bus ATVO en direcci\u00f3n a Venezia-Piazzale Roma, desde donde se prosigue con una lanch\u00f3n de pasajeros (l\u00edneas 1 &#8211; 4.2 \u2013 5.2).<br \/>\nCualquiera que sea la l\u00ednea ACTV elegida (1 &#8211; 4.2 \u2013 5.2), tras bajar en la parada aconsejada, llegar\u00e1 al hotel en s\u00f3lo 7 minutos. (Para m\u00e1s informaci\u00f3n sobre transportes p\u00fablicos, haga clic en actv (<a href=\"http:\/\/www.actv.it\/\" target=\"_blank\" rel=\"nofollow noopener noreferrer\">www.actv.it<\/a>).<\/p>\n<h3 id=\"ui-accordion-1-header-1\" class=\"ui-accordion-header ui-helper-reset ui-state-default ui-accordion-icons ui-state-focus ui-accordion-header-active ui-state-active ui-corner-top\" tabindex=\"0\">En tren<\/h3>\n<p class=\"testoaccordion\">Si viene en tren, nada m\u00e1s salir de la Estaci\u00f3n de Venecia Sta. Luc\u00eda encontrar\u00e1 los embarcaderos de los taxis acu\u00e1ticos o de las l\u00edneas p\u00fablicas de transporte acu\u00e1tico ACTV (1 \u2013 4.2 \u2013 5.2) para llegar al Hotel.<br \/>\nCualquiera que sea la l\u00ednea ACTV elegida (1 &#8211; 4.2 \u2013 5.2), tras bajar en la parada aconsejada, llegar\u00e1 al hotel en s\u00f3lo 7 minutos. (Para m\u00e1s informaci\u00f3n sobre transportes p\u00fablicos, haga clic en actv (<a href=\"http:\/\/www.actv.it\/\" target=\"_blank\" rel=\"nofollow noopener noreferrer\">www.actv.it<\/a>).<\/p>\n<h3 id=\"ui-accordion-1-header-2\" class=\"ui-accordion-header ui-helper-reset ui-state-default ui-accordion-icons ui-state-focus ui-accordion-header-active ui-state-active ui-corner-top\" tabindex=\"0\">En coche<\/h3>\n<p class=\"testoaccordion\">Si viene en coche por las autopistas A57 -A4 Passante di Mestre o A27, salga en el peaje de Venecia y siguiendo la tangenziale tome la direcci\u00f3n de Venecia.<br \/>\nPasados 3 km, cruzar\u00e1 el \u00abPuente de la Libertad\u00bb (NOTA: \u00a1atenci\u00f3n a los l\u00edmites de velocidad en ambos sentidos de la marcha!) al final del cual, despu\u00e9s del sem\u00e1foro, llegar\u00e1 a \u00abPiazzale Roma\u00bb, donde podr\u00e1 aparcar el autom\u00f3vil en el Garaje Comunale o en el Garaje San Marco; tambi\u00e9n puede acercarse hasta el aparcamiento del \u00abTronchetto\u00bb, al lado de Piazzale Roma, girando a la derecha en el sem\u00e1foro.<br \/>\nDesde ambos aparcamientos podr\u00e1 tomar las l\u00edneas acu\u00e1ticas p\u00fablicas (ACTV) o un taxi acu\u00e1tico para llegar al Hotel.<br \/>\nCualquiera que sea la l\u00ednea ACTV elegida (1 &#8211;\u00a04.2 \u2013 5.2), tras bajar en la parada aconsejada, llegara al hotel en s\u00f3lo 7 minutos. (Para m\u00e1s informaci\u00f3n sobre transportes p\u00fablicos, haga clic en actv (<a href=\"http:\/\/www.actv.it\/\" target=\"_blank\" rel=\"nofollow noopener noreferrer\">www.actv.it<\/a>).<br \/>\nSi llega en lanch\u00f3n de pasajeros, en el embarcadero de S. Marcuola\/Casino ( l\u00ednea 1), atraviese el Campo (plaza veneciana) frente a la iglesia y gire a la izquierda por detr\u00e1s de dicha Iglesia. Prosiga entonces por Rio Terr\u00e0 del Cristo, a su derecha, y contin\u00fae todo recto por Rio Terr\u00e0 Farsetti, hasta el puente de madera. Pasado el puente, gire a la derecha y prosiga por la primera calle a la izquierda, calle del Forno, al final de la cual, a la derecha, encontrar\u00e1 el Hotel.<br \/>\nSi llega en lanch\u00f3n de pasajeros hasta el embarcadero de Orto (Madonna dell\u2019Orto \/ l\u00edneas 4.2 \u2013 5.2 \u2013 Alilaguna (naranja) desde el Aeropuerto Marco Polo VCE, prosiga todo recto por Calle Larga Piave hasta la Fondamenta della Madonna dell\u2019Orto. Una vez all\u00ed, contin\u00fae hacia la derecha, siguiendo la Fondamenta, y, pasado el puente, por Calle Loredan. Al final de la calle, gire a la izquierda y encontrar\u00e1 el Hotel. (Para m\u00e1s informaci\u00f3n sobre transportes p\u00fablicos, haga clic en actv (<a href=\"http:\/\/www.actv.it\/\" target=\"_blank\" rel=\"nofollow noopener noreferrer\">www.actv.it<\/a>).<\/p>\n<h3 id=\"ui-accordion-1-header-3\" class=\"ui-accordion-header ui-helper-reset ui-state-default ui-accordion-icons ui-accordion-header-active ui-state-active ui-corner-top ui-state-focus\" tabindex=\"0\">En el barco<\/h3>\n<p>Para llegar desde la <strong>Terminal de Cruceros (Costa, Carnival, P&amp;O, Princess, Cunard, Aida, etc.)<\/strong> puede tomar un taxi acu\u00e1tico privado desde el cercano embarcadero flotante, que en unos 20 minutos le lleva directamente a la entrada del Hotel; tambi\u00e9n puede caminar hacia la aleda\u00f1a parada del tren \u00ab<i>People Mover<\/i>\u00bb hasta Piazzale Roma y, desde all\u00ed, coger la lancha p\u00fablica, l\u00edneas 1 \u2013 4.2 \u2013 5.2, y bajar en la parada m\u00e1s cercana, seg\u00fan la l\u00ednea elegida. Le aconsejamos que coja la l\u00ednea 1 y baje en San Marcuola\/Casino\u2019.<\/p>\n<p>Para llegar desde la <strong>Terminal de San Basilio (Venezialines, Windstar, Yachts Charter, Club Med)<\/strong>, en la contigua planchada flotante de la ACTV puede coger un c\u00f3modo taxi acu\u00e1tico privado (franja amarilla), que le llevar\u00e1 directamente al Hotel. Tambi\u00e9n puede tomar la lancha (l\u00ednea 2) en direcci\u00f3n Piazzale Roma \u2013 Rialto y bajar en la parada de San Marcuola\/Casino\u2019. Aseg\u00farese de que se monta en la lancha de la l\u00ednea 2 que se para en San Marcuola, ya que no todas se detienen ah\u00ed, seg\u00fan el d\u00eda y la hora.[\/vc_column_text][vc_raw_html]JTNDYSUyMGhyZWYlM0QlMjJqYXZhc2NyaXB0JTNBdGhpcy53aW5kb3cucHJpbnQlMjglMjklM0IlMjIlM0VJbXByZXNpJUMzJUIzbiUzQyUyRmElM0U=[\/vc_raw_html][\/vc_column][\/vc_row]\n<\/div>","protected":false},"excerpt":{"rendered":"<p>[vc_row css=\u00bb.vc_custom_1457457176111{padding: 20px !important;}\u00bb][vc_column][vc_raw_html]JTNDaWZyYW1lJTIwc3JjJTNEJTIyJTJGd3AtY29udGVudCUyRnRoZW1lcyUyRm1vcmlob3RlbCUyRm1hcHBhLmh0bSUyMiUyMHdpZHRoJTNEJTIyMTAwJTI1JTIyJTIwaGVpZ2h0JTNEJTIyNTUwJTIyJTIwZnJhbWVib3JkZXIlM0QlMjIwJTIyJTNFJTNDJTJGaWZyYW1lJTNF[\/vc_raw_html][vc_column_text] Hotel Ai Mori d\u2019Oriente Fondamenta della Sensa Cannaregio 3319 30121 Venecia (VE) Tel. +39 041 711001 En avi\u00f3n Desde el Aeropuerto Marco Polo de Venecia (VCE) se llega al casco antiguo de la ciudad tanto por tierra, con taxi o autob\u00fas, como por agua, utilizando un taxi acu\u00e1tico o los veh\u00edculos [&hellip;]<\/p>\n","protected":false},"author":32,"featured_media":0,"parent":0,"menu_order":0,"comment_status":"closed","ping_status":"closed","template":"page_landing.php","meta":{"_genesis_hide_title":false,"_genesis_hide_breadcrumbs":false,"_genesis_hide_singular_image":false,"_genesis_hide_footer_widgets":false,"_genesis_custom_body_class":"comeraggiungerci","_genesis_custom_post_class":"","_genesis_layout":"","footnotes":""},"class_list":{"0":"post-2842","1":"page","2":"type-page","3":"status-publish","5":"entry"},"yoast_head":"<!-- This site is optimized with the Yoast SEO plugin v25.6 - https:\/\/yoast.com\/wordpress\/plugins\/seo\/ -->\n<title>C\u00f3mo llegar - Hotel Ai Mori d&#039;Oriente<\/title>\n<meta name=\"description\" content=\"C\u00f3mo llegar, Hotel Ai Mori d&#039;Oriente:\" \/>\n<meta name=\"robots\" content=\"index, follow, max-snippet:-1, max-image-preview:large, max-video-preview:-1\" \/>\n<link rel=\"canonical\" href=\"https:\/\/www.morihotel.com\/es\/como-llegar\/\" \/>\n<meta property=\"og:locale\" content=\"es_ES\" \/>\n<meta property=\"og:type\" content=\"article\" \/>\n<meta property=\"og:title\" content=\"C\u00f3mo llegar - Hotel Ai Mori d&#039;Oriente\" \/>\n<meta property=\"og:description\" content=\"C\u00f3mo llegar, Hotel Ai Mori d&#039;Oriente:\" \/>\n<meta property=\"og:url\" content=\"https:\/\/www.morihotel.com\/es\/como-llegar\/\" \/>\n<meta property=\"og:site_name\" content=\"Hotel Ai Mori d&#039;Oriente\" \/>\n<meta property=\"article:modified_time\" content=\"2019-07-11T10:47:10+00:00\" \/>\n<meta name=\"twitter:label1\" content=\"Tiempo de lectura\" \/>\n\t<meta name=\"twitter:data1\" content=\"5 minutos\" \/>\n<script type=\"application\/ld+json\" class=\"yoast-schema-graph\">{\"@context\":\"https:\/\/schema.org\",\"@graph\":[{\"@type\":\"WebPage\",\"@id\":\"https:\/\/www.morihotel.com\/es\/como-llegar\/\",\"url\":\"https:\/\/www.morihotel.com\/es\/como-llegar\/\",\"name\":\"C\u00f3mo llegar - Hotel Ai Mori d&#039;Oriente\",\"isPartOf\":{\"@id\":\"https:\/\/www.morihotel.com\/es\/#website\"},\"datePublished\":\"2016-03-23T10:18:36+00:00\",\"dateModified\":\"2019-07-11T10:47:10+00:00\",\"description\":\"C\u00f3mo llegar, Hotel Ai Mori d&#039;Oriente:\",\"breadcrumb\":{\"@id\":\"https:\/\/www.morihotel.com\/es\/como-llegar\/#breadcrumb\"},\"inLanguage\":\"es\",\"potentialAction\":[{\"@type\":\"ReadAction\",\"target\":[\"https:\/\/www.morihotel.com\/es\/como-llegar\/\"]}]},{\"@type\":\"BreadcrumbList\",\"@id\":\"https:\/\/www.morihotel.com\/es\/como-llegar\/#breadcrumb\",\"itemListElement\":[{\"@type\":\"ListItem\",\"position\":1,\"name\":\"Home\",\"item\":\"https:\/\/www.morihotel.com\/es\/\"},{\"@type\":\"ListItem\",\"position\":2,\"name\":\"C\u00f3mo llegar\"}]},{\"@type\":\"WebSite\",\"@id\":\"https:\/\/www.morihotel.com\/es\/#website\",\"url\":\"https:\/\/www.morihotel.com\/es\/\",\"name\":\"Hotel Ai Mori d&#039;Oriente\",\"description\":\"\",\"potentialAction\":[{\"@type\":\"SearchAction\",\"target\":{\"@type\":\"EntryPoint\",\"urlTemplate\":\"https:\/\/www.morihotel.com\/es\/?s={search_term_string}\"},\"query-input\":{\"@type\":\"PropertyValueSpecification\",\"valueRequired\":true,\"valueName\":\"search_term_string\"}}],\"inLanguage\":\"es\"}]}<\/script>\n<!-- \/ Yoast SEO plugin. -->","yoast_head_json":{"title":"C\u00f3mo llegar - Hotel Ai Mori d&#039;Oriente","description":"C\u00f3mo llegar, Hotel Ai Mori d&#039;Oriente:","robots":{"index":"index","follow":"follow","max-snippet":"max-snippet:-1","max-image-preview":"max-image-preview:large","max-video-preview":"max-video-preview:-1"},"canonical":"https:\/\/www.morihotel.com\/es\/como-llegar\/","og_locale":"es_ES","og_type":"article","og_title":"C\u00f3mo llegar - Hotel Ai Mori d&#039;Oriente","og_description":"C\u00f3mo llegar, Hotel Ai Mori d&#039;Oriente:","og_url":"https:\/\/www.morihotel.com\/es\/como-llegar\/","og_site_name":"Hotel Ai Mori d&#039;Oriente","article_modified_time":"2019-07-11T10:47:10+00:00","twitter_misc":{"Tiempo de lectura":"5 minutos"},"schema":{"@context":"https:\/\/schema.org","@graph":[{"@type":"WebPage","@id":"https:\/\/www.morihotel.com\/es\/como-llegar\/","url":"https:\/\/www.morihotel.com\/es\/como-llegar\/","name":"C\u00f3mo llegar - Hotel Ai Mori d&#039;Oriente","isPartOf":{"@id":"https:\/\/www.morihotel.com\/es\/#website"},"datePublished":"2016-03-23T10:18:36+00:00","dateModified":"2019-07-11T10:47:10+00:00","description":"C\u00f3mo llegar, Hotel Ai Mori d&#039;Oriente:","breadcrumb":{"@id":"https:\/\/www.morihotel.com\/es\/como-llegar\/#breadcrumb"},"inLanguage":"es","potentialAction":[{"@type":"ReadAction","target":["https:\/\/www.morihotel.com\/es\/como-llegar\/"]}]},{"@type":"BreadcrumbList","@id":"https:\/\/www.morihotel.com\/es\/como-llegar\/#breadcrumb","itemListElement":[{"@type":"ListItem","position":1,"name":"Home","item":"https:\/\/www.morihotel.com\/es\/"},{"@type":"ListItem","position":2,"name":"C\u00f3mo llegar"}]},{"@type":"WebSite","@id":"https:\/\/www.morihotel.com\/es\/#website","url":"https:\/\/www.morihotel.com\/es\/","name":"Hotel Ai Mori d&#039;Oriente","description":"","potentialAction":[{"@type":"SearchAction","target":{"@type":"EntryPoint","urlTemplate":"https:\/\/www.morihotel.com\/es\/?s={search_term_string}"},"query-input":{"@type":"PropertyValueSpecification","valueRequired":true,"valueName":"search_term_string"}}],"inLanguage":"es"}]}},"publishpress_future_action":{"enabled":false,"date":"2026-04-24 14:27:51","action":"change-status","newStatus":"draft","terms":[],"taxonomy":"translation_priority","extraData":[]},"publishpress_future_workflow_manual_trigger":{"enabledWorkflows":[]},"_links":{"self":[{"href":"https:\/\/www.morihotel.com\/es\/wp-json\/wp\/v2\/pages\/2842","targetHints":{"allow":["GET"]}}],"collection":[{"href":"https:\/\/www.morihotel.com\/es\/wp-json\/wp\/v2\/pages"}],"about":[{"href":"https:\/\/www.morihotel.com\/es\/wp-json\/wp\/v2\/types\/page"}],"author":[{"embeddable":true,"href":"https:\/\/www.morihotel.com\/es\/wp-json\/wp\/v2\/users\/32"}],"replies":[{"embeddable":true,"href":"https:\/\/www.morihotel.com\/es\/wp-json\/wp\/v2\/comments?post=2842"}],"version-history":[{"count":2,"href":"https:\/\/www.morihotel.com\/es\/wp-json\/wp\/v2\/pages\/2842\/revisions"}],"predecessor-version":[{"id":29227,"href":"https:\/\/www.morihotel.com\/es\/wp-json\/wp\/v2\/pages\/2842\/revisions\/29227"}],"wp:attachment":[{"href":"https:\/\/www.morihotel.com\/es\/wp-json\/wp\/v2\/media?parent=2842"}],"curies":[{"name":"wp","href":"https:\/\/api.w.org\/{rel}","templated":true}]}}