{"id":2821,"date":"2016-03-03T10:50:50","date_gmt":"2016-03-03T10:50:50","guid":{"rendered":"https:\/\/www.morihotel.com\/es\/descrizione\/"},"modified":"2021-04-01T17:53:35","modified_gmt":"2021-04-01T15:53:35","slug":"descripcion","status":"publish","type":"page","link":"https:\/\/www.morihotel.com\/es\/descripcion\/","title":{"rendered":"Descripci\u00f3n"},"content":{"rendered":"<div class=\"wpb-content-wrapper\">[vc_row el_class=\u00bbwrap box_top\u00bb][vc_column][vc_column_text el_class=\u00bbbox_bottom\u00bb]\n<div class=\"txt-interno\">\n<h4>Descripci\u00f3n<\/h4>\n<p><img decoding=\"async\" src=\"\/wp-content\/uploads\/2013\/09\/decorazione.png\" alt=\"\" \/><br \/>\nHotel de 4 estrellas para vivir <strong>Venecia<\/strong> en ambientes evocadores y confortables, dedicados a momentos especiales como <strong>aniversarios<\/strong>, viajes de bodas o <strong>fines de semana rom\u00e1nticos<\/strong>, el <strong>Hotel Ai Mori d\u2019Oriente <\/strong>revela un encanto irresistible.<\/p>\n<p>El palacio de siglo XV donde se halla el hotel, asomado al <strong>Canal della Sensa<\/strong>, fue morada de los llamados Moros, comerciantes turcos de seda y especias en la \u00e9poca de la Serenissima. Este florido per\u00edodo de intercambios se refleja en los ambientes del hotel, donde la sofisticada ornamentaci\u00f3n crea una seductora atm\u00f3sfera con <strong>encanto<\/strong><\/p>\n<p>El equipamiento de <strong>comodidades<\/strong> incluye <strong>Wi-Fi<\/strong>, climatizador con ajuste individual y ascensor a la planta noble. Adem\u00e1s, delante del hotel, un agradable <strong>dehors<\/strong> asomado al canal, ideal para relajarse con un libro o tomar un aperitivo o un c\u00f3ctel servido por el \u00ab<strong>Oasi d&#8217;Oriente<\/strong>\u00ab, el bar americano del hotel.<\/p>\n<p>En la planta noble del palacio, caracterizada por sus suelos en aut\u00e9ntico \u00ab<em>terrazzo veneciano<\/em>\u00ab, se halla una agradable <strong>salita de lectura<\/strong>.<\/p>\n<\/div>\n[\/vc_column_text][\/vc_column][\/vc_row][vc_row][vc_column][vc_empty_space][\/vc_column][\/vc_row][vc_row equal_height=\u00bbyes\u00bb content_placement=\u00bbmiddle\u00bb el_class=\u00bbwrap\u00bb][vc_column width=\u00bb1\/2&#8243;][vc_column_text]\n<div class=\"liste\">\n<dl>\n<dt><\/dt>\n<dt>Descripci\u00f3n<\/dt>\n<dd>\u2022 Hall<\/dd>\n<dd>\u2022 Recepci\u00f3n<\/dd>\n<dd>\u2022 Salita Internet<\/dd>\n<dd>\u2022 Salita de lectura<\/dd>\n<dd>\u2022 Snack bar americano \u00abOasi d&#8217;Oriente\u00bb<\/dd>\n<dd>\u2022 Dehors asomado al canal<\/dd>\n<dd>\u2022 Sala de reuniones (20 plazas)<\/dd>\n<\/dl>\n<\/div>\n[\/vc_column_text][\/vc_column][vc_column width=\u00bb1\/2&#8243;]<div class=\"ult-ih-container ult-adjust-bottom-margin  \" >\t<ul class=\"ult-ih-list \"  data-shape=\"circle\"  data-width=\"300\"  data-height=\"300\"  data-res_width=\"250\"  data-res_height=\"250\"  style=\"text-align:right; \"><li id=\"ult-ih-list-item-1143\" class=\"ult-ih-list-item\" style=\"height: 300px; width: 300px;  margin: 15px\"><a class=\"ult-ih-link\" href=\"https:\/\/www.morihotel.com\/es\/servicios\/\" target=\"\"  title=\"\" ><div style=\"height: 300px; width: 300px; \" class=\"ult-ih-item ult-ih-effect17    \"><div class=\"ult-ih-image-block\" style=\"height: 300px; width: 300px; \">\t<div class=\"ult-ih-wrapper\" style=\"border-style: solid; border-color: rgba(255,255,255,0.2); border-width: 20px;\"><\/div>\t<img decoding=\"async\" class=\"ult-ih-image\" src=\"https:\/\/www.morihotel.com\/wp-content\/uploads\/2016\/03\/DETTAGLIO-MASCHERA-LIBRO-1.jpg\" alt=\"null\"><\/div><div class=\"ult-ih-info\" style=\"background-color: rgba(0,0,0,0.75); \">\t<div class=\"ult-ih-info-back\">\t<div class=\"ult-ih-content\">\t\t\t<div class=\"ult-ih-heading-block\" style=\"\">\t\t\t\t<h3 class=\"ult-ih-heading ult-responsive\" style=\"color:#ffffff;\"  data-ultimate-target='#ult-ih-list-item-1143 .ult-ih-heading'  data-responsive-json-new='{\"font-size\":\"desktop:22px;\",\"line-height\":\"desktop:28px;\"}' >Servicios<\/h3>\t\t\t<\/div>\t\t\t<div class=\"ult-ih-divider-block\" style=\"height:1px;\">\t\t\t\t<span class=\"ult-ih-line\" style=\"border-style:solid;border-color:rgba(255,255,255,0.75);width:100px;border-width:1px;\"><\/span>\t\t\t<\/div>\t\t\t<div class=\"ult-ih-description-block\" style=\"\">\t\t\t\t<div class=\"ult-ih-description ult-responsive\" style=\"color:#bbbbbb;\"  data-ultimate-target='#ult-ih-list-item-1143 .ult-ih-description, #ult-ih-list-item-1143 .ult-ih-description p'  data-responsive-json-new='{\"font-size\":\"desktop:12px;\",\"line-height\":\"desktop:18px;\"}' >\t\t\t\t<\/div>\t\t\t<\/div>\t<\/div>\t<\/div><\/div><\/div><\/a><\/li>\t<\/ul><\/div>[\/vc_column][\/vc_row][vc_row][vc_column][vc_empty_space height=\u00bb60px\u00bb][\/vc_column][\/vc_row][vc_row full_width=\u00bbstretch_row_content_no_spaces\u00bb equal_height=\u00bbyes\u00bb content_placement=\u00bbmiddle\u00bb parallax_content=\u00bbparallax_content_value\u00bb el_class=\u00bbbox-home-both\u00bb][vc_column width=\u00bb1\/2&#8243; css=\u00bb.vc_custom_1457090284893{background-image: url(https:\/\/www.morihotel.com\/wp-content\/uploads\/2013\/09\/box-1.jpg?id=1441) !important;background-position: center !important;background-repeat: no-repeat !important;background-size: cover !important;}\u00bb][vc_row_inner el_class=\u00bbbox-home-nero\u00bb][vc_column_inner][vc_empty_space height=\u00bb90px\u00bb][vc_column_text css_animation=\u00bbappear\u00bb]\n<h2>vivir Venecia en<br \/>\nambientes evocadores<\/h2>\n[\/vc_column_text][vc_single_image image=\u00bb1430&#8243; img_size=\u00bbfull\u00bb alignment=\u00bbcenter\u00bb css_animation=\u00bbappear\u00bb][vc_btn title=\u00bbGaleria de fotos\u00bb style=\u00bboutline\u00bb shape=\u00bbsquare\u00bb color=\u00bbwhite\u00bb size=\u00bblg\u00bb align=\u00bbcenter\u00bb css_animation=\u00bbappear\u00bb link=\u00bburl:https%3A%2F%2Fwww.morihotel.com%2Fes%2Fgaleria-de-fotos%2F||\u00bb][vc_empty_space height=\u00bb90px\u00bb][\/vc_column_inner][\/vc_row_inner][\/vc_column][vc_column width=\u00bb1\/2&#8243; css=\u00bb.vc_custom_1457090300035{background-image: url(https:\/\/www.morihotel.com\/wp-content\/uploads\/2013\/09\/box-2.jpg?id=1448) !important;background-position: center !important;background-repeat: no-repeat !important;background-size: cover !important;}\u00bb][vc_row_inner el_class=\u00bbbox-home-bianco\u00bb][vc_column_inner][vc_empty_space height=\u00bb90px\u00bb][vc_column_text css_animation=\u00bbappear\u00bb]\n<h2>un exclusivo<br \/>\nrefugio rom\u00e1ntico<\/h2>\n[\/vc_column_text][vc_single_image image=\u00bb1430&#8243; img_size=\u00bbfull\u00bb alignment=\u00bbcenter\u00bb css_animation=\u00bbappear\u00bb][vc_btn title=\u00bbHabitaciones\u00bb style=\u00bboutline\u00bb shape=\u00bbsquare\u00bb color=\u00bbwhite\u00bb size=\u00bblg\u00bb align=\u00bbcenter\u00bb css_animation=\u00bbappear\u00bb link=\u00bburl:https%3A%2F%2Fwww.morihotel.com%2Fes%2Fhabitaciones%2F||\u00bb][vc_empty_space height=\u00bb90px\u00bb][\/vc_column_inner][\/vc_row_inner][\/vc_column][\/vc_row][vc_row el_class=\u00bbwrap box_top\u00bb][vc_column][vc_column_text el_class=\u00bbbox_bottom\u00bb]\n<div id=\"box-offerte\">\n<h2>Ofertas especiales<\/h2>\n<p><img decoding=\"async\" src=\"\/wp-content\/uploads\/2013\/09\/decorazione.png\" alt=\"\" \/><br \/>\n<div class=\"gallery-view\"><div class=\"offer-package-4\"><div style=\"position:relative; margin-left:auto; margin-right:auto; overflow:hidden; width:px;\"><a href=\"https:\/\/www.morihotel.com\/es\/offers\/scrappy-doo-offer\/\"><img loading=\"lazy\" decoding=\"async\" width=\"210\" height=\"210\" src=\"https:\/\/www.morihotel.com\/wp-content\/uploads\/2022\/08\/SCRAPPY-MORI-210x210.jpg\" class=\"size-thumbnail\" alt=\"\" srcset=\"https:\/\/www.morihotel.com\/wp-content\/uploads\/2022\/08\/SCRAPPY-MORI-210x210.jpg 210w, https:\/\/www.morihotel.com\/wp-content\/uploads\/2022\/08\/SCRAPPY-MORI-150x150.jpg 150w, https:\/\/www.morihotel.com\/wp-content\/uploads\/2022\/08\/SCRAPPY-MORI-32x32.jpg 32w, https:\/\/www.morihotel.com\/wp-content\/uploads\/2022\/08\/SCRAPPY-MORI-128x128.jpg 128w, https:\/\/www.morihotel.com\/wp-content\/uploads\/2022\/08\/SCRAPPY-MORI-268x268.jpg 268w, https:\/\/www.morihotel.com\/wp-content\/uploads\/2022\/08\/SCRAPPY-MORI-500x500.jpg 500w, https:\/\/www.morihotel.com\/wp-content\/uploads\/2022\/08\/SCRAPPY-MORI-930x930.jpg 930w\" sizes=\"auto, (max-width: 210px) 100vw, 210px\" \/><\/a><div class=\"background-offer-gallery\"><img decoding=\"async\" src=\"https:\/\/www.morihotel.com\/wp-content\/uploads\/2013\/09\/bkg-white704.png\" \/>   <div class=\"highlight-text-gallery\"><a href=\"https:\/\/www.morihotel.com\/es\/offers\/scrappy-doo-offer\/\">Paquete<\/a><\/div><\/div><div class=\"background-tag-gallery\">\n                            <img decoding=\"async\" src=\"https:\/\/www.morihotel.com\/wp-content\/uploads\/2013\/09\/package_icon.png\"><\/div><\/div><div class=\"original-price\"><\/div><div class=\"reducted-price\"><\/div><div class=\"clear\"><\/div><div class=\"offer_title\"><a href=\"https:\/\/www.morihotel.com\/es\/offers\/scrappy-doo-offer\/\">Promoci\u00f3n Scrappy-Doo<\/a><\/div><div class=\"package-gallery\"><div><\/div><div><\/div><div><\/div><div><\/div><\/div><\/div><div class=\"offer-package-4\"><div style=\"position:relative; margin-left:auto; margin-right:auto; overflow:hidden; width:px;\"><a href=\"https:\/\/www.morihotel.com\/es\/offers\/romantic-venice\/\"><img loading=\"lazy\" decoding=\"async\" width=\"210\" height=\"210\" src=\"https:\/\/www.morihotel.com\/wp-content\/uploads\/2018\/01\/ROM-VCE-324-210x210.jpg\" class=\"size-thumbnail\" alt=\"\" srcset=\"https:\/\/www.morihotel.com\/wp-content\/uploads\/2018\/01\/ROM-VCE-324-210x210.jpg 210w, https:\/\/www.morihotel.com\/wp-content\/uploads\/2018\/01\/ROM-VCE-324-150x150.jpg 150w, https:\/\/www.morihotel.com\/wp-content\/uploads\/2018\/01\/ROM-VCE-324-32x32.jpg 32w, https:\/\/www.morihotel.com\/wp-content\/uploads\/2018\/01\/ROM-VCE-324-128x128.jpg 128w, https:\/\/www.morihotel.com\/wp-content\/uploads\/2018\/01\/ROM-VCE-324-268x268.jpg 268w, https:\/\/www.morihotel.com\/wp-content\/uploads\/2018\/01\/ROM-VCE-324-500x500.jpg 500w, https:\/\/www.morihotel.com\/wp-content\/uploads\/2018\/01\/ROM-VCE-324-930x930.jpg 930w\" sizes=\"auto, (max-width: 210px) 100vw, 210px\" \/><\/a><div class=\"background-offer-gallery\"><img decoding=\"async\" src=\"https:\/\/www.morihotel.com\/wp-content\/uploads\/2013\/09\/bkg-white704.png\" \/>   <div class=\"highlight-text-gallery\"><a href=\"https:\/\/www.morihotel.com\/es\/offers\/romantic-venice\/\">Paquete<\/a><\/div><\/div><div class=\"background-tag-gallery\">\n                            <img decoding=\"async\" src=\"https:\/\/www.morihotel.com\/wp-content\/uploads\/2013\/09\/package_icon.png\"><\/div><\/div><div class=\"original-price\"><\/div><div class=\"reducted-price\"><\/div><div class=\"clear\"><\/div><div class=\"offer_title\"><a href=\"https:\/\/www.morihotel.com\/es\/offers\/romantic-venice\/\">Romantica Venecia<\/a><\/div><div class=\"package-gallery\"><div><\/div><div><\/div><div><\/div><div><\/div><\/div><\/div><div class=\"offer-package-4\"><div style=\"position:relative; margin-left:auto; margin-right:auto; overflow:hidden; width:px;\"><a href=\"https:\/\/www.morihotel.com\/es\/offers\/book-your-box-at-the-fenice-opera-house\/\"><img loading=\"lazy\" decoding=\"async\" width=\"210\" height=\"210\" src=\"https:\/\/www.morihotel.com\/wp-content\/uploads\/2016\/03\/opera-974148-210x210.jpg\" class=\"size-thumbnail\" alt=\"\" srcset=\"https:\/\/www.morihotel.com\/wp-content\/uploads\/2016\/03\/opera-974148-210x210.jpg 210w, https:\/\/www.morihotel.com\/wp-content\/uploads\/2016\/03\/opera-974148-150x150.jpg 150w, https:\/\/www.morihotel.com\/wp-content\/uploads\/2016\/03\/opera-974148-32x32.jpg 32w, https:\/\/www.morihotel.com\/wp-content\/uploads\/2016\/03\/opera-974148-128x128.jpg 128w, https:\/\/www.morihotel.com\/wp-content\/uploads\/2016\/03\/opera-974148-268x268.jpg 268w, https:\/\/www.morihotel.com\/wp-content\/uploads\/2016\/03\/opera-974148-500x500.jpg 500w, https:\/\/www.morihotel.com\/wp-content\/uploads\/2016\/03\/opera-974148-930x930.jpg 930w\" sizes=\"auto, (max-width: 210px) 100vw, 210px\" \/><\/a><div class=\"background-offer-gallery\"><img decoding=\"async\" src=\"https:\/\/www.morihotel.com\/wp-content\/uploads\/2013\/09\/bkg-white704.png\" \/>   <div class=\"highlight-text-gallery\"><a href=\"https:\/\/www.morihotel.com\/es\/offers\/book-your-box-at-the-fenice-opera-house\/\">Paquete<\/a><\/div><\/div><div class=\"background-tag-gallery\">\n                            <img decoding=\"async\" src=\"https:\/\/www.morihotel.com\/wp-content\/uploads\/2013\/09\/package_icon.png\"><\/div><\/div><div class=\"original-price\"><\/div><div class=\"reducted-price\"><\/div><div class=\"clear\"><\/div><div class=\"offer_title\"><a href=\"https:\/\/www.morihotel.com\/es\/offers\/book-your-box-at-the-fenice-opera-house\/\">Una noche en la \u00abPrimera\u00bb Teatro La Fenice 2025-2026<\/a><\/div><div class=\"package-gallery\"><div><\/div><div>hasta el 31 de Octubre 2026<\/div><div><\/div><div><\/div><\/div><\/div><\/div>\n<h5><a href=\"https:\/\/www.morihotel.com\/es\/ofertas-especiales\/\">Ir a la lista completa<\/a><\/h5>\n<\/div>\n[\/vc_column_text][\/vc_column][\/vc_row]\n<\/div>","protected":false},"excerpt":{"rendered":"<p>[vc_row el_class=\u00bbwrap box_top\u00bb][vc_column][vc_column_text el_class=\u00bbbox_bottom\u00bb] Descripci\u00f3n Hotel de 4 estrellas para vivir Venecia en ambientes evocadores y confortables, dedicados a momentos especiales como aniversarios, viajes de bodas o fines de semana rom\u00e1nticos, el Hotel Ai Mori d\u2019Oriente revela un encanto irresistible. El palacio de siglo XV donde se halla el hotel, asomado al Canal della Sensa, [&hellip;]<\/p>\n","protected":false},"author":32,"featured_media":0,"parent":0,"menu_order":0,"comment_status":"closed","ping_status":"closed","template":"","meta":{"_genesis_hide_title":false,"_genesis_hide_breadcrumbs":false,"_genesis_hide_singular_image":false,"_genesis_hide_footer_widgets":false,"_genesis_custom_body_class":"","_genesis_custom_post_class":"","_genesis_layout":"","footnotes":""},"class_list":{"0":"post-2821","1":"page","2":"type-page","3":"status-publish","5":"entry"},"yoast_head":"<!-- This site is optimized with the Yoast SEO plugin v25.6 - https:\/\/yoast.com\/wordpress\/plugins\/seo\/ -->\n<title>Hotel con encanto Venecia | Hotel en Venecia para viajes de bodas<\/title>\n<meta name=\"description\" content=\"Hotel de 4 estrellas para vivir Venecia en ambientes evocadores y confortables, dedicados a momentos especiales como aniversarios, viajes de bodas o fines de semana rom\u00e1nticos.\" \/>\n<meta name=\"robots\" content=\"index, follow, max-snippet:-1, max-image-preview:large, max-video-preview:-1\" \/>\n<link rel=\"canonical\" href=\"https:\/\/www.morihotel.com\/es\/descripcion\/\" \/>\n<meta property=\"og:locale\" content=\"es_ES\" \/>\n<meta property=\"og:type\" content=\"article\" \/>\n<meta property=\"og:title\" content=\"Hotel con encanto Venecia | Hotel en Venecia para viajes de bodas\" \/>\n<meta property=\"og:description\" content=\"Hotel de 4 estrellas para vivir Venecia en ambientes evocadores y confortables, dedicados a momentos especiales como aniversarios, viajes de bodas o fines de semana rom\u00e1nticos.\" \/>\n<meta property=\"og:url\" content=\"https:\/\/www.morihotel.com\/es\/descripcion\/\" \/>\n<meta property=\"og:site_name\" content=\"Hotel Ai Mori d&#039;Oriente\" \/>\n<meta property=\"article:modified_time\" content=\"2021-04-01T15:53:35+00:00\" \/>\n<meta name=\"twitter:label1\" content=\"Tiempo de lectura\" \/>\n\t<meta name=\"twitter:data1\" content=\"3 minutos\" \/>\n<script type=\"application\/ld+json\" class=\"yoast-schema-graph\">{\"@context\":\"https:\/\/schema.org\",\"@graph\":[{\"@type\":\"WebPage\",\"@id\":\"https:\/\/www.morihotel.com\/es\/descripcion\/\",\"url\":\"https:\/\/www.morihotel.com\/es\/descripcion\/\",\"name\":\"Hotel con encanto Venecia | Hotel en Venecia para viajes de bodas\",\"isPartOf\":{\"@id\":\"https:\/\/www.morihotel.com\/es\/#website\"},\"datePublished\":\"2016-03-03T10:50:50+00:00\",\"dateModified\":\"2021-04-01T15:53:35+00:00\",\"description\":\"Hotel de 4 estrellas para vivir Venecia en ambientes evocadores y confortables, dedicados a momentos especiales como aniversarios, viajes de bodas o fines de semana rom\u00e1nticos.\",\"breadcrumb\":{\"@id\":\"https:\/\/www.morihotel.com\/es\/descripcion\/#breadcrumb\"},\"inLanguage\":\"es\",\"potentialAction\":[{\"@type\":\"ReadAction\",\"target\":[\"https:\/\/www.morihotel.com\/es\/descripcion\/\"]}]},{\"@type\":\"BreadcrumbList\",\"@id\":\"https:\/\/www.morihotel.com\/es\/descripcion\/#breadcrumb\",\"itemListElement\":[{\"@type\":\"ListItem\",\"position\":1,\"name\":\"Home\",\"item\":\"https:\/\/www.morihotel.com\/es\/\"},{\"@type\":\"ListItem\",\"position\":2,\"name\":\"Descripci\u00f3n\"}]},{\"@type\":\"WebSite\",\"@id\":\"https:\/\/www.morihotel.com\/es\/#website\",\"url\":\"https:\/\/www.morihotel.com\/es\/\",\"name\":\"Hotel Ai Mori d&#039;Oriente\",\"description\":\"\",\"potentialAction\":[{\"@type\":\"SearchAction\",\"target\":{\"@type\":\"EntryPoint\",\"urlTemplate\":\"https:\/\/www.morihotel.com\/es\/?s={search_term_string}\"},\"query-input\":{\"@type\":\"PropertyValueSpecification\",\"valueRequired\":true,\"valueName\":\"search_term_string\"}}],\"inLanguage\":\"es\"}]}<\/script>\n<!-- \/ Yoast SEO plugin. -->","yoast_head_json":{"title":"Hotel con encanto Venecia | Hotel en Venecia para viajes de bodas","description":"Hotel de 4 estrellas para vivir Venecia en ambientes evocadores y confortables, dedicados a momentos especiales como aniversarios, viajes de bodas o fines de semana rom\u00e1nticos.","robots":{"index":"index","follow":"follow","max-snippet":"max-snippet:-1","max-image-preview":"max-image-preview:large","max-video-preview":"max-video-preview:-1"},"canonical":"https:\/\/www.morihotel.com\/es\/descripcion\/","og_locale":"es_ES","og_type":"article","og_title":"Hotel con encanto Venecia | Hotel en Venecia para viajes de bodas","og_description":"Hotel de 4 estrellas para vivir Venecia en ambientes evocadores y confortables, dedicados a momentos especiales como aniversarios, viajes de bodas o fines de semana rom\u00e1nticos.","og_url":"https:\/\/www.morihotel.com\/es\/descripcion\/","og_site_name":"Hotel Ai Mori d&#039;Oriente","article_modified_time":"2021-04-01T15:53:35+00:00","twitter_misc":{"Tiempo de lectura":"3 minutos"},"schema":{"@context":"https:\/\/schema.org","@graph":[{"@type":"WebPage","@id":"https:\/\/www.morihotel.com\/es\/descripcion\/","url":"https:\/\/www.morihotel.com\/es\/descripcion\/","name":"Hotel con encanto Venecia | Hotel en Venecia para viajes de bodas","isPartOf":{"@id":"https:\/\/www.morihotel.com\/es\/#website"},"datePublished":"2016-03-03T10:50:50+00:00","dateModified":"2021-04-01T15:53:35+00:00","description":"Hotel de 4 estrellas para vivir Venecia en ambientes evocadores y confortables, dedicados a momentos especiales como aniversarios, viajes de bodas o fines de semana rom\u00e1nticos.","breadcrumb":{"@id":"https:\/\/www.morihotel.com\/es\/descripcion\/#breadcrumb"},"inLanguage":"es","potentialAction":[{"@type":"ReadAction","target":["https:\/\/www.morihotel.com\/es\/descripcion\/"]}]},{"@type":"BreadcrumbList","@id":"https:\/\/www.morihotel.com\/es\/descripcion\/#breadcrumb","itemListElement":[{"@type":"ListItem","position":1,"name":"Home","item":"https:\/\/www.morihotel.com\/es\/"},{"@type":"ListItem","position":2,"name":"Descripci\u00f3n"}]},{"@type":"WebSite","@id":"https:\/\/www.morihotel.com\/es\/#website","url":"https:\/\/www.morihotel.com\/es\/","name":"Hotel Ai Mori d&#039;Oriente","description":"","potentialAction":[{"@type":"SearchAction","target":{"@type":"EntryPoint","urlTemplate":"https:\/\/www.morihotel.com\/es\/?s={search_term_string}"},"query-input":{"@type":"PropertyValueSpecification","valueRequired":true,"valueName":"search_term_string"}}],"inLanguage":"es"}]}},"publishpress_future_action":{"enabled":false,"date":"2026-04-21 16:04:34","action":"change-status","newStatus":"draft","terms":[],"taxonomy":"translation_priority","extraData":[]},"publishpress_future_workflow_manual_trigger":{"enabledWorkflows":[]},"_links":{"self":[{"href":"https:\/\/www.morihotel.com\/es\/wp-json\/wp\/v2\/pages\/2821","targetHints":{"allow":["GET"]}}],"collection":[{"href":"https:\/\/www.morihotel.com\/es\/wp-json\/wp\/v2\/pages"}],"about":[{"href":"https:\/\/www.morihotel.com\/es\/wp-json\/wp\/v2\/types\/page"}],"author":[{"embeddable":true,"href":"https:\/\/www.morihotel.com\/es\/wp-json\/wp\/v2\/users\/32"}],"replies":[{"embeddable":true,"href":"https:\/\/www.morihotel.com\/es\/wp-json\/wp\/v2\/comments?post=2821"}],"version-history":[{"count":6,"href":"https:\/\/www.morihotel.com\/es\/wp-json\/wp\/v2\/pages\/2821\/revisions"}],"predecessor-version":[{"id":2825,"href":"https:\/\/www.morihotel.com\/es\/wp-json\/wp\/v2\/pages\/2821\/revisions\/2825"}],"wp:attachment":[{"href":"https:\/\/www.morihotel.com\/es\/wp-json\/wp\/v2\/media?parent=2821"}],"curies":[{"name":"wp","href":"https:\/\/api.w.org\/{rel}","templated":true}]}}