{"id":125,"date":"2013-09-03T15:11:17","date_gmt":"2013-09-03T15:11:17","guid":{"rendered":"https:\/\/www.morihotel.com\/?page_id=125"},"modified":"2025-02-05T15:16:10","modified_gmt":"2025-02-05T13:16:10","slug":"home","status":"publish","type":"page","link":"https:\/\/www.morihotel.com\/es\/","title":{"rendered":"Home"},"content":{"rendered":"<div class=\"wpb-content-wrapper\">[vc_row el_class=\u00bbwrap box_top\u00bb][vc_column][vc_column_text el_class=\u00bbbox_bottom\u00bb]\n<div class=\"txt-index\">\n<h4>Una hospitalidad exclusiva, el rom\u00e1ntico misterio de Venecia<\/h4>\n<p><img decoding=\"async\" src=\"\/wp-content\/uploads\/2013\/09\/decorazione.png\" alt=\"\" \/><br \/>\n<strong>Hotel<\/strong> con <strong>encanto<\/strong> en una Venecia de inefable seducci\u00f3n, asomado al <strong> Rio della Sensa<\/strong> en el barrio-sestiere de <strong>Cannaregio<\/strong>, donde pintorescos y escondidos patios susurran antiguas leyendas y donde las habitaciones le mimar\u00e1n en un ambiente de lujo y comodidad.<\/p>\n<p>En el casco antiguo, cerca del <strong>ghetto jud\u00edo<\/strong> y del Campo dei Mori, los espacios del <strong>Hotel Ai Mori d\u2019Oriente <\/strong>infunden una c\u00e1lida atm\u00f3sfera acogedora y tranquila, donde refinados toques de estilo moro evocan los tr\u00e1ficos comerciales de la Ruta de la Seda.<\/p>\n<p>Para un rom\u00e1ntico par\u00e9ntesis de <strong>elegancia<\/strong> y <strong>comodidad<\/strong> entre perspectivas de atormentada belleza, conc\u00e9dase unas vacaciones en el <strong>Hotel Ai Mori d\u2019Oriente<\/strong> para enamorarse a\u00fan m\u00e1s de <strong>Venecia<\/strong>.<\/p>\n<\/div>\n[\/vc_column_text][\/vc_column][\/vc_row][vc_row full_width=\u00bbstretch_row_content_no_spaces\u00bb content_placement=\u00bbmiddle\u00bb parallax=\u00bbcontent-moving\u00bb bg_type=\u00bbimage\u00bb parallax_style=\u00bbvcpb-default\u00bb bg_image_new=\u00bbid^1854|url^https:\/\/www.morihotel.com\/wp-content\/uploads\/2014\/01\/misteri_venezia_small.jpg|caption^null|alt^null|title^misteri_venezia_small|description^null\u00bb bg_image_repeat=\u00bbno-repeat\u00bb bg_img_attach=\u00bbfixed\u00bb][vc_column][vc_empty_space height=\u00bb90px\u00bb][vc_column_text css_animation=\u00bbappear\u00bb el_class=\u00bbwrap\u00bb]\n<h3 class=\"txt-bianco\">Leyendas y misterios<br \/>\nen Campo dei Mori<\/h3>\n[\/vc_column_text][vc_single_image image=\u00bb1430&#8243; img_size=\u00bbfull\u00bb alignment=\u00bbcenter\u00bb css_animation=\u00bbappear\u00bb][vc_btn title=\u00bbExplora Venecia\u00bb style=\u00bboutline\u00bb shape=\u00bbsquare\u00bb color=\u00bbwhite\u00bb size=\u00bblg\u00bb align=\u00bbcenter\u00bb css_animation=\u00bbappear\u00bb link=\u00bburl:https%3A%2F%2Fwww.morihotel.com%2Fes%2Fubicacion%2F||\u00bb][vc_empty_space height=\u00bb90px\u00bb][\/vc_column][\/vc_row][vc_row full_width=\u00bbstretch_row_content_no_spaces\u00bb equal_height=\u00bbyes\u00bb content_placement=\u00bbmiddle\u00bb parallax_content=\u00bbparallax_content_value\u00bb el_class=\u00bbbox-home-both\u00bb][vc_column width=\u00bb1\/3&#8243; css=\u00bb.vc_custom_1457090284893{background-image: url(https:\/\/www.morihotel.com\/wp-content\/uploads\/2013\/09\/box-1.jpg?id=1441) !important;background-position: center !important;background-repeat: no-repeat !important;background-size: cover !important;}\u00bb][vc_row_inner el_class=\u00bbbox-home-nero\u00bb][vc_column_inner][vc_empty_space height=\u00bb90px\u00bb][vc_column_text css_animation=\u00bbappear\u00bb]\n<h2>vivir Venecia en<br \/>\nambientes<br \/>\nevocadores<\/h2>\n[\/vc_column_text][vc_single_image image=\u00bb1430&#8243; img_size=\u00bbfull\u00bb alignment=\u00bbcenter\u00bb css_animation=\u00bbappear\u00bb][vc_btn title=\u00bbGaleria de fotos\u00bb style=\u00bboutline\u00bb shape=\u00bbsquare\u00bb color=\u00bbwhite\u00bb size=\u00bblg\u00bb align=\u00bbcenter\u00bb css_animation=\u00bbappear\u00bb link=\u00bburl:https%3A%2F%2Fwww.morihotel.com%2Fes%2Fgaleria-de-fotos%2F||\u00bb][vc_empty_space height=\u00bb90px\u00bb][\/vc_column_inner][\/vc_row_inner][\/vc_column][vc_column width=\u00bb1\/3&#8243; css=\u00bb.vc_custom_1457090300035{background-image: url(https:\/\/www.morihotel.com\/wp-content\/uploads\/2013\/09\/box-2.jpg?id=1448) !important;background-position: center !important;background-repeat: no-repeat !important;background-size: cover !important;}\u00bb][vc_row_inner el_class=\u00bbbox-home-bianco\u00bb][vc_column_inner][vc_empty_space height=\u00bb90px\u00bb][vc_column_text css_animation=\u00bbappear\u00bb]\n<h2>un exclusivo<br \/>\nrefugio<br \/>\nrom\u00e1ntico<\/h2>\n[\/vc_column_text][vc_single_image image=\u00bb1430&#8243; img_size=\u00bbfull\u00bb alignment=\u00bbcenter\u00bb css_animation=\u00bbappear\u00bb][vc_btn title=\u00bbHabitaciones\u00bb style=\u00bboutline\u00bb shape=\u00bbsquare\u00bb color=\u00bbwhite\u00bb size=\u00bblg\u00bb align=\u00bbcenter\u00bb css_animation=\u00bbappear\u00bb link=\u00bburl:https%3A%2F%2Fwww.morihotel.com%2Fes%2Fhabitaciones%2F||\u00bb][vc_empty_space height=\u00bb90px\u00bb][\/vc_column_inner][\/vc_row_inner][\/vc_column][vc_column width=\u00bb1\/3&#8243; css=\u00bb.vc_custom_1457090941251{background-image: url(https:\/\/www.morihotel.com\/wp-content\/uploads\/2013\/09\/box-3.jpg?id=1455) !important;background-position: center !important;background-repeat: no-repeat !important;background-size: cover !important;}\u00bb][vc_row_inner el_class=\u00bbbox-home-bianco\u00bb][vc_column_inner][vc_empty_space height=\u00bb90px\u00bb][vc_column_text css_animation=\u00bbappear\u00bb]\n<h2>una seductora<br \/>\natm\u00f3sfera<br \/>\ncon encanto<\/h2>\n[\/vc_column_text][vc_single_image image=\u00bb1430&#8243; img_size=\u00bbfull\u00bb alignment=\u00bbcenter\u00bb css_animation=\u00bbappear\u00bb][vc_btn title=\u00bbDescripci\u00f3n\u00bb style=\u00bboutline\u00bb shape=\u00bbsquare\u00bb color=\u00bbwhite\u00bb size=\u00bblg\u00bb align=\u00bbcenter\u00bb css_animation=\u00bbappear\u00bb link=\u00bburl:https%3A%2F%2Fwww.morihotel.com%2Fes%2Fdescripcion%2F||\u00bb][vc_empty_space height=\u00bb90px\u00bb][\/vc_column_inner][\/vc_row_inner][\/vc_column][\/vc_row][vc_row el_class=\u00bbwrap box_top\u00bb][vc_column][vc_column_text el_class=\u00bbbox_bottom\u00bb]\n<div id=\"box-offerte\">\n<h2>Ofertas especiales<\/h2>\n<p><img decoding=\"async\" src=\"\/wp-content\/uploads\/2013\/09\/decorazione.png\" alt=\"\" \/><br \/>\n<div class=\"full-gallery-view\"><div class=\"offer-package-fullgallery-4 view view-first\"><div style=\"position:relative; margin-left:auto; margin-right:auto; overflow:hidden; width:px;\"><a href=\"https:\/\/www.morihotel.com\/es\/offers\/scrappy-doo-offer\/\"><img loading=\"lazy\" decoding=\"async\" width=\"210\" height=\"210\" src=\"https:\/\/www.morihotel.com\/wp-content\/uploads\/2022\/08\/SCRAPPY-MORI-210x210.jpg\" class=\"size-thumbnail\" alt=\"\" srcset=\"https:\/\/www.morihotel.com\/wp-content\/uploads\/2022\/08\/SCRAPPY-MORI-210x210.jpg 210w, https:\/\/www.morihotel.com\/wp-content\/uploads\/2022\/08\/SCRAPPY-MORI-150x150.jpg 150w, https:\/\/www.morihotel.com\/wp-content\/uploads\/2022\/08\/SCRAPPY-MORI-32x32.jpg 32w, https:\/\/www.morihotel.com\/wp-content\/uploads\/2022\/08\/SCRAPPY-MORI-128x128.jpg 128w, https:\/\/www.morihotel.com\/wp-content\/uploads\/2022\/08\/SCRAPPY-MORI-268x268.jpg 268w, https:\/\/www.morihotel.com\/wp-content\/uploads\/2022\/08\/SCRAPPY-MORI-500x500.jpg 500w, https:\/\/www.morihotel.com\/wp-content\/uploads\/2022\/08\/SCRAPPY-MORI-930x930.jpg 930w\" sizes=\"auto, (max-width: 210px) 100vw, 210px\" \/><\/a><\/div><div class=\"mask\" style=\"width:px;\"><div class=\"fullgallery-price-section\"><div class=\"original-price-list price-all\"><\/div><div class=\"reducted-price-list price-all\"><\/div><div class=\"clear\"><\/div><\/div><div class=\"package-gallery\"><div><\/div><div><\/div><div><\/div><div><\/div><\/div><p class=\"fullgallery-header\"><a href=\"https:\/\/www.morihotel.com\/es\/offers\/scrappy-doo-offer\/\">Promoci\u00f3n Scrappy-Doo<\/a><\/p><p class=\"fullgallery-excerpt\"><\/p><br \/><\/div><\/div><div class=\"offer-package-fullgallery-4 view view-first\"><div style=\"position:relative; margin-left:auto; margin-right:auto; overflow:hidden; width:px;\"><a href=\"https:\/\/www.morihotel.com\/es\/offers\/romantic-venice\/\"><img loading=\"lazy\" decoding=\"async\" width=\"210\" height=\"210\" src=\"https:\/\/www.morihotel.com\/wp-content\/uploads\/2018\/01\/ROM-VCE-324-210x210.jpg\" class=\"size-thumbnail\" alt=\"\" srcset=\"https:\/\/www.morihotel.com\/wp-content\/uploads\/2018\/01\/ROM-VCE-324-210x210.jpg 210w, https:\/\/www.morihotel.com\/wp-content\/uploads\/2018\/01\/ROM-VCE-324-150x150.jpg 150w, https:\/\/www.morihotel.com\/wp-content\/uploads\/2018\/01\/ROM-VCE-324-32x32.jpg 32w, https:\/\/www.morihotel.com\/wp-content\/uploads\/2018\/01\/ROM-VCE-324-128x128.jpg 128w, https:\/\/www.morihotel.com\/wp-content\/uploads\/2018\/01\/ROM-VCE-324-268x268.jpg 268w, https:\/\/www.morihotel.com\/wp-content\/uploads\/2018\/01\/ROM-VCE-324-500x500.jpg 500w, https:\/\/www.morihotel.com\/wp-content\/uploads\/2018\/01\/ROM-VCE-324-930x930.jpg 930w\" sizes=\"auto, (max-width: 210px) 100vw, 210px\" \/><\/a><\/div><div class=\"mask\" style=\"width:px;\"><div class=\"fullgallery-price-section\"><div class=\"original-price-list price-all\"><\/div><div class=\"reducted-price-list price-all\"><\/div><div class=\"clear\"><\/div><\/div><div class=\"package-gallery\"><div><\/div><div><\/div><div><\/div><div><\/div><\/div><p class=\"fullgallery-header\"><a href=\"https:\/\/www.morihotel.com\/es\/offers\/romantic-venice\/\">Romantica Venecia<\/a><\/p><p class=\"fullgallery-excerpt\"><\/p><br \/><\/div><\/div><div class=\"offer-package-fullgallery-4 view view-first\"><div style=\"position:relative; margin-left:auto; margin-right:auto; overflow:hidden; width:px;\"><a href=\"https:\/\/www.morihotel.com\/es\/offers\/book-your-box-at-the-fenice-opera-house\/\"><img loading=\"lazy\" decoding=\"async\" width=\"210\" height=\"210\" src=\"https:\/\/www.morihotel.com\/wp-content\/uploads\/2016\/03\/opera-974148-210x210.jpg\" class=\"size-thumbnail\" alt=\"\" srcset=\"https:\/\/www.morihotel.com\/wp-content\/uploads\/2016\/03\/opera-974148-210x210.jpg 210w, https:\/\/www.morihotel.com\/wp-content\/uploads\/2016\/03\/opera-974148-150x150.jpg 150w, https:\/\/www.morihotel.com\/wp-content\/uploads\/2016\/03\/opera-974148-32x32.jpg 32w, https:\/\/www.morihotel.com\/wp-content\/uploads\/2016\/03\/opera-974148-128x128.jpg 128w, https:\/\/www.morihotel.com\/wp-content\/uploads\/2016\/03\/opera-974148-268x268.jpg 268w, https:\/\/www.morihotel.com\/wp-content\/uploads\/2016\/03\/opera-974148-500x500.jpg 500w, https:\/\/www.morihotel.com\/wp-content\/uploads\/2016\/03\/opera-974148-930x930.jpg 930w\" sizes=\"auto, (max-width: 210px) 100vw, 210px\" \/><\/a><\/div><div class=\"mask\" style=\"width:px;\"><div class=\"fullgallery-price-section\"><div class=\"original-price-list price-all\"><\/div><div class=\"reducted-price-list price-all\"><\/div><div class=\"clear\"><\/div><\/div><div class=\"package-gallery\"><div><\/div><div>hasta el 31 de Octubre 2026<\/div><div><\/div><div><\/div><\/div><p class=\"fullgallery-header\"><a href=\"https:\/\/www.morihotel.com\/es\/offers\/book-your-box-at-the-fenice-opera-house\/\">Una noche en la \u00abPrimera\u00bb Teatro La Fenice 2025-2026<\/a><\/p><p class=\"fullgallery-excerpt\"><\/p><br \/><\/div><\/div><\/div>\n<h5><a href=\"https:\/\/www.morihotel.com\/es\/ofertas-especiales\/\">Ir a la lista completa<\/a><\/h5>\n<\/div>\n[\/vc_column_text][\/vc_column][\/vc_row]\n<\/div>","protected":false},"excerpt":{"rendered":"<p>[vc_row el_class=\u00bbwrap box_top\u00bb][vc_column][vc_column_text el_class=\u00bbbox_bottom\u00bb] Una hospitalidad exclusiva, el rom\u00e1ntico misterio de Venecia Hotel con encanto en una Venecia de inefable seducci\u00f3n, asomado al Rio della Sensa en el barrio-sestiere de Cannaregio, donde pintorescos y escondidos patios susurran antiguas leyendas y donde las habitaciones le mimar\u00e1n en un ambiente de lujo y comodidad. En el casco [&hellip;]<\/p>\n","protected":false},"author":32,"featured_media":0,"parent":0,"menu_order":0,"comment_status":"open","ping_status":"open","template":"","meta":{"_genesis_hide_title":false,"_genesis_hide_breadcrumbs":false,"_genesis_hide_singular_image":false,"_genesis_hide_footer_widgets":false,"_genesis_custom_body_class":"","_genesis_custom_post_class":"","_genesis_layout":"","footnotes":""},"class_list":{"0":"post-125","1":"page","2":"type-page","3":"status-publish","5":"entry"},"yoast_head":"<!-- This site is optimized with the Yoast SEO plugin v25.6 - https:\/\/yoast.com\/wordpress\/plugins\/seo\/ -->\n<title>Hotel Venecia Gueto | Hotel Ai Mori d\u2019Oriente Sitio Oficial<\/title>\n<meta name=\"description\" content=\"En el casco antiguo, cerca del ghetto jud\u00edo y del Campo dei Mori, los espacios del Hotel Ai Mori d\u2019Oriente infunden una c\u00e1lida atm\u00f3sfera acogedora y tranquila.\" \/>\n<meta name=\"robots\" content=\"index, follow, max-snippet:-1, max-image-preview:large, max-video-preview:-1\" \/>\n<link rel=\"canonical\" href=\"https:\/\/www.morihotel.com\/es\/\" \/>\n<meta property=\"og:locale\" content=\"es_ES\" \/>\n<meta property=\"og:type\" content=\"article\" \/>\n<meta property=\"og:title\" content=\"Hotel Venecia Gueto | Hotel Ai Mori d\u2019Oriente Sitio Oficial\" \/>\n<meta property=\"og:description\" content=\"En el casco antiguo, cerca del ghetto jud\u00edo y del Campo dei Mori, los espacios del Hotel Ai Mori d\u2019Oriente infunden una c\u00e1lida atm\u00f3sfera acogedora y tranquila.\" \/>\n<meta property=\"og:url\" content=\"https:\/\/www.morihotel.com\/es\/\" \/>\n<meta property=\"og:site_name\" content=\"Hotel Ai Mori d&#039;Oriente\" \/>\n<meta property=\"article:modified_time\" content=\"2025-02-05T13:16:10+00:00\" \/>\n<meta name=\"twitter:label1\" content=\"Tiempo de lectura\" \/>\n\t<meta name=\"twitter:data1\" content=\"2 minutos\" \/>\n<script type=\"application\/ld+json\" class=\"yoast-schema-graph\">{\"@context\":\"https:\/\/schema.org\",\"@graph\":[{\"@type\":\"WebPage\",\"@id\":\"https:\/\/www.morihotel.com\/es\/\",\"url\":\"https:\/\/www.morihotel.com\/es\/\",\"name\":\"Hotel Venecia Gueto | Hotel Ai Mori d\u2019Oriente Sitio Oficial\",\"isPartOf\":{\"@id\":\"https:\/\/www.morihotel.com\/es\/#website\"},\"datePublished\":\"2013-09-03T15:11:17+00:00\",\"dateModified\":\"2025-02-05T13:16:10+00:00\",\"description\":\"En el casco antiguo, cerca del ghetto jud\u00edo y del Campo dei Mori, los espacios del Hotel Ai Mori d\u2019Oriente infunden una c\u00e1lida atm\u00f3sfera acogedora y tranquila.\",\"breadcrumb\":{\"@id\":\"https:\/\/www.morihotel.com\/es\/#breadcrumb\"},\"inLanguage\":\"es\",\"potentialAction\":[{\"@type\":\"ReadAction\",\"target\":[\"https:\/\/www.morihotel.com\/es\/\"]}]},{\"@type\":\"BreadcrumbList\",\"@id\":\"https:\/\/www.morihotel.com\/es\/#breadcrumb\",\"itemListElement\":[{\"@type\":\"ListItem\",\"position\":1,\"name\":\"Home\",\"item\":\"https:\/\/www.morihotel.com\/es\/\"},{\"@type\":\"ListItem\",\"position\":2,\"name\":\"Home\"}]},{\"@type\":\"WebSite\",\"@id\":\"https:\/\/www.morihotel.com\/es\/#website\",\"url\":\"https:\/\/www.morihotel.com\/es\/\",\"name\":\"Hotel Ai Mori d&#039;Oriente\",\"description\":\"\",\"potentialAction\":[{\"@type\":\"SearchAction\",\"target\":{\"@type\":\"EntryPoint\",\"urlTemplate\":\"https:\/\/www.morihotel.com\/es\/?s={search_term_string}\"},\"query-input\":{\"@type\":\"PropertyValueSpecification\",\"valueRequired\":true,\"valueName\":\"search_term_string\"}}],\"inLanguage\":\"es\"}]}<\/script>\n<!-- \/ Yoast SEO plugin. -->","yoast_head_json":{"title":"Hotel Venecia Gueto | Hotel Ai Mori d\u2019Oriente Sitio Oficial","description":"En el casco antiguo, cerca del ghetto jud\u00edo y del Campo dei Mori, los espacios del Hotel Ai Mori d\u2019Oriente infunden una c\u00e1lida atm\u00f3sfera acogedora y tranquila.","robots":{"index":"index","follow":"follow","max-snippet":"max-snippet:-1","max-image-preview":"max-image-preview:large","max-video-preview":"max-video-preview:-1"},"canonical":"https:\/\/www.morihotel.com\/es\/","og_locale":"es_ES","og_type":"article","og_title":"Hotel Venecia Gueto | Hotel Ai Mori d\u2019Oriente Sitio Oficial","og_description":"En el casco antiguo, cerca del ghetto jud\u00edo y del Campo dei Mori, los espacios del Hotel Ai Mori d\u2019Oriente infunden una c\u00e1lida atm\u00f3sfera acogedora y tranquila.","og_url":"https:\/\/www.morihotel.com\/es\/","og_site_name":"Hotel Ai Mori d&#039;Oriente","article_modified_time":"2025-02-05T13:16:10+00:00","twitter_misc":{"Tiempo de lectura":"2 minutos"},"schema":{"@context":"https:\/\/schema.org","@graph":[{"@type":"WebPage","@id":"https:\/\/www.morihotel.com\/es\/","url":"https:\/\/www.morihotel.com\/es\/","name":"Hotel Venecia Gueto | Hotel Ai Mori d\u2019Oriente Sitio Oficial","isPartOf":{"@id":"https:\/\/www.morihotel.com\/es\/#website"},"datePublished":"2013-09-03T15:11:17+00:00","dateModified":"2025-02-05T13:16:10+00:00","description":"En el casco antiguo, cerca del ghetto jud\u00edo y del Campo dei Mori, los espacios del Hotel Ai Mori d\u2019Oriente infunden una c\u00e1lida atm\u00f3sfera acogedora y tranquila.","breadcrumb":{"@id":"https:\/\/www.morihotel.com\/es\/#breadcrumb"},"inLanguage":"es","potentialAction":[{"@type":"ReadAction","target":["https:\/\/www.morihotel.com\/es\/"]}]},{"@type":"BreadcrumbList","@id":"https:\/\/www.morihotel.com\/es\/#breadcrumb","itemListElement":[{"@type":"ListItem","position":1,"name":"Home","item":"https:\/\/www.morihotel.com\/es\/"},{"@type":"ListItem","position":2,"name":"Home"}]},{"@type":"WebSite","@id":"https:\/\/www.morihotel.com\/es\/#website","url":"https:\/\/www.morihotel.com\/es\/","name":"Hotel Ai Mori d&#039;Oriente","description":"","potentialAction":[{"@type":"SearchAction","target":{"@type":"EntryPoint","urlTemplate":"https:\/\/www.morihotel.com\/es\/?s={search_term_string}"},"query-input":{"@type":"PropertyValueSpecification","valueRequired":true,"valueName":"search_term_string"}}],"inLanguage":"es"}]}},"publishpress_future_action":{"enabled":false,"date":"2026-05-05 14:59:14","action":"change-status","newStatus":"draft","terms":[],"taxonomy":"translation_priority","extraData":[]},"publishpress_future_workflow_manual_trigger":{"enabledWorkflows":[]},"_links":{"self":[{"href":"https:\/\/www.morihotel.com\/es\/wp-json\/wp\/v2\/pages\/125","targetHints":{"allow":["GET"]}}],"collection":[{"href":"https:\/\/www.morihotel.com\/es\/wp-json\/wp\/v2\/pages"}],"about":[{"href":"https:\/\/www.morihotel.com\/es\/wp-json\/wp\/v2\/types\/page"}],"author":[{"embeddable":true,"href":"https:\/\/www.morihotel.com\/es\/wp-json\/wp\/v2\/users\/32"}],"replies":[{"embeddable":true,"href":"https:\/\/www.morihotel.com\/es\/wp-json\/wp\/v2\/comments?post=125"}],"version-history":[{"count":11,"href":"https:\/\/www.morihotel.com\/es\/wp-json\/wp\/v2\/pages\/125\/revisions"}],"predecessor-version":[{"id":51410,"href":"https:\/\/www.morihotel.com\/es\/wp-json\/wp\/v2\/pages\/125\/revisions\/51410"}],"wp:attachment":[{"href":"https:\/\/www.morihotel.com\/es\/wp-json\/wp\/v2\/media?parent=125"}],"curies":[{"name":"wp","href":"https:\/\/api.w.org\/{rel}","templated":true}]}}