{"id":2840,"date":"2016-03-23T10:15:26","date_gmt":"2016-03-23T10:15:26","guid":{"rendered":"https:\/\/www.morihotel.com\/de\/?page_id=2840"},"modified":"2019-07-11T12:47:43","modified_gmt":"2019-07-11T10:47:43","slug":"wie-sie-uns-erreichen","status":"publish","type":"page","link":"https:\/\/www.morihotel.com\/de\/wie-sie-uns-erreichen\/","title":{"rendered":"Wie Sie uns erreichen"},"content":{"rendered":"<div class=\"wpb-content-wrapper\">[vc_row css=&#8220;.vc_custom_1457457176111{padding: 20px !important;}&#8220;][vc_column][vc_raw_html]JTNDaWZyYW1lJTIwc3JjJTNEJTIyJTJGd3AtY29udGVudCUyRnRoZW1lcyUyRm1vcmlob3RlbCUyRm1hcHBhLmh0bSUyMiUyMHdpZHRoJTNEJTIyMTAwJTI1JTIyJTIwaGVpZ2h0JTNEJTIyNTUwJTIyJTIwZnJhbWVib3JkZXIlM0QlMjIwJTIyJTNFJTNDJTJGaWZyYW1lJTNF[\/vc_raw_html][vc_column_text]\n<h3>Hotel Ai Mori d\u2019Oriente<\/h3>\n<p>Fondamenta della Sensa Cannaregio 3319<br \/>\n30121 Venedig (VE)<br \/>\nTel. +39 041 711001<\/p>\n<h3 id=\"ui-accordion-1-header-0\" class=\"ui-accordion-header ui-helper-reset ui-state-default ui-accordion-header-active ui-state-active ui-corner-top ui-accordion-icons ui-state-focus\" tabindex=\"0\">Vom Flughafen<\/h3>\n<p class=\"testoaccordion\">Vom <strong>Flughafen Marco Polo in Venedig<\/strong> (VCE) k\u00f6nnen Sie das historische Zentrum der Stadt auf dem Landweg mit einem Taxi oder Bus oder auf dem Wasserweg mit einem Wassertaxi oder den Booten der Linie Alilaguna erreichen.<br \/>\n<strong>Auf dem Landweg<\/strong>:<br \/>\nSie k\u00f6nnen den Piazzale Roma mit einem Taxi oder einem Bus der Linie ATVO oder ACTV der Linie 5 erreichen und dann mit einem Dampfboot (Linie 1 &#8211; 4.2 \u2013 5.2) weiterfahren. Egal, mit welcher Linie ACTV Sie fahren (1 &#8211; 4.2 \u2013 5.2), nachdem Sie an der empfohlenen Haltestelle ausgestiegen sind, liegt das Hotel nur noch 7 Minuten entfernt. (F\u00fcr weitere Informationen bez\u00fcglich der \u00f6ffentlichen Verkehrsmittel besuchen Sie die Internetseite (<a href=\"http:\/\/www.actv.it\/\" target=\"_blank\" rel=\"nofollow noopener noreferrer\">www.actv.it<\/a>).<br \/>\n<strong>Auf dem Wasserweg<\/strong>:<br \/>\nNachdem Sie den Flughafen verlassen haben, folgen Sie den Schildern links in Richtung Darsena (Hafenbecken) (ein Spaziergang von 5 Minuten). Dort k\u00f6nnen Sie mit einem Wassertaxi oder mit einem Boot der Linie Alilaguna (orange) das Hotel erreichen.<br \/>\nVom <strong>Flughafen Antonio Canova in Treviso<\/strong> (TSF) erreichen Sie Venedig mit einem Bus ATVO, der bis zum Piazzale Roma f\u00e4hrt, von wo aus Sie mit einem Dampfboot weiterfahren k\u00f6nnen (Linien 1 &#8211; 4.2 \u2013 5.2).<br \/>\nEgal, mit welcher Linie ACTV Sie fahren (1- 4.2 \u2013 5.2), nachdem Sie an der empfohlenen Haltestelle ausgestiegen sind, liegt das Hotel nur noch 7 Minuten entfernt. (F\u00fcr weitere Informationen bez\u00fcglich der \u00f6ffentlichen Verkehrsmittel besuchen Sie die Internetseite (<a href=\"http:\/\/www.actv.it\/\" target=\"_blank\" rel=\"nofollow noopener noreferrer\">www.actv.it<\/a>).<\/p>\n<h3 id=\"ui-accordion-1-header-1\" class=\"ui-accordion-header ui-helper-reset ui-state-default ui-accordion-icons ui-state-focus ui-accordion-header-active ui-state-active ui-corner-top\" tabindex=\"0\">Mit dem Zug<\/h3>\n<p class=\"testoaccordion\">Wenn Sie mit dem Zug anreisen, finden Sie gleich vor dem Bahnhof von Venedig S. die Anlegestellen der Wassertaxis oder der \u00f6ffentlichen Linienboote ACTV (1 \u2013 4.2 \u2013 5.2), mit denen Sie bis zum Hotel fahren k\u00f6nnen.<br \/>\nEgal, mit welcher Linie ACTV Sie fahren (1- 4.2 \u2013 5.2), nachdem Sie an der empfohlenen Haltestelle ausgestiegen sind, liegt das Hotel nur noch 7 Minuten entfernt. (F\u00fcr weitere Informationen bez\u00fcglich der \u00f6ffentlichen Verkehrsmittel besuchen Sie die Internetseite (<a href=\"http:\/\/www.actv.it\/\" target=\"_blank\" rel=\"nofollow noopener noreferrer\">www.actv.it<\/a>).<\/p>\n<h3 id=\"ui-accordion-1-header-2\" class=\"ui-accordion-header ui-helper-reset ui-state-default ui-accordion-icons ui-state-focus ui-accordion-header-active ui-state-active ui-corner-top\" tabindex=\"0\">Mit dem Auto<\/h3>\n<p class=\"testoaccordion\">Wenn Sie mit Ihrem Fahrzeug von den Autobahnen A57 &#8211; A4, Verbindungslinie Mestre oder A27 kommen, verlassen Sie diese an der Ausfahrt von Venedig und fahren dann auf der Umgehungsstra\u00dfe weiter in Richtung Venedig.<br \/>\nNach etwa 3 km fahren Sie \u00fcber die Br\u00fccke &#8222;Ponte della Libert\u00e0&#8220; (Anm.: Vorsicht, achten Sie auf die Geschwindigkeitsbegrenzung in beiden Fahrtrichtungen!), bis Sie nach der Ampel den &#8222;Piazzale Roma&#8220; erreichen, wo Sie Ihr Fahrzeug im Gemeindeparkhaus oder in der Garage San Marco abstellen k\u00f6nnen; andernfalls k\u00f6nnen Sie Ihr Fahrzeug auch gleich neben dem Piazzale Roma auf dem Parkplatz &#8222;Tronchetto&#8220; abstellen, wof\u00fcr Sie an der Ampel rechts abbiegen.<br \/>\nAn beiden Parkpl\u00e4tzen k\u00f6nnen Sie mit den \u00f6ffentlichen Dampfbootlinien (ACTV) oder mit einem Taxi das Hotel erreichen.<br \/>\nEgal, mit welcher Linie ACTV Sie fahren (1- 4.2 \u2013 5.2), nachdem Sie an der empfohlenen Haltestelle ausgestiegen sind, liegt das Hotel nur noch 7 Minuten entfernt. (F\u00fcr weitere Informationen bez\u00fcglich der \u00f6ffentlichen Verkehrsmittel besuchen Sie die Internetseite (<a href=\"http:\/\/www.actv.it\/\" target=\"_blank\" rel=\"nofollow noopener noreferrer\">www.actv.it<\/a>).<br \/>\nNachdem Sie mit dem Dampfboot am Landungssteg S. Marcuola \/ Casino\u2019( Linie 1 ) angekommen sind, \u00fcberqueren Sie den Campo direkt vor der Kirche und laufen Sie dann links hinter der Kirche vorbei. Gehen Sie rechts weiter nach Rio Terr\u00e0 del Cristo, dann immer weiter in Richtung Rio Terr\u00e0 Farsetti, bis Sie an der Holzbr\u00fccke angekommen sind. Hinter der Br\u00fccke biegen Sie nach rechts ab, laufen links die erste Gasse (Calle del Forno) entlang, bis Sie am Ende auf der rechten Seite das Hotel antreffen.<br \/>\nWenn Sie vom Flughafen Marco Polo VCE mit dem Dampfboot am Landungssteg Orto (Madonna dell\u2019Orto \/ Linien 4.2 \u2013 5.2 \u2013 Alilaguna (orange)) anlegen, gehen Sie immer geradeaus die Calle Larga Piave entlang, bis Sie die Fondamenta della Madonna dell\u2019Orto erreichen. Dann gehen Sie rechts immer auf der Fondamenta weiter, \u00fcberqueren die Br\u00fccke, um von dort auf der Calle Loredan weiter zu gehen. Am Ende der Calle treffen Sie links das Hotel an. (F\u00fcr weitere Informationen bez\u00fcglich der \u00f6ffentlichen Verkehrsmittel besuchen Sie die Internetseite (<a href=\"http:\/\/www.actv.it\/\" target=\"_blank\" rel=\"nofollow noopener noreferrer\">www.actv.it<\/a>).<\/p>\n<h3 id=\"ui-accordion-1-header-3\" class=\"ui-accordion-header ui-helper-reset ui-state-default ui-accordion-icons ui-state-focus ui-accordion-header-active ui-state-active ui-corner-top ui-state-hover\" tabindex=\"0\">Mit dem Schiff<\/h3>\n<p>Um uns vom <strong>Kreuzfahrtterminal (Costa, Carnival, P&amp;O, Princess, Cunard, Aida, usw.)<\/strong> aus zu erreichen, k\u00f6nnen Sie an der ganz in der N\u00e4he liegenden schwimmenden Anlegestelle mit einem Privat- Wassertaxi in 20 Minuten direkt vor den Hoteleingang fahren. Oder Sie laufen zu Fu\u00df bis zur ebenfalls in der N\u00e4he liegenden Haltestelle des Bummelzugs \u201cPeople Mover\u201d, mit dem Sie bis an den Piazzale Roma fahren, um von dort mit dem \u00f6ffentlichen Dampfboot der Linien 1 \u2013 4.2 \u2013 5.2 bis zur entsprechend der gew\u00e4hlten Linie dem Hotel am n\u00e4chsten liegenden Anlegestelle zu fahren. Wir empfehlen Ihnen in diesem Fall die Linie 1 und die Anlegestelle San Marcuola\/Casino\u2019.<\/p>\n<p>Um uns vom <strong>Terminal San Basilio (Venezialines, Windstar, Yachts Charter, Club Med)<\/strong> aus zu erreichen, begeben Sie sich am besten zur schwimmenden Anlegestelle des Unternehmens ACTV, von wo aus Sie mit einem Privat- Wassertaxi (gelbe Streifen) direkt vor den Hoteleingang fahren. Oder Sie begeben sich mit einem Dampfboot (Linie 2) in Richtung des Piazzale Roma \u2013 Rialto und steigen an der Anlegestelle San Marcuola\/Casino\u2019 aus. Vergewissern Sie sich, dass Sie wirklich in ein Dampfboot der Linie 2 eingestiegen sind, welches an der Anlegestelle San Marcuola h\u00e4lt, denn nicht alle halten dort je nach Uhrzeit oder Wochentag.[\/vc_column_text][vc_raw_html]JTNDYSUyMGhyZWYlM0QlMjJqYXZhc2NyaXB0JTNBdGhpcy53aW5kb3cucHJpbnQlMjglMjklM0IlMjIlM0VEcnVja2VuJTNDJTJGYSUzRQ==[\/vc_raw_html][\/vc_column][\/vc_row]\n<\/div>","protected":false},"excerpt":{"rendered":"<p>[vc_row css=&#8220;.vc_custom_1457457176111{padding: 20px !important;}&#8220;][vc_column][vc_raw_html]JTNDaWZyYW1lJTIwc3JjJTNEJTIyJTJGd3AtY29udGVudCUyRnRoZW1lcyUyRm1vcmlob3RlbCUyRm1hcHBhLmh0bSUyMiUyMHdpZHRoJTNEJTIyMTAwJTI1JTIyJTIwaGVpZ2h0JTNEJTIyNTUwJTIyJTIwZnJhbWVib3JkZXIlM0QlMjIwJTIyJTNFJTNDJTJGaWZyYW1lJTNF[\/vc_raw_html][vc_column_text] Hotel Ai Mori d\u2019Oriente Fondamenta della Sensa Cannaregio 3319 30121 Venedig (VE) Tel. +39 041 711001 Vom Flughafen Vom Flughafen Marco Polo in Venedig (VCE) k\u00f6nnen Sie das historische Zentrum der Stadt auf dem Landweg mit einem Taxi oder Bus oder auf dem Wasserweg mit einem Wassertaxi oder den Booten der [&hellip;]<\/p>\n","protected":false},"author":32,"featured_media":0,"parent":0,"menu_order":0,"comment_status":"closed","ping_status":"closed","template":"page_landing.php","meta":{"_genesis_hide_title":false,"_genesis_hide_breadcrumbs":false,"_genesis_hide_singular_image":false,"_genesis_hide_footer_widgets":false,"_genesis_custom_body_class":"comeraggiungerci","_genesis_custom_post_class":"","_genesis_layout":"","footnotes":""},"class_list":{"0":"post-2840","1":"page","2":"type-page","3":"status-publish","5":"entry"},"yoast_head":"<!-- This site is optimized with the Yoast SEO plugin v25.6 - https:\/\/yoast.com\/wordpress\/plugins\/seo\/ -->\n<title>Wie Sie uns erreichen - Hotel Ai Mori d&#039;Oriente<\/title>\n<meta name=\"description\" content=\"Wie Sie uns erreichen, Hotel Ai Mori d&#039;Oriente:\" \/>\n<meta name=\"robots\" content=\"index, follow, max-snippet:-1, max-image-preview:large, max-video-preview:-1\" \/>\n<link rel=\"canonical\" href=\"https:\/\/www.morihotel.com\/de\/wie-sie-uns-erreichen\/\" \/>\n<meta property=\"og:locale\" content=\"de_DE\" \/>\n<meta property=\"og:type\" content=\"article\" \/>\n<meta property=\"og:title\" content=\"Wie Sie uns erreichen - Hotel Ai Mori d&#039;Oriente\" \/>\n<meta property=\"og:description\" content=\"Wie Sie uns erreichen, Hotel Ai Mori d&#039;Oriente:\" \/>\n<meta property=\"og:url\" content=\"https:\/\/www.morihotel.com\/de\/wie-sie-uns-erreichen\/\" \/>\n<meta property=\"og:site_name\" content=\"Hotel Ai Mori d&#039;Oriente\" \/>\n<meta property=\"article:modified_time\" content=\"2019-07-11T10:47:43+00:00\" \/>\n<meta name=\"twitter:label1\" content=\"Gesch\u00e4tzte Lesezeit\" \/>\n\t<meta name=\"twitter:data1\" content=\"5\u00a0Minuten\" \/>\n<script type=\"application\/ld+json\" class=\"yoast-schema-graph\">{\"@context\":\"https:\/\/schema.org\",\"@graph\":[{\"@type\":\"WebPage\",\"@id\":\"https:\/\/www.morihotel.com\/de\/wie-sie-uns-erreichen\/\",\"url\":\"https:\/\/www.morihotel.com\/de\/wie-sie-uns-erreichen\/\",\"name\":\"Wie Sie uns erreichen - Hotel Ai Mori d&#039;Oriente\",\"isPartOf\":{\"@id\":\"https:\/\/www.morihotel.com\/de\/#website\"},\"datePublished\":\"2016-03-23T10:15:26+00:00\",\"dateModified\":\"2019-07-11T10:47:43+00:00\",\"description\":\"Wie Sie uns erreichen, Hotel Ai Mori d&#039;Oriente:\",\"breadcrumb\":{\"@id\":\"https:\/\/www.morihotel.com\/de\/wie-sie-uns-erreichen\/#breadcrumb\"},\"inLanguage\":\"de\",\"potentialAction\":[{\"@type\":\"ReadAction\",\"target\":[\"https:\/\/www.morihotel.com\/de\/wie-sie-uns-erreichen\/\"]}]},{\"@type\":\"BreadcrumbList\",\"@id\":\"https:\/\/www.morihotel.com\/de\/wie-sie-uns-erreichen\/#breadcrumb\",\"itemListElement\":[{\"@type\":\"ListItem\",\"position\":1,\"name\":\"Home\",\"item\":\"https:\/\/www.morihotel.com\/de\/\"},{\"@type\":\"ListItem\",\"position\":2,\"name\":\"Wie Sie uns erreichen\"}]},{\"@type\":\"WebSite\",\"@id\":\"https:\/\/www.morihotel.com\/de\/#website\",\"url\":\"https:\/\/www.morihotel.com\/de\/\",\"name\":\"Hotel Ai Mori d&#039;Oriente\",\"description\":\"\",\"potentialAction\":[{\"@type\":\"SearchAction\",\"target\":{\"@type\":\"EntryPoint\",\"urlTemplate\":\"https:\/\/www.morihotel.com\/de\/?s={search_term_string}\"},\"query-input\":{\"@type\":\"PropertyValueSpecification\",\"valueRequired\":true,\"valueName\":\"search_term_string\"}}],\"inLanguage\":\"de\"}]}<\/script>\n<!-- \/ Yoast SEO plugin. -->","yoast_head_json":{"title":"Wie Sie uns erreichen - Hotel Ai Mori d&#039;Oriente","description":"Wie Sie uns erreichen, Hotel Ai Mori d&#039;Oriente:","robots":{"index":"index","follow":"follow","max-snippet":"max-snippet:-1","max-image-preview":"max-image-preview:large","max-video-preview":"max-video-preview:-1"},"canonical":"https:\/\/www.morihotel.com\/de\/wie-sie-uns-erreichen\/","og_locale":"de_DE","og_type":"article","og_title":"Wie Sie uns erreichen - Hotel Ai Mori d&#039;Oriente","og_description":"Wie Sie uns erreichen, Hotel Ai Mori d&#039;Oriente:","og_url":"https:\/\/www.morihotel.com\/de\/wie-sie-uns-erreichen\/","og_site_name":"Hotel Ai Mori d&#039;Oriente","article_modified_time":"2019-07-11T10:47:43+00:00","twitter_misc":{"Gesch\u00e4tzte Lesezeit":"5\u00a0Minuten"},"schema":{"@context":"https:\/\/schema.org","@graph":[{"@type":"WebPage","@id":"https:\/\/www.morihotel.com\/de\/wie-sie-uns-erreichen\/","url":"https:\/\/www.morihotel.com\/de\/wie-sie-uns-erreichen\/","name":"Wie Sie uns erreichen - Hotel Ai Mori d&#039;Oriente","isPartOf":{"@id":"https:\/\/www.morihotel.com\/de\/#website"},"datePublished":"2016-03-23T10:15:26+00:00","dateModified":"2019-07-11T10:47:43+00:00","description":"Wie Sie uns erreichen, Hotel Ai Mori d&#039;Oriente:","breadcrumb":{"@id":"https:\/\/www.morihotel.com\/de\/wie-sie-uns-erreichen\/#breadcrumb"},"inLanguage":"de","potentialAction":[{"@type":"ReadAction","target":["https:\/\/www.morihotel.com\/de\/wie-sie-uns-erreichen\/"]}]},{"@type":"BreadcrumbList","@id":"https:\/\/www.morihotel.com\/de\/wie-sie-uns-erreichen\/#breadcrumb","itemListElement":[{"@type":"ListItem","position":1,"name":"Home","item":"https:\/\/www.morihotel.com\/de\/"},{"@type":"ListItem","position":2,"name":"Wie Sie uns erreichen"}]},{"@type":"WebSite","@id":"https:\/\/www.morihotel.com\/de\/#website","url":"https:\/\/www.morihotel.com\/de\/","name":"Hotel Ai Mori d&#039;Oriente","description":"","potentialAction":[{"@type":"SearchAction","target":{"@type":"EntryPoint","urlTemplate":"https:\/\/www.morihotel.com\/de\/?s={search_term_string}"},"query-input":{"@type":"PropertyValueSpecification","valueRequired":true,"valueName":"search_term_string"}}],"inLanguage":"de"}]}},"publishpress_future_action":{"enabled":false,"date":"2026-05-14 18:13:36","action":"change-status","newStatus":"draft","terms":[],"taxonomy":"translation_priority","extraData":[]},"publishpress_future_workflow_manual_trigger":{"enabledWorkflows":[]},"_links":{"self":[{"href":"https:\/\/www.morihotel.com\/de\/wp-json\/wp\/v2\/pages\/2840","targetHints":{"allow":["GET"]}}],"collection":[{"href":"https:\/\/www.morihotel.com\/de\/wp-json\/wp\/v2\/pages"}],"about":[{"href":"https:\/\/www.morihotel.com\/de\/wp-json\/wp\/v2\/types\/page"}],"author":[{"embeddable":true,"href":"https:\/\/www.morihotel.com\/de\/wp-json\/wp\/v2\/users\/32"}],"replies":[{"embeddable":true,"href":"https:\/\/www.morihotel.com\/de\/wp-json\/wp\/v2\/comments?post=2840"}],"version-history":[{"count":2,"href":"https:\/\/www.morihotel.com\/de\/wp-json\/wp\/v2\/pages\/2840\/revisions"}],"predecessor-version":[{"id":29230,"href":"https:\/\/www.morihotel.com\/de\/wp-json\/wp\/v2\/pages\/2840\/revisions\/29230"}],"wp:attachment":[{"href":"https:\/\/www.morihotel.com\/de\/wp-json\/wp\/v2\/media?parent=2840"}],"curies":[{"name":"wp","href":"https:\/\/api.w.org\/{rel}","templated":true}]}}