{"id":2819,"date":"2016-03-03T10:50:50","date_gmt":"2016-03-03T10:50:50","guid":{"rendered":"https:\/\/www.morihotel.com\/de\/descrizione\/"},"modified":"2021-04-01T17:52:17","modified_gmt":"2021-04-01T15:52:17","slug":"beschreibung","status":"publish","type":"page","link":"https:\/\/www.morihotel.com\/de\/beschreibung\/","title":{"rendered":"Beschreibung"},"content":{"rendered":"<div class=\"wpb-content-wrapper\">[vc_row el_class=&#8220;wrap box_top&#8220;][vc_column][vc_column_text el_class=&#8220;box_bottom&#8220;]\n<div class=\"txt-interno\">\n<h4>Beschreibung<\/h4>\n<p><img decoding=\"async\" src=\"\/wp-content\/uploads\/2013\/09\/decorazione.png\" alt=\"\" \/><br \/>\nDieses 4- Sterne- Hotel erm\u00f6glicht seinen G\u00e4sten einen fantastischen Aufenthalt in <strong>Venedig<\/strong> in wundersch\u00f6nen evokativen und komfortablen R\u00e4umlichkeiten, die f\u00fcr besondere Ereignisse wie <strong>Jahrestage<\/strong>, Hochzeitsreisen oder <strong>romantische Wochenende<\/strong> wie geschaffen sind und dem <strong>Hotel Ai Mori d\u2019Oriente <\/strong> seinen unwiderstehlichen Charme verleihen.<\/p>\n<p>Der Palazzo aus dem f\u00fcnfzehnten Jahrhundert mit Blick auf den <strong>Canale della Sensa<\/strong>, in dem das Hotel untergebracht ist, war einst Wohnsitz der so genannteni Mori, der t\u00fcrkischen Seiden- und Gew\u00fcrzh\u00e4ndler der Serenissima. Diese florierenden Handelszeiten haben ihre Spuren in den R\u00e4umlichkeiten des Hotels hinterlassen und verstr\u00f6men mit ihren verschn\u00f6rkelten Ornamenten ihr zauberhaftes und <strong>charmantes<\/strong> Flair.<\/p>\n<p>Im <strong>Komfortangebot<\/strong> mit inbegriffen sind <strong>W- Lan- Anschluss<\/strong>, individuell regulierbare Klimaanlage und ein Fahrstuhl f\u00fcr den Adelstrakt. Vor dem Hotel verlockt eine entz\u00fcckende <strong>Terrasse<\/strong> mit Blick auf den Kanal zum Lesen oder l\u00e4dt zu einem Aperitif oder Cocktail an der American Bar des Hotels &#8218;&#8220;<strong>Oasi d&#8217;Oriente<\/strong>&#8220; ein.<\/p>\n<p>Im Adelstrakt des Palazzo mit seinen Originalb\u00f6den aus &#8222;<em>venezianischen Terrazzo- Fliesen<\/em>&#8220; befindet sich ein zauberhaftes <strong>Lesezimmer<\/strong>.<\/p>\n<\/div>\n[\/vc_column_text][\/vc_column][\/vc_row][vc_row][vc_column][vc_empty_space][\/vc_column][\/vc_row][vc_row equal_height=&#8220;yes&#8220; content_placement=&#8220;middle&#8220; el_class=&#8220;wrap&#8220;][vc_column width=&#8220;1\/2&#8243;][vc_column_text]\n<div class=\"liste\">\n<dl>\n<dt><\/dt>\n<dt>Beschreibung<\/dt>\n<dd>\u2022 Empfangshalle<\/dd>\n<dd>\u2022 Rezeption<\/dd>\n<dd>\u2022 Internetzimmer<\/dd>\n<dd>\u2022 Lesezimmer<\/dd>\n<dd>\u2022 American Snack Bar &#8222;Oasi d&#8217;Oriente&#8220;<\/dd>\n<dd>\u2022 Terrasse mit Blick auf den Kanal<\/dd>\n<dd>\u2022 Konferenzsaal (20 Personen)<\/dd>\n<\/dl>\n<\/div>\n[\/vc_column_text][\/vc_column][vc_column width=&#8220;1\/2&#8243;]<div class=\"ult-ih-container ult-adjust-bottom-margin  \" >\t<ul class=\"ult-ih-list \"  data-shape=\"circle\"  data-width=\"300\"  data-height=\"300\"  data-res_width=\"250\"  data-res_height=\"250\"  style=\"text-align:right; \"><li id=\"ult-ih-list-item-5022\" class=\"ult-ih-list-item\" style=\"height: 300px; width: 300px;  margin: 15px\"><a class=\"ult-ih-link\" href=\"https:\/\/www.morihotel.com\/de\/dienste\/\" target=\"\"  title=\"\" ><div style=\"height: 300px; width: 300px; \" class=\"ult-ih-item ult-ih-effect17    \"><div class=\"ult-ih-image-block\" style=\"height: 300px; width: 300px; \">\t<div class=\"ult-ih-wrapper\" style=\"border-style: solid; border-color: rgba(255,255,255,0.2); border-width: 20px;\"><\/div>\t<img decoding=\"async\" class=\"ult-ih-image\" src=\"https:\/\/www.morihotel.com\/wp-content\/uploads\/2016\/03\/DETTAGLIO-MASCHERA-LIBRO-1.jpg\" alt=\"null\"><\/div><div class=\"ult-ih-info\" style=\"background-color: rgba(0,0,0,0.75); \">\t<div class=\"ult-ih-info-back\">\t<div class=\"ult-ih-content\">\t\t\t<div class=\"ult-ih-heading-block\" style=\"\">\t\t\t\t<h3 class=\"ult-ih-heading ult-responsive\" style=\"color:#ffffff;\"  data-ultimate-target='#ult-ih-list-item-5022 .ult-ih-heading'  data-responsive-json-new='{\"font-size\":\"desktop:22px;\",\"line-height\":\"desktop:28px;\"}' >Diensten<\/h3>\t\t\t<\/div>\t\t\t<div class=\"ult-ih-divider-block\" style=\"height:1px;\">\t\t\t\t<span class=\"ult-ih-line\" style=\"border-style:solid;border-color:rgba(255,255,255,0.75);width:100px;border-width:1px;\"><\/span>\t\t\t<\/div>\t\t\t<div class=\"ult-ih-description-block\" style=\"\">\t\t\t\t<div class=\"ult-ih-description ult-responsive\" style=\"color:#bbbbbb;\"  data-ultimate-target='#ult-ih-list-item-5022 .ult-ih-description, #ult-ih-list-item-5022 .ult-ih-description p'  data-responsive-json-new='{\"font-size\":\"desktop:12px;\",\"line-height\":\"desktop:18px;\"}' >\t\t\t\t<\/div>\t\t\t<\/div>\t<\/div>\t<\/div><\/div><\/div><\/a><\/li>\t<\/ul><\/div>[\/vc_column][\/vc_row][vc_row][vc_column][vc_empty_space height=&#8220;60px&#8220;][\/vc_column][\/vc_row][vc_row full_width=&#8220;stretch_row_content_no_spaces&#8220; equal_height=&#8220;yes&#8220; content_placement=&#8220;middle&#8220; parallax_content=&#8220;parallax_content_value&#8220; el_class=&#8220;box-home-both&#8220;][vc_column width=&#8220;1\/2&#8243; css=&#8220;.vc_custom_1457090284893{background-image: url(https:\/\/www.morihotel.com\/wp-content\/uploads\/2013\/09\/box-1.jpg?id=1441) !important;background-position: center !important;background-repeat: no-repeat !important;background-size: cover !important;}&#8220;][vc_row_inner el_class=&#8220;box-home-nero&#8220;][vc_column_inner][vc_empty_space height=&#8220;90px&#8220;][vc_column_text css_animation=&#8220;appear&#8220;]\n<h2>Venedig-Erlebnis<br \/>\nin evokativen Zimmer<\/h2>\n[\/vc_column_text][vc_single_image image=&#8220;1430&#8243; img_size=&#8220;full&#8220; alignment=&#8220;center&#8220; css_animation=&#8220;appear&#8220;][vc_btn title=&#8220;Fotogalerie&#8220; style=&#8220;outline&#8220; shape=&#8220;square&#8220; color=&#8220;white&#8220; size=&#8220;lg&#8220; align=&#8220;center&#8220; css_animation=&#8220;appear&#8220; link=&#8220;url:https%3A%2F%2Fwww.morihotel.com%2Fde%2Ffotogalerie%2F||&#8220;][vc_empty_space height=&#8220;90px&#8220;][\/vc_column_inner][\/vc_row_inner][\/vc_column][vc_column width=&#8220;1\/2&#8243; css=&#8220;.vc_custom_1457090300035{background-image: url(https:\/\/www.morihotel.com\/wp-content\/uploads\/2013\/09\/box-2.jpg?id=1448) !important;background-position: center !important;background-repeat: no-repeat !important;background-size: cover !important;}&#8220;][vc_row_inner el_class=&#8220;box-home-bianco&#8220;][vc_column_inner][vc_empty_space height=&#8220;90px&#8220;][vc_column_text css_animation=&#8220;appear&#8220;]\n<h2>exklusive<br \/>\nromantische Unterkunft<\/h2>\n[\/vc_column_text][vc_single_image image=&#8220;1430&#8243; img_size=&#8220;full&#8220; alignment=&#8220;center&#8220; css_animation=&#8220;appear&#8220;][vc_btn title=&#8220;Zimmer&#8220; style=&#8220;outline&#8220; shape=&#8220;square&#8220; color=&#8220;white&#8220; size=&#8220;lg&#8220; align=&#8220;center&#8220; css_animation=&#8220;appear&#8220; link=&#8220;url:https%3A%2F%2Fwww.morihotel.com%2Fde%2Fzimmer%2F||&#8220;][vc_empty_space height=&#8220;90px&#8220;][\/vc_column_inner][\/vc_row_inner][\/vc_column][\/vc_row][vc_row el_class=&#8220;wrap box_top&#8220;][vc_column][vc_column_text el_class=&#8220;box_bottom&#8220;]\n<div id=\"box-offerte\">\n<h2>Angebote<\/h2>\n<p><img decoding=\"async\" src=\"\/wp-content\/uploads\/2013\/09\/decorazione.png\" alt=\"\" \/><br \/>\n<div class=\"gallery-view\"><div class=\"offer-package-4\"><div style=\"position:relative; margin-left:auto; margin-right:auto; overflow:hidden; width:px;\"><a href=\"https:\/\/www.morihotel.com\/de\/offers\/mit-ihrem-hund-in-venedig\/\"><img loading=\"lazy\" decoding=\"async\" width=\"210\" height=\"210\" src=\"https:\/\/www.morihotel.com\/wp-content\/uploads\/2022\/08\/SCRAPPY-MORI-210x210.jpg\" class=\"size-thumbnail\" alt=\"\" srcset=\"https:\/\/www.morihotel.com\/wp-content\/uploads\/2022\/08\/SCRAPPY-MORI-210x210.jpg 210w, https:\/\/www.morihotel.com\/wp-content\/uploads\/2022\/08\/SCRAPPY-MORI-150x150.jpg 150w, https:\/\/www.morihotel.com\/wp-content\/uploads\/2022\/08\/SCRAPPY-MORI-32x32.jpg 32w, https:\/\/www.morihotel.com\/wp-content\/uploads\/2022\/08\/SCRAPPY-MORI-128x128.jpg 128w, https:\/\/www.morihotel.com\/wp-content\/uploads\/2022\/08\/SCRAPPY-MORI-268x268.jpg 268w, https:\/\/www.morihotel.com\/wp-content\/uploads\/2022\/08\/SCRAPPY-MORI-500x500.jpg 500w, https:\/\/www.morihotel.com\/wp-content\/uploads\/2022\/08\/SCRAPPY-MORI-930x930.jpg 930w\" sizes=\"auto, (max-width: 210px) 100vw, 210px\" \/><\/a><div class=\"background-offer-gallery\"><img decoding=\"async\" src=\"https:\/\/www.morihotel.com\/wp-content\/uploads\/2013\/09\/bkg-white704.png\" \/>   <div class=\"highlight-text-gallery\"><a href=\"https:\/\/www.morihotel.com\/de\/offers\/mit-ihrem-hund-in-venedig\/\">Paket<\/a><\/div><\/div><div class=\"background-tag-gallery\">\n                            <img decoding=\"async\" src=\"https:\/\/www.morihotel.com\/wp-content\/uploads\/2013\/09\/package_icon.png\"><\/div><\/div><div class=\"original-price\"><\/div><div class=\"reducted-price\"><\/div><div class=\"clear\"><\/div><div class=\"offer_title\"><a href=\"https:\/\/www.morihotel.com\/de\/offers\/mit-ihrem-hund-in-venedig\/\">Mit Ihrem Hund In Venedig<\/a><\/div><div class=\"package-gallery\"><div><\/div><div><\/div><div><\/div><div><\/div><\/div><\/div><div class=\"offer-package-4\"><div style=\"position:relative; margin-left:auto; margin-right:auto; overflow:hidden; width:px;\"><a href=\"https:\/\/www.morihotel.com\/de\/offers\/romantic-venice\/\"><img loading=\"lazy\" decoding=\"async\" width=\"210\" height=\"210\" src=\"https:\/\/www.morihotel.com\/wp-content\/uploads\/2018\/01\/ROM-VCE-324-210x210.jpg\" class=\"size-thumbnail\" alt=\"\" srcset=\"https:\/\/www.morihotel.com\/wp-content\/uploads\/2018\/01\/ROM-VCE-324-210x210.jpg 210w, https:\/\/www.morihotel.com\/wp-content\/uploads\/2018\/01\/ROM-VCE-324-150x150.jpg 150w, https:\/\/www.morihotel.com\/wp-content\/uploads\/2018\/01\/ROM-VCE-324-32x32.jpg 32w, https:\/\/www.morihotel.com\/wp-content\/uploads\/2018\/01\/ROM-VCE-324-128x128.jpg 128w, https:\/\/www.morihotel.com\/wp-content\/uploads\/2018\/01\/ROM-VCE-324-268x268.jpg 268w, https:\/\/www.morihotel.com\/wp-content\/uploads\/2018\/01\/ROM-VCE-324-500x500.jpg 500w, https:\/\/www.morihotel.com\/wp-content\/uploads\/2018\/01\/ROM-VCE-324-930x930.jpg 930w\" sizes=\"auto, (max-width: 210px) 100vw, 210px\" \/><\/a><div class=\"background-offer-gallery\"><img decoding=\"async\" src=\"https:\/\/www.morihotel.com\/wp-content\/uploads\/2013\/09\/bkg-white704.png\" \/>   <div class=\"highlight-text-gallery\"><a href=\"https:\/\/www.morihotel.com\/de\/offers\/romantic-venice\/\">Paket<\/a><\/div><\/div><div class=\"background-tag-gallery\">\n                            <img decoding=\"async\" src=\"https:\/\/www.morihotel.com\/wp-content\/uploads\/2013\/09\/package_icon.png\"><\/div><\/div><div class=\"original-price\"><\/div><div class=\"reducted-price\"><\/div><div class=\"clear\"><\/div><div class=\"offer_title\"><a href=\"https:\/\/www.morihotel.com\/de\/offers\/romantic-venice\/\">Romantiches Venedig<\/a><\/div><div class=\"package-gallery\"><div><\/div><div><\/div><div><\/div><div><\/div><\/div><\/div><div class=\"offer-package-4\"><div style=\"position:relative; margin-left:auto; margin-right:auto; overflow:hidden; width:px;\"><a href=\"https:\/\/www.morihotel.com\/de\/offers\/book-your-box-at-the-fenice-opera-house\/\"><img loading=\"lazy\" decoding=\"async\" width=\"210\" height=\"210\" src=\"https:\/\/www.morihotel.com\/wp-content\/uploads\/2016\/03\/opera-974148-210x210.jpg\" class=\"size-thumbnail\" alt=\"\" srcset=\"https:\/\/www.morihotel.com\/wp-content\/uploads\/2016\/03\/opera-974148-210x210.jpg 210w, https:\/\/www.morihotel.com\/wp-content\/uploads\/2016\/03\/opera-974148-150x150.jpg 150w, https:\/\/www.morihotel.com\/wp-content\/uploads\/2016\/03\/opera-974148-32x32.jpg 32w, https:\/\/www.morihotel.com\/wp-content\/uploads\/2016\/03\/opera-974148-128x128.jpg 128w, https:\/\/www.morihotel.com\/wp-content\/uploads\/2016\/03\/opera-974148-268x268.jpg 268w, https:\/\/www.morihotel.com\/wp-content\/uploads\/2016\/03\/opera-974148-500x500.jpg 500w, https:\/\/www.morihotel.com\/wp-content\/uploads\/2016\/03\/opera-974148-930x930.jpg 930w\" sizes=\"auto, (max-width: 210px) 100vw, 210px\" \/><\/a><div class=\"background-offer-gallery\"><img decoding=\"async\" src=\"https:\/\/www.morihotel.com\/wp-content\/uploads\/2013\/09\/bkg-white704.png\" \/>   <div class=\"highlight-text-gallery\"><a href=\"https:\/\/www.morihotel.com\/de\/offers\/book-your-box-at-the-fenice-opera-house\/\">Paket<\/a><\/div><\/div><div class=\"background-tag-gallery\">\n                            <img decoding=\"async\" src=\"https:\/\/www.morihotel.com\/wp-content\/uploads\/2013\/09\/package_icon.png\"><\/div><\/div><div class=\"original-price\"><\/div><div class=\"reducted-price\"><\/div><div class=\"clear\"><\/div><div class=\"offer_title\"><a href=\"https:\/\/www.morihotel.com\/de\/offers\/book-your-box-at-the-fenice-opera-house\/\">Eine Premiere im Theater La Fenice 2025-2026<\/a><\/div><div class=\"package-gallery\"><div><\/div><div>bis 31. Oktober 2026<\/div><div><\/div><div><\/div><\/div><\/div><\/div>\n<h5><a href=\"https:\/\/www.morihotel.com\/de\/sonderangebote\/\">Zur vollst\u00e4ndigen Liste gehen<\/a><\/h5>\n<\/div>\n[\/vc_column_text][\/vc_column][\/vc_row]\n<\/div>","protected":false},"excerpt":{"rendered":"<p>[vc_row el_class=&#8220;wrap box_top&#8220;][vc_column][vc_column_text el_class=&#8220;box_bottom&#8220;] Beschreibung Dieses 4- Sterne- Hotel erm\u00f6glicht seinen G\u00e4sten einen fantastischen Aufenthalt in Venedig in wundersch\u00f6nen evokativen und komfortablen R\u00e4umlichkeiten, die f\u00fcr besondere Ereignisse wie Jahrestage, Hochzeitsreisen oder romantische Wochenende wie geschaffen sind und dem Hotel Ai Mori d\u2019Oriente seinen unwiderstehlichen Charme verleihen. Der Palazzo aus dem f\u00fcnfzehnten Jahrhundert mit Blick auf [&hellip;]<\/p>\n","protected":false},"author":32,"featured_media":0,"parent":0,"menu_order":0,"comment_status":"closed","ping_status":"closed","template":"","meta":{"_genesis_hide_title":false,"_genesis_hide_breadcrumbs":false,"_genesis_hide_singular_image":false,"_genesis_hide_footer_widgets":false,"_genesis_custom_body_class":"","_genesis_custom_post_class":"","_genesis_layout":"","footnotes":""},"class_list":{"0":"post-2819","1":"page","2":"type-page","3":"status-publish","5":"entry"},"yoast_head":"<!-- This site is optimized with the Yoast SEO plugin v25.6 - https:\/\/yoast.com\/wordpress\/plugins\/seo\/ -->\n<title>Charme-Hotel Venedig | Hotel in Venedig f\u00fcr Hochzeitsreisen<\/title>\n<meta name=\"description\" content=\"Dieses 4- Sterne- Hotel erm\u00f6glicht seinen G\u00e4sten einen fantastischen Aufenthalt in Venedig in wundersch\u00f6nen evokativen und komfortablen R\u00e4umlichkeiten.\" \/>\n<meta name=\"robots\" content=\"index, follow, max-snippet:-1, max-image-preview:large, max-video-preview:-1\" \/>\n<link rel=\"canonical\" href=\"https:\/\/www.morihotel.com\/de\/beschreibung\/\" \/>\n<meta property=\"og:locale\" content=\"de_DE\" \/>\n<meta property=\"og:type\" content=\"article\" \/>\n<meta property=\"og:title\" content=\"Charme-Hotel Venedig | Hotel in Venedig f\u00fcr Hochzeitsreisen\" \/>\n<meta property=\"og:description\" content=\"Dieses 4- Sterne- Hotel erm\u00f6glicht seinen G\u00e4sten einen fantastischen Aufenthalt in Venedig in wundersch\u00f6nen evokativen und komfortablen R\u00e4umlichkeiten.\" \/>\n<meta property=\"og:url\" content=\"https:\/\/www.morihotel.com\/de\/beschreibung\/\" \/>\n<meta property=\"og:site_name\" content=\"Hotel Ai Mori d&#039;Oriente\" \/>\n<meta property=\"article:modified_time\" content=\"2021-04-01T15:52:17+00:00\" \/>\n<meta name=\"twitter:label1\" content=\"Gesch\u00e4tzte Lesezeit\" \/>\n\t<meta name=\"twitter:data1\" content=\"3\u00a0Minuten\" \/>\n<script type=\"application\/ld+json\" class=\"yoast-schema-graph\">{\"@context\":\"https:\/\/schema.org\",\"@graph\":[{\"@type\":\"WebPage\",\"@id\":\"https:\/\/www.morihotel.com\/de\/beschreibung\/\",\"url\":\"https:\/\/www.morihotel.com\/de\/beschreibung\/\",\"name\":\"Charme-Hotel Venedig | Hotel in Venedig f\u00fcr Hochzeitsreisen\",\"isPartOf\":{\"@id\":\"https:\/\/www.morihotel.com\/de\/#website\"},\"datePublished\":\"2016-03-03T10:50:50+00:00\",\"dateModified\":\"2021-04-01T15:52:17+00:00\",\"description\":\"Dieses 4- Sterne- Hotel erm\u00f6glicht seinen G\u00e4sten einen fantastischen Aufenthalt in Venedig in wundersch\u00f6nen evokativen und komfortablen R\u00e4umlichkeiten.\",\"breadcrumb\":{\"@id\":\"https:\/\/www.morihotel.com\/de\/beschreibung\/#breadcrumb\"},\"inLanguage\":\"de\",\"potentialAction\":[{\"@type\":\"ReadAction\",\"target\":[\"https:\/\/www.morihotel.com\/de\/beschreibung\/\"]}]},{\"@type\":\"BreadcrumbList\",\"@id\":\"https:\/\/www.morihotel.com\/de\/beschreibung\/#breadcrumb\",\"itemListElement\":[{\"@type\":\"ListItem\",\"position\":1,\"name\":\"Home\",\"item\":\"https:\/\/www.morihotel.com\/de\/\"},{\"@type\":\"ListItem\",\"position\":2,\"name\":\"Beschreibung\"}]},{\"@type\":\"WebSite\",\"@id\":\"https:\/\/www.morihotel.com\/de\/#website\",\"url\":\"https:\/\/www.morihotel.com\/de\/\",\"name\":\"Hotel Ai Mori d&#039;Oriente\",\"description\":\"\",\"potentialAction\":[{\"@type\":\"SearchAction\",\"target\":{\"@type\":\"EntryPoint\",\"urlTemplate\":\"https:\/\/www.morihotel.com\/de\/?s={search_term_string}\"},\"query-input\":{\"@type\":\"PropertyValueSpecification\",\"valueRequired\":true,\"valueName\":\"search_term_string\"}}],\"inLanguage\":\"de\"}]}<\/script>\n<!-- \/ Yoast SEO plugin. -->","yoast_head_json":{"title":"Charme-Hotel Venedig | Hotel in Venedig f\u00fcr Hochzeitsreisen","description":"Dieses 4- Sterne- Hotel erm\u00f6glicht seinen G\u00e4sten einen fantastischen Aufenthalt in Venedig in wundersch\u00f6nen evokativen und komfortablen R\u00e4umlichkeiten.","robots":{"index":"index","follow":"follow","max-snippet":"max-snippet:-1","max-image-preview":"max-image-preview:large","max-video-preview":"max-video-preview:-1"},"canonical":"https:\/\/www.morihotel.com\/de\/beschreibung\/","og_locale":"de_DE","og_type":"article","og_title":"Charme-Hotel Venedig | Hotel in Venedig f\u00fcr Hochzeitsreisen","og_description":"Dieses 4- Sterne- Hotel erm\u00f6glicht seinen G\u00e4sten einen fantastischen Aufenthalt in Venedig in wundersch\u00f6nen evokativen und komfortablen R\u00e4umlichkeiten.","og_url":"https:\/\/www.morihotel.com\/de\/beschreibung\/","og_site_name":"Hotel Ai Mori d&#039;Oriente","article_modified_time":"2021-04-01T15:52:17+00:00","twitter_misc":{"Gesch\u00e4tzte Lesezeit":"3\u00a0Minuten"},"schema":{"@context":"https:\/\/schema.org","@graph":[{"@type":"WebPage","@id":"https:\/\/www.morihotel.com\/de\/beschreibung\/","url":"https:\/\/www.morihotel.com\/de\/beschreibung\/","name":"Charme-Hotel Venedig | Hotel in Venedig f\u00fcr Hochzeitsreisen","isPartOf":{"@id":"https:\/\/www.morihotel.com\/de\/#website"},"datePublished":"2016-03-03T10:50:50+00:00","dateModified":"2021-04-01T15:52:17+00:00","description":"Dieses 4- Sterne- Hotel erm\u00f6glicht seinen G\u00e4sten einen fantastischen Aufenthalt in Venedig in wundersch\u00f6nen evokativen und komfortablen R\u00e4umlichkeiten.","breadcrumb":{"@id":"https:\/\/www.morihotel.com\/de\/beschreibung\/#breadcrumb"},"inLanguage":"de","potentialAction":[{"@type":"ReadAction","target":["https:\/\/www.morihotel.com\/de\/beschreibung\/"]}]},{"@type":"BreadcrumbList","@id":"https:\/\/www.morihotel.com\/de\/beschreibung\/#breadcrumb","itemListElement":[{"@type":"ListItem","position":1,"name":"Home","item":"https:\/\/www.morihotel.com\/de\/"},{"@type":"ListItem","position":2,"name":"Beschreibung"}]},{"@type":"WebSite","@id":"https:\/\/www.morihotel.com\/de\/#website","url":"https:\/\/www.morihotel.com\/de\/","name":"Hotel Ai Mori d&#039;Oriente","description":"","potentialAction":[{"@type":"SearchAction","target":{"@type":"EntryPoint","urlTemplate":"https:\/\/www.morihotel.com\/de\/?s={search_term_string}"},"query-input":{"@type":"PropertyValueSpecification","valueRequired":true,"valueName":"search_term_string"}}],"inLanguage":"de"}]}},"publishpress_future_action":{"enabled":false,"date":"2026-04-25 03:47:00","action":"change-status","newStatus":"draft","terms":[],"taxonomy":"translation_priority","extraData":[]},"publishpress_future_workflow_manual_trigger":{"enabledWorkflows":[]},"_links":{"self":[{"href":"https:\/\/www.morihotel.com\/de\/wp-json\/wp\/v2\/pages\/2819","targetHints":{"allow":["GET"]}}],"collection":[{"href":"https:\/\/www.morihotel.com\/de\/wp-json\/wp\/v2\/pages"}],"about":[{"href":"https:\/\/www.morihotel.com\/de\/wp-json\/wp\/v2\/types\/page"}],"author":[{"embeddable":true,"href":"https:\/\/www.morihotel.com\/de\/wp-json\/wp\/v2\/users\/32"}],"replies":[{"embeddable":true,"href":"https:\/\/www.morihotel.com\/de\/wp-json\/wp\/v2\/comments?post=2819"}],"version-history":[{"count":9,"href":"https:\/\/www.morihotel.com\/de\/wp-json\/wp\/v2\/pages\/2819\/revisions"}],"predecessor-version":[{"id":51414,"href":"https:\/\/www.morihotel.com\/de\/wp-json\/wp\/v2\/pages\/2819\/revisions\/51414"}],"wp:attachment":[{"href":"https:\/\/www.morihotel.com\/de\/wp-json\/wp\/v2\/media?parent=2819"}],"curies":[{"name":"wp","href":"https:\/\/api.w.org\/{rel}","templated":true}]}}