{"id":2780,"date":"2016-03-22T16:42:25","date_gmt":"2016-03-22T16:42:25","guid":{"rendered":"https:\/\/www.morihotel.com\/de\/?page_id=2780"},"modified":"2024-02-28T13:33:07","modified_gmt":"2024-02-28T11:33:07","slug":"dienste","status":"publish","type":"page","link":"https:\/\/www.morihotel.com\/de\/dienste\/","title":{"rendered":"Dienste"},"content":{"rendered":"<div class=\"wpb-content-wrapper\">[vc_row el_class=&#8220;wrap box_top&#8220;][vc_column][vc_column_text el_class=&#8220;box_bottom&#8220;]\n<div class=\"txt-interno\">\n<h4>Dienste<\/h4>\n<p><img decoding=\"async\" src=\"\/wp-content\/uploads\/2013\/09\/decorazione.png\" alt=\"\" \/><br \/>\nHerrschaftliche R\u00e4umlichkeiten voller Charme erwarten Sie mit ihrer Gem\u00fctlichkeit und bestem Komfort, damit Ihr Aufenthalt im <strong>Hotel Ai Mori d\u2019Oriente<\/strong> in Venedig zu einem unvergesslichen Erlebnis wird.<\/p>\n<p>Zusammen mit einem eleganten <strong>Fr\u00fchst\u00fcckszimmer<\/strong> verf\u00fcgt unser Hotel \u00fcber eine wundersch\u00f6ne <strong>Terrasse<\/strong> mit Blick auf den Kanal, auf der die G\u00e4ste ihren an unserer <strong>Bar<\/strong> gemixten Cocktail oder Aperitif genie\u00dfen k\u00f6nnen.<\/p>\n<p>Die Gemeinschaftsr\u00e4ume verf\u00fcgen \u00fcber <strong>W-.Lan-<\/strong> Internetanschluss. Als weiteres Komfortangebot steht den G\u00e4sten ein <strong>Fahrstuhl<\/strong> zur Verf\u00fcgung, eine f\u00fcr ein venezianisches Hotel recht seltene Bequemlichkeit.<\/p>\n<\/div>\n[\/vc_column_text][\/vc_column][\/vc_row][vc_row][vc_column][vc_empty_space][\/vc_column][\/vc_row][vc_row full_width=&#8220;stretch_row_content_no_spaces&#8220; full_height=&#8220;yes&#8220; equal_height=&#8220;yes&#8220; content_placement=&#8220;middle&#8220; parallax=&#8220;content-moving&#8220; bg_type=&#8220;image&#8220; parallax_style=&#8220;vcpb-default&#8220; bg_image_new=&#8220;id^1517|url^https:\/\/www.morihotel.com\/wp-content\/uploads\/2016\/03\/bg_offerte.jpg|caption^null|alt^null|title^bg_offerte|description^null&#8220; bg_img_attach=&#8220;fixed&#8220;][vc_column css=&#8220;.vc_custom_1457444526722{background-position: center !important;background-repeat: no-repeat !important;background-size: cover !important;}&#8220;][vc_row_inner el_class=&#8220;wrap&#8220;][vc_column_inner width=&#8220;1\/2&#8243;][\/vc_column_inner][vc_column_inner width=&#8220;1\/2&#8243; css=&#8220;.vc_custom_1457529747794{padding-right: 20px !important;padding-bottom: 20px !important;padding-left: 20px !important;background-color: rgba(255,255,255,0.7) !important;*background-color: rgb(255,255,255) !important;}&#8220;][vc_column_text]\n<h3>Dienstleistungen<\/h3>\n<p>\u2022 Behindertengerechte Einrichtungen<br \/>\n\u2022 Fahrstuhl<br \/>\n\u2022 Concierge<br \/>\n\u2022 Gep\u00e4cktr\u00e4ger<br \/>\n\u2022 Gep\u00e4ckabgabe<br \/>\n\u2022 Nachtportier<br \/>\n\u2022 High-Speed-Wi-Fi<br \/>\n\u2022 Fax- Service*<br \/>\n\u2022 Transfer von\/zum Flughafen\/Bahnhof*<br \/>\n\u2022 Touristische Infos, Reservierung von Ausfl\u00fcgen\/F\u00fchrungen, Autoverleih<br \/>\n\u2022 Aufbewahrung von Wertgegenst\u00e4nden<br \/>\n\u2022 Limousinen-Service*<br \/>\n\u2022 W\u00e4scherei- und B\u00fcgelservice*<br \/>\n\u2022 American Snack Bar<br \/>\n\u2022 Baby Sitter- Service*<\/p>\n<p>\u2022 *Gegen Bezahlung[\/vc_column_text][\/vc_column_inner][\/vc_row_inner][\/vc_column][\/vc_row][vc_row][vc_column][vc_empty_space][\/vc_column][\/vc_row][vc_row equal_height=&#8220;yes&#8220; content_placement=&#8220;middle&#8220; el_class=&#8220;wrap&#8220;][vc_column width=&#8220;1\/3&#8243;][vc_column_text]\n<blockquote>\n<h3><em>Wunderbar Tage in Venedig<\/em><\/h3>\n<p><em>Das Hotel ist wundersch\u00f6n, aber das beste sind die sehr freundlichen, jederzeit hilfsbereiten Angestellten. Dazu ist die Lage des Hauses perfekt. Beim wunderbaren Fr\u00fchst\u00fcck kam nie eine Hektik auf, der Service war umsichtig und effektiv. Wir kommen wieder.<\/em><\/p>\n<p><em>5\/5 TripAdvisor Traveller<\/em><\/p><\/blockquote>\n<p>&nbsp;<\/p>\n<\/div>","protected":false},"excerpt":{"rendered":"<p>[vc_row el_class=&#8220;wrap box_top&#8220;][vc_column][vc_column_text el_class=&#8220;box_bottom&#8220;] Dienste Herrschaftliche R\u00e4umlichkeiten voller Charme erwarten Sie mit ihrer Gem\u00fctlichkeit und bestem Komfort, damit Ihr Aufenthalt im Hotel Ai Mori d\u2019Oriente in Venedig zu einem unvergesslichen Erlebnis wird. Zusammen mit einem eleganten Fr\u00fchst\u00fcckszimmer verf\u00fcgt unser Hotel \u00fcber eine wundersch\u00f6ne Terrasse mit Blick auf den Kanal, auf der die G\u00e4ste ihren an [&hellip;]<\/p>\n","protected":false},"author":32,"featured_media":0,"parent":0,"menu_order":0,"comment_status":"closed","ping_status":"closed","template":"","meta":{"_genesis_hide_title":false,"_genesis_hide_breadcrumbs":false,"_genesis_hide_singular_image":false,"_genesis_hide_footer_widgets":false,"_genesis_custom_body_class":"","_genesis_custom_post_class":"","_genesis_layout":"","footnotes":""},"class_list":{"0":"post-2780","1":"page","2":"type-page","3":"status-publish","5":"entry"},"yoast_head":"<!-- This site is optimized with the Yoast SEO plugin v25.6 - https:\/\/yoast.com\/wordpress\/plugins\/seo\/ -->\n<title>Dienste - Hotel Ai Mori d&#039;Oriente<\/title>\n<meta name=\"description\" content=\"Dienste, Hotel Ai Mori d&#039;Oriente:\" \/>\n<meta name=\"robots\" content=\"index, follow, max-snippet:-1, max-image-preview:large, max-video-preview:-1\" \/>\n<link rel=\"canonical\" href=\"https:\/\/www.morihotel.com\/de\/dienste\/\" \/>\n<meta property=\"og:locale\" content=\"de_DE\" \/>\n<meta property=\"og:type\" content=\"article\" \/>\n<meta property=\"og:title\" content=\"Dienste - Hotel Ai Mori d&#039;Oriente\" \/>\n<meta property=\"og:description\" content=\"Dienste, Hotel Ai Mori d&#039;Oriente:\" \/>\n<meta property=\"og:url\" content=\"https:\/\/www.morihotel.com\/de\/dienste\/\" \/>\n<meta property=\"og:site_name\" content=\"Hotel Ai Mori d&#039;Oriente\" \/>\n<meta property=\"article:modified_time\" content=\"2024-02-28T11:33:07+00:00\" \/>\n<meta name=\"twitter:label1\" content=\"Gesch\u00e4tzte Lesezeit\" \/>\n\t<meta name=\"twitter:data1\" content=\"2\u00a0Minuten\" \/>\n<script type=\"application\/ld+json\" class=\"yoast-schema-graph\">{\"@context\":\"https:\/\/schema.org\",\"@graph\":[{\"@type\":\"WebPage\",\"@id\":\"https:\/\/www.morihotel.com\/de\/dienste\/\",\"url\":\"https:\/\/www.morihotel.com\/de\/dienste\/\",\"name\":\"Dienste - Hotel Ai Mori d&#039;Oriente\",\"isPartOf\":{\"@id\":\"https:\/\/www.morihotel.com\/de\/#website\"},\"datePublished\":\"2016-03-22T16:42:25+00:00\",\"dateModified\":\"2024-02-28T11:33:07+00:00\",\"description\":\"Dienste, Hotel Ai Mori d&#039;Oriente:\",\"breadcrumb\":{\"@id\":\"https:\/\/www.morihotel.com\/de\/dienste\/#breadcrumb\"},\"inLanguage\":\"de\",\"potentialAction\":[{\"@type\":\"ReadAction\",\"target\":[\"https:\/\/www.morihotel.com\/de\/dienste\/\"]}]},{\"@type\":\"BreadcrumbList\",\"@id\":\"https:\/\/www.morihotel.com\/de\/dienste\/#breadcrumb\",\"itemListElement\":[{\"@type\":\"ListItem\",\"position\":1,\"name\":\"Home\",\"item\":\"https:\/\/www.morihotel.com\/de\/\"},{\"@type\":\"ListItem\",\"position\":2,\"name\":\"Dienste\"}]},{\"@type\":\"WebSite\",\"@id\":\"https:\/\/www.morihotel.com\/de\/#website\",\"url\":\"https:\/\/www.morihotel.com\/de\/\",\"name\":\"Hotel Ai Mori d&#039;Oriente\",\"description\":\"\",\"potentialAction\":[{\"@type\":\"SearchAction\",\"target\":{\"@type\":\"EntryPoint\",\"urlTemplate\":\"https:\/\/www.morihotel.com\/de\/?s={search_term_string}\"},\"query-input\":{\"@type\":\"PropertyValueSpecification\",\"valueRequired\":true,\"valueName\":\"search_term_string\"}}],\"inLanguage\":\"de\"}]}<\/script>\n<!-- \/ Yoast SEO plugin. -->","yoast_head_json":{"title":"Dienste - Hotel Ai Mori d&#039;Oriente","description":"Dienste, Hotel Ai Mori d&#039;Oriente:","robots":{"index":"index","follow":"follow","max-snippet":"max-snippet:-1","max-image-preview":"max-image-preview:large","max-video-preview":"max-video-preview:-1"},"canonical":"https:\/\/www.morihotel.com\/de\/dienste\/","og_locale":"de_DE","og_type":"article","og_title":"Dienste - Hotel Ai Mori d&#039;Oriente","og_description":"Dienste, Hotel Ai Mori d&#039;Oriente:","og_url":"https:\/\/www.morihotel.com\/de\/dienste\/","og_site_name":"Hotel Ai Mori d&#039;Oriente","article_modified_time":"2024-02-28T11:33:07+00:00","twitter_misc":{"Gesch\u00e4tzte Lesezeit":"2\u00a0Minuten"},"schema":{"@context":"https:\/\/schema.org","@graph":[{"@type":"WebPage","@id":"https:\/\/www.morihotel.com\/de\/dienste\/","url":"https:\/\/www.morihotel.com\/de\/dienste\/","name":"Dienste - Hotel Ai Mori d&#039;Oriente","isPartOf":{"@id":"https:\/\/www.morihotel.com\/de\/#website"},"datePublished":"2016-03-22T16:42:25+00:00","dateModified":"2024-02-28T11:33:07+00:00","description":"Dienste, Hotel Ai Mori d&#039;Oriente:","breadcrumb":{"@id":"https:\/\/www.morihotel.com\/de\/dienste\/#breadcrumb"},"inLanguage":"de","potentialAction":[{"@type":"ReadAction","target":["https:\/\/www.morihotel.com\/de\/dienste\/"]}]},{"@type":"BreadcrumbList","@id":"https:\/\/www.morihotel.com\/de\/dienste\/#breadcrumb","itemListElement":[{"@type":"ListItem","position":1,"name":"Home","item":"https:\/\/www.morihotel.com\/de\/"},{"@type":"ListItem","position":2,"name":"Dienste"}]},{"@type":"WebSite","@id":"https:\/\/www.morihotel.com\/de\/#website","url":"https:\/\/www.morihotel.com\/de\/","name":"Hotel Ai Mori d&#039;Oriente","description":"","potentialAction":[{"@type":"SearchAction","target":{"@type":"EntryPoint","urlTemplate":"https:\/\/www.morihotel.com\/de\/?s={search_term_string}"},"query-input":{"@type":"PropertyValueSpecification","valueRequired":true,"valueName":"search_term_string"}}],"inLanguage":"de"}]}},"publishpress_future_action":{"enabled":false,"date":"2026-05-20 13:07:01","action":"change-status","newStatus":"draft","terms":[],"taxonomy":"translation_priority","extraData":[]},"publishpress_future_workflow_manual_trigger":{"enabledWorkflows":[]},"_links":{"self":[{"href":"https:\/\/www.morihotel.com\/de\/wp-json\/wp\/v2\/pages\/2780","targetHints":{"allow":["GET"]}}],"collection":[{"href":"https:\/\/www.morihotel.com\/de\/wp-json\/wp\/v2\/pages"}],"about":[{"href":"https:\/\/www.morihotel.com\/de\/wp-json\/wp\/v2\/types\/page"}],"author":[{"embeddable":true,"href":"https:\/\/www.morihotel.com\/de\/wp-json\/wp\/v2\/users\/32"}],"replies":[{"embeddable":true,"href":"https:\/\/www.morihotel.com\/de\/wp-json\/wp\/v2\/comments?post=2780"}],"version-history":[{"count":3,"href":"https:\/\/www.morihotel.com\/de\/wp-json\/wp\/v2\/pages\/2780\/revisions"}],"predecessor-version":[{"id":89595,"href":"https:\/\/www.morihotel.com\/de\/wp-json\/wp\/v2\/pages\/2780\/revisions\/89595"}],"wp:attachment":[{"href":"https:\/\/www.morihotel.com\/de\/wp-json\/wp\/v2\/media?parent=2780"}],"curies":[{"name":"wp","href":"https:\/\/api.w.org\/{rel}","templated":true}]}}