{"id":117,"date":"2013-09-03T15:09:50","date_gmt":"2013-09-03T15:09:50","guid":{"rendered":"https:\/\/www.morihotel.com\/?page_id=117"},"modified":"2025-02-05T15:15:52","modified_gmt":"2025-02-05T13:15:52","slug":"home","status":"publish","type":"page","link":"https:\/\/www.morihotel.com\/de\/","title":{"rendered":"Home"},"content":{"rendered":"<div class=\"wpb-content-wrapper\">[vc_row el_class=&#8220;wrap box_top&#8220;][vc_column][vc_column_text el_class=&#8220;box_bottom&#8220;]\n<div class=\"txt-index\">\n<h4>Eine exklusive Gastfreundlichkeit und das romantische Mysterium Venedigs<\/h4>\n<p><img decoding=\"async\" src=\"\/wp-content\/uploads\/2013\/09\/decorazione.png\" alt=\"\" \/><br \/>\nEin <strong>Charme<\/strong> <strong>Hotel<\/strong> von unsagbarem Zauber in der faszinierenden Stadt Venedig, mit Blick auf den <strong> Rio della Sensa<\/strong> im Stadtteil <strong>Cannaregio<\/strong>, dort wo malerisch verborgene Innenh\u00f6fe Ihnen alte Legenden ins Ohr fl\u00fcstern und wo die Zimmer Sie mit Luxus und Komfort verw\u00f6hnen werden.<\/p>\n<p>Im historischen Zentrum in der N\u00e4he des <strong>Judenghettos<\/strong> und des Campo dei Mori verbreiten die R\u00e4umlichkeiten des <strong>Hotels Ai Mori d\u2019Oriente <\/strong>ihre kuschelige Atmosph\u00e4re der Gastfreundschaft und des Friedens, dort wo ein raffinierter Hauch maurischen Stils an den regen Handel auf der Seidenstra\u00dfe erinnert.<\/p>\n<p>G\u00f6nnen Sie sich f\u00fcr einen romantischen Moment der <strong>Eleganz<\/strong> und des <strong>Komforts<\/strong> und inmitten einer Szenerie von umwerfender Sch\u00f6nheit einen Urlaub im <strong>Hotel Ai Mori d\u2019Oriente<\/strong>, um sich von dem Zauber <strong>Venedigs<\/strong> bet\u00f6ren zu lassen.<\/p>\n<\/div>\n[\/vc_column_text][\/vc_column][\/vc_row][vc_row full_width=&#8220;stretch_row_content_no_spaces&#8220; content_placement=&#8220;middle&#8220; parallax=&#8220;content-moving&#8220; bg_type=&#8220;image&#8220; parallax_style=&#8220;vcpb-default&#8220; bg_image_new=&#8220;id^1854|url^https:\/\/www.morihotel.com\/wp-content\/uploads\/2014\/01\/misteri_venezia_small.jpg|caption^null|alt^null|title^misteri_venezia_small|description^null&#8220; bg_image_repeat=&#8220;no-repeat&#8220; bg_img_attach=&#8220;fixed&#8220;][vc_column][vc_empty_space height=&#8220;90px&#8220;][vc_column_text css_animation=&#8220;appear&#8220; el_class=&#8220;wrap&#8220;]\n<h3 class=\"txt-bianco\">Legenden und Mysterien<br \/>\nauf dem Campo dei Mori<\/h3>\n[\/vc_column_text][vc_single_image image=&#8220;1430&#8243; img_size=&#8220;full&#8220; alignment=&#8220;center&#8220; css_animation=&#8220;appear&#8220;][vc_btn title=&#8220;Entdecken Sie Venedig&#8220; style=&#8220;outline&#8220; shape=&#8220;square&#8220; color=&#8220;white&#8220; size=&#8220;lg&#8220; align=&#8220;center&#8220; css_animation=&#8220;appear&#8220; link=&#8220;url:https%3A%2F%2Fwww.morihotel.com%2Fde%2Flage%2F||&#8220;][vc_empty_space height=&#8220;90px&#8220;][\/vc_column][\/vc_row][vc_row full_width=&#8220;stretch_row_content_no_spaces&#8220; equal_height=&#8220;yes&#8220; content_placement=&#8220;middle&#8220; parallax_content=&#8220;parallax_content_value&#8220; el_class=&#8220;box-home-both&#8220;][vc_column width=&#8220;1\/3&#8243; css=&#8220;.vc_custom_1457090284893{background-image: url(https:\/\/www.morihotel.com\/wp-content\/uploads\/2013\/09\/box-1.jpg?id=1441) !important;background-position: center !important;background-repeat: no-repeat !important;background-size: cover !important;}&#8220;][vc_row_inner el_class=&#8220;box-home-nero&#8220;][vc_column_inner][vc_empty_space height=&#8220;90px&#8220;][vc_column_text css_animation=&#8220;appear&#8220;]\n<h2>Venedig-Erlebnis<br \/>\nin evokativen<br \/>\nZimmer<\/h2>\n[\/vc_column_text][vc_single_image image=&#8220;1430&#8243; img_size=&#8220;full&#8220; alignment=&#8220;center&#8220; css_animation=&#8220;appear&#8220;][vc_btn title=&#8220;Fotogalerie&#8220; style=&#8220;outline&#8220; shape=&#8220;square&#8220; color=&#8220;white&#8220; size=&#8220;lg&#8220; align=&#8220;center&#8220; css_animation=&#8220;appear&#8220; link=&#8220;url:https%3A%2F%2Fwww.morihotel.com%2Fde%2Ffotogalerie%2F||&#8220;][vc_empty_space height=&#8220;90px&#8220;][\/vc_column_inner][\/vc_row_inner][\/vc_column][vc_column width=&#8220;1\/3&#8243; css=&#8220;.vc_custom_1457090300035{background-image: url(https:\/\/www.morihotel.com\/wp-content\/uploads\/2013\/09\/box-2.jpg?id=1448) !important;background-position: center !important;background-repeat: no-repeat !important;background-size: cover !important;}&#8220;][vc_row_inner el_class=&#8220;box-home-bianco&#8220;][vc_column_inner][vc_empty_space height=&#8220;90px&#8220;][vc_column_text css_animation=&#8220;appear&#8220;]\n<h2>Exklusive<br \/>\nromantische<br \/>\nUnterkunft<\/h2>\n[\/vc_column_text][vc_single_image image=&#8220;1430&#8243; img_size=&#8220;full&#8220; alignment=&#8220;center&#8220; css_animation=&#8220;appear&#8220;][vc_btn title=&#8220;Zimmer&#8220; style=&#8220;outline&#8220; shape=&#8220;square&#8220; color=&#8220;white&#8220; size=&#8220;lg&#8220; align=&#8220;center&#8220; css_animation=&#8220;appear&#8220; link=&#8220;url:https%3A%2F%2Fwww.morihotel.com%2Fde%2Fzimmer%2F||&#8220;][vc_empty_space height=&#8220;90px&#8220;][\/vc_column_inner][\/vc_row_inner][\/vc_column][vc_column width=&#8220;1\/3&#8243; css=&#8220;.vc_custom_1457090941251{background-image: url(https:\/\/www.morihotel.com\/wp-content\/uploads\/2013\/09\/box-3.jpg?id=1455) !important;background-position: center !important;background-repeat: no-repeat !important;background-size: cover !important;}&#8220;][vc_row_inner el_class=&#8220;box-home-bianco&#8220;][vc_column_inner][vc_empty_space height=&#8220;90px&#8220;][vc_column_text css_animation=&#8220;appear&#8220;]\n<h2>Zauberhaftes<br \/>\nund charmantes<br \/>\nFlair<\/h2>\n[\/vc_column_text][vc_single_image image=&#8220;1430&#8243; img_size=&#8220;full&#8220; alignment=&#8220;center&#8220; css_animation=&#8220;appear&#8220;][vc_btn title=&#8220;Beschreibung&#8220; style=&#8220;outline&#8220; shape=&#8220;square&#8220; color=&#8220;white&#8220; size=&#8220;lg&#8220; align=&#8220;center&#8220; css_animation=&#8220;appear&#8220; link=&#8220;url:https%3A%2F%2Fwww.morihotel.com%2Fde%2Fbeschreibung%2F||&#8220;][vc_empty_space height=&#8220;90px&#8220;][\/vc_column_inner][\/vc_row_inner][\/vc_column][\/vc_row][vc_row el_class=&#8220;wrap box_top&#8220;][vc_column][vc_column_text el_class=&#8220;box_bottom&#8220;]\n<div id=\"box-offerte\">\n<h2>Angebote<\/h2>\n<p><img decoding=\"async\" src=\"\/wp-content\/uploads\/2013\/09\/decorazione.png\" alt=\"\" \/><br \/>\n<div class=\"full-gallery-view\"><div class=\"offer-package-fullgallery-4 view view-first\"><div style=\"position:relative; margin-left:auto; margin-right:auto; overflow:hidden; width:px;\"><a href=\"https:\/\/www.morihotel.com\/de\/offers\/mit-ihrem-hund-in-venedig\/\"><img loading=\"lazy\" decoding=\"async\" width=\"210\" height=\"210\" src=\"https:\/\/www.morihotel.com\/wp-content\/uploads\/2022\/08\/SCRAPPY-MORI-210x210.jpg\" class=\"size-thumbnail\" alt=\"\" srcset=\"https:\/\/www.morihotel.com\/wp-content\/uploads\/2022\/08\/SCRAPPY-MORI-210x210.jpg 210w, https:\/\/www.morihotel.com\/wp-content\/uploads\/2022\/08\/SCRAPPY-MORI-150x150.jpg 150w, https:\/\/www.morihotel.com\/wp-content\/uploads\/2022\/08\/SCRAPPY-MORI-32x32.jpg 32w, https:\/\/www.morihotel.com\/wp-content\/uploads\/2022\/08\/SCRAPPY-MORI-128x128.jpg 128w, https:\/\/www.morihotel.com\/wp-content\/uploads\/2022\/08\/SCRAPPY-MORI-268x268.jpg 268w, https:\/\/www.morihotel.com\/wp-content\/uploads\/2022\/08\/SCRAPPY-MORI-500x500.jpg 500w, https:\/\/www.morihotel.com\/wp-content\/uploads\/2022\/08\/SCRAPPY-MORI-930x930.jpg 930w\" sizes=\"auto, (max-width: 210px) 100vw, 210px\" \/><\/a><\/div><div class=\"mask\" style=\"width:px;\"><div class=\"fullgallery-price-section\"><div class=\"original-price-list price-all\"><\/div><div class=\"reducted-price-list price-all\"><\/div><div class=\"clear\"><\/div><\/div><div class=\"package-gallery\"><div><\/div><div><\/div><div><\/div><div><\/div><\/div><p class=\"fullgallery-header\"><a href=\"https:\/\/www.morihotel.com\/de\/offers\/mit-ihrem-hund-in-venedig\/\">Mit Ihrem Hund In Venedig<\/a><\/p><p class=\"fullgallery-excerpt\"><\/p><br \/><\/div><\/div><div class=\"offer-package-fullgallery-4 view view-first\"><div style=\"position:relative; margin-left:auto; margin-right:auto; overflow:hidden; width:px;\"><a href=\"https:\/\/www.morihotel.com\/de\/offers\/romantic-venice\/\"><img loading=\"lazy\" decoding=\"async\" width=\"210\" height=\"210\" src=\"https:\/\/www.morihotel.com\/wp-content\/uploads\/2018\/01\/ROM-VCE-324-210x210.jpg\" class=\"size-thumbnail\" alt=\"\" srcset=\"https:\/\/www.morihotel.com\/wp-content\/uploads\/2018\/01\/ROM-VCE-324-210x210.jpg 210w, https:\/\/www.morihotel.com\/wp-content\/uploads\/2018\/01\/ROM-VCE-324-150x150.jpg 150w, https:\/\/www.morihotel.com\/wp-content\/uploads\/2018\/01\/ROM-VCE-324-32x32.jpg 32w, https:\/\/www.morihotel.com\/wp-content\/uploads\/2018\/01\/ROM-VCE-324-128x128.jpg 128w, https:\/\/www.morihotel.com\/wp-content\/uploads\/2018\/01\/ROM-VCE-324-268x268.jpg 268w, https:\/\/www.morihotel.com\/wp-content\/uploads\/2018\/01\/ROM-VCE-324-500x500.jpg 500w, https:\/\/www.morihotel.com\/wp-content\/uploads\/2018\/01\/ROM-VCE-324-930x930.jpg 930w\" sizes=\"auto, (max-width: 210px) 100vw, 210px\" \/><\/a><\/div><div class=\"mask\" style=\"width:px;\"><div class=\"fullgallery-price-section\"><div class=\"original-price-list price-all\"><\/div><div class=\"reducted-price-list price-all\"><\/div><div class=\"clear\"><\/div><\/div><div class=\"package-gallery\"><div><\/div><div><\/div><div><\/div><div><\/div><\/div><p class=\"fullgallery-header\"><a href=\"https:\/\/www.morihotel.com\/de\/offers\/romantic-venice\/\">Romantiches Venedig<\/a><\/p><p class=\"fullgallery-excerpt\"><\/p><br \/><\/div><\/div><div class=\"offer-package-fullgallery-4 view view-first\"><div style=\"position:relative; margin-left:auto; margin-right:auto; overflow:hidden; width:px;\"><a href=\"https:\/\/www.morihotel.com\/de\/offers\/book-your-box-at-the-fenice-opera-house\/\"><img loading=\"lazy\" decoding=\"async\" width=\"210\" height=\"210\" src=\"https:\/\/www.morihotel.com\/wp-content\/uploads\/2016\/03\/opera-974148-210x210.jpg\" class=\"size-thumbnail\" alt=\"\" srcset=\"https:\/\/www.morihotel.com\/wp-content\/uploads\/2016\/03\/opera-974148-210x210.jpg 210w, https:\/\/www.morihotel.com\/wp-content\/uploads\/2016\/03\/opera-974148-150x150.jpg 150w, https:\/\/www.morihotel.com\/wp-content\/uploads\/2016\/03\/opera-974148-32x32.jpg 32w, https:\/\/www.morihotel.com\/wp-content\/uploads\/2016\/03\/opera-974148-128x128.jpg 128w, https:\/\/www.morihotel.com\/wp-content\/uploads\/2016\/03\/opera-974148-268x268.jpg 268w, https:\/\/www.morihotel.com\/wp-content\/uploads\/2016\/03\/opera-974148-500x500.jpg 500w, https:\/\/www.morihotel.com\/wp-content\/uploads\/2016\/03\/opera-974148-930x930.jpg 930w\" sizes=\"auto, (max-width: 210px) 100vw, 210px\" \/><\/a><\/div><div class=\"mask\" style=\"width:px;\"><div class=\"fullgallery-price-section\"><div class=\"original-price-list price-all\"><\/div><div class=\"reducted-price-list price-all\"><\/div><div class=\"clear\"><\/div><\/div><div class=\"package-gallery\"><div><\/div><div>bis 31. Oktober 2026<\/div><div><\/div><div><\/div><\/div><p class=\"fullgallery-header\"><a href=\"https:\/\/www.morihotel.com\/de\/offers\/book-your-box-at-the-fenice-opera-house\/\">Eine Premiere im Theater La Fenice 2025-2026<\/a><\/p><p class=\"fullgallery-excerpt\"><\/p><br \/><\/div><\/div><\/div>\n<h5><a href=\"https:\/\/www.morihotel.com\/de\/sonderangebote\/\">Zur vollst\u00e4ndigen Liste gehen<\/a><\/h5>\n<p>&nbsp;<\/p>\n<\/div>\n[\/vc_column_text][\/vc_column][\/vc_row]\n<\/div>","protected":false},"excerpt":{"rendered":"<p>[vc_row el_class=&#8220;wrap box_top&#8220;][vc_column][vc_column_text el_class=&#8220;box_bottom&#8220;] Eine exklusive Gastfreundlichkeit und das romantische Mysterium Venedigs Ein Charme Hotel von unsagbarem Zauber in der faszinierenden Stadt Venedig, mit Blick auf den Rio della Sensa im Stadtteil Cannaregio, dort wo malerisch verborgene Innenh\u00f6fe Ihnen alte Legenden ins Ohr fl\u00fcstern und wo die Zimmer Sie mit Luxus und Komfort verw\u00f6hnen werden. [&hellip;]<\/p>\n","protected":false},"author":32,"featured_media":0,"parent":0,"menu_order":0,"comment_status":"open","ping_status":"open","template":"","meta":{"_genesis_hide_title":false,"_genesis_hide_breadcrumbs":false,"_genesis_hide_singular_image":false,"_genesis_hide_footer_widgets":false,"_genesis_custom_body_class":"","_genesis_custom_post_class":"","_genesis_layout":"","footnotes":""},"class_list":{"0":"post-117","1":"page","2":"type-page","3":"status-publish","5":"entry"},"yoast_head":"<!-- This site is optimized with the Yoast SEO plugin v25.6 - https:\/\/yoast.com\/wordpress\/plugins\/seo\/ -->\n<title>Hotel Venedig Ghetto | Hotel Ai Mori d\u2019Oriente Offizielle Seite<\/title>\n<meta name=\"description\" content=\"Im historischen Zentrum in der N\u00e4he des Judenghettos und des Campo dei Mori verbreiten die R\u00e4umlichkeiten des Hotels Ai Mori d\u2019Oriente ihre kuschelige Atmosph\u00e4re der Gastfreundschaft und des Friedens.\" \/>\n<meta name=\"robots\" content=\"index, follow, max-snippet:-1, max-image-preview:large, max-video-preview:-1\" \/>\n<link rel=\"canonical\" href=\"https:\/\/www.morihotel.com\/de\/\" \/>\n<meta property=\"og:locale\" content=\"de_DE\" \/>\n<meta property=\"og:type\" content=\"article\" \/>\n<meta property=\"og:title\" content=\"Hotel Venedig Ghetto | Hotel Ai Mori d\u2019Oriente Offizielle Seite\" \/>\n<meta property=\"og:description\" content=\"Im historischen Zentrum in der N\u00e4he des Judenghettos und des Campo dei Mori verbreiten die R\u00e4umlichkeiten des Hotels Ai Mori d\u2019Oriente ihre kuschelige Atmosph\u00e4re der Gastfreundschaft und des Friedens.\" \/>\n<meta property=\"og:url\" content=\"https:\/\/www.morihotel.com\/de\/\" \/>\n<meta property=\"og:site_name\" content=\"Hotel Ai Mori d&#039;Oriente\" \/>\n<meta property=\"article:modified_time\" content=\"2025-02-05T13:15:52+00:00\" \/>\n<meta name=\"twitter:label1\" content=\"Gesch\u00e4tzte Lesezeit\" \/>\n\t<meta name=\"twitter:data1\" content=\"2\u00a0Minuten\" \/>\n<script type=\"application\/ld+json\" class=\"yoast-schema-graph\">{\"@context\":\"https:\/\/schema.org\",\"@graph\":[{\"@type\":\"WebPage\",\"@id\":\"https:\/\/www.morihotel.com\/de\/\",\"url\":\"https:\/\/www.morihotel.com\/de\/\",\"name\":\"Hotel Venedig Ghetto | Hotel Ai Mori d\u2019Oriente Offizielle Seite\",\"isPartOf\":{\"@id\":\"https:\/\/www.morihotel.com\/de\/#website\"},\"datePublished\":\"2013-09-03T15:09:50+00:00\",\"dateModified\":\"2025-02-05T13:15:52+00:00\",\"description\":\"Im historischen Zentrum in der N\u00e4he des Judenghettos und des Campo dei Mori verbreiten die R\u00e4umlichkeiten des Hotels Ai Mori d\u2019Oriente ihre kuschelige Atmosph\u00e4re der Gastfreundschaft und des Friedens.\",\"breadcrumb\":{\"@id\":\"https:\/\/www.morihotel.com\/de\/#breadcrumb\"},\"inLanguage\":\"de\",\"potentialAction\":[{\"@type\":\"ReadAction\",\"target\":[\"https:\/\/www.morihotel.com\/de\/\"]}]},{\"@type\":\"BreadcrumbList\",\"@id\":\"https:\/\/www.morihotel.com\/de\/#breadcrumb\",\"itemListElement\":[{\"@type\":\"ListItem\",\"position\":1,\"name\":\"Home\",\"item\":\"https:\/\/www.morihotel.com\/de\/\"},{\"@type\":\"ListItem\",\"position\":2,\"name\":\"Home\"}]},{\"@type\":\"WebSite\",\"@id\":\"https:\/\/www.morihotel.com\/de\/#website\",\"url\":\"https:\/\/www.morihotel.com\/de\/\",\"name\":\"Hotel Ai Mori d&#039;Oriente\",\"description\":\"\",\"potentialAction\":[{\"@type\":\"SearchAction\",\"target\":{\"@type\":\"EntryPoint\",\"urlTemplate\":\"https:\/\/www.morihotel.com\/de\/?s={search_term_string}\"},\"query-input\":{\"@type\":\"PropertyValueSpecification\",\"valueRequired\":true,\"valueName\":\"search_term_string\"}}],\"inLanguage\":\"de\"}]}<\/script>\n<!-- \/ Yoast SEO plugin. -->","yoast_head_json":{"title":"Hotel Venedig Ghetto | Hotel Ai Mori d\u2019Oriente Offizielle Seite","description":"Im historischen Zentrum in der N\u00e4he des Judenghettos und des Campo dei Mori verbreiten die R\u00e4umlichkeiten des Hotels Ai Mori d\u2019Oriente ihre kuschelige Atmosph\u00e4re der Gastfreundschaft und des Friedens.","robots":{"index":"index","follow":"follow","max-snippet":"max-snippet:-1","max-image-preview":"max-image-preview:large","max-video-preview":"max-video-preview:-1"},"canonical":"https:\/\/www.morihotel.com\/de\/","og_locale":"de_DE","og_type":"article","og_title":"Hotel Venedig Ghetto | Hotel Ai Mori d\u2019Oriente Offizielle Seite","og_description":"Im historischen Zentrum in der N\u00e4he des Judenghettos und des Campo dei Mori verbreiten die R\u00e4umlichkeiten des Hotels Ai Mori d\u2019Oriente ihre kuschelige Atmosph\u00e4re der Gastfreundschaft und des Friedens.","og_url":"https:\/\/www.morihotel.com\/de\/","og_site_name":"Hotel Ai Mori d&#039;Oriente","article_modified_time":"2025-02-05T13:15:52+00:00","twitter_misc":{"Gesch\u00e4tzte Lesezeit":"2\u00a0Minuten"},"schema":{"@context":"https:\/\/schema.org","@graph":[{"@type":"WebPage","@id":"https:\/\/www.morihotel.com\/de\/","url":"https:\/\/www.morihotel.com\/de\/","name":"Hotel Venedig Ghetto | Hotel Ai Mori d\u2019Oriente Offizielle Seite","isPartOf":{"@id":"https:\/\/www.morihotel.com\/de\/#website"},"datePublished":"2013-09-03T15:09:50+00:00","dateModified":"2025-02-05T13:15:52+00:00","description":"Im historischen Zentrum in der N\u00e4he des Judenghettos und des Campo dei Mori verbreiten die R\u00e4umlichkeiten des Hotels Ai Mori d\u2019Oriente ihre kuschelige Atmosph\u00e4re der Gastfreundschaft und des Friedens.","breadcrumb":{"@id":"https:\/\/www.morihotel.com\/de\/#breadcrumb"},"inLanguage":"de","potentialAction":[{"@type":"ReadAction","target":["https:\/\/www.morihotel.com\/de\/"]}]},{"@type":"BreadcrumbList","@id":"https:\/\/www.morihotel.com\/de\/#breadcrumb","itemListElement":[{"@type":"ListItem","position":1,"name":"Home","item":"https:\/\/www.morihotel.com\/de\/"},{"@type":"ListItem","position":2,"name":"Home"}]},{"@type":"WebSite","@id":"https:\/\/www.morihotel.com\/de\/#website","url":"https:\/\/www.morihotel.com\/de\/","name":"Hotel Ai Mori d&#039;Oriente","description":"","potentialAction":[{"@type":"SearchAction","target":{"@type":"EntryPoint","urlTemplate":"https:\/\/www.morihotel.com\/de\/?s={search_term_string}"},"query-input":{"@type":"PropertyValueSpecification","valueRequired":true,"valueName":"search_term_string"}}],"inLanguage":"de"}]}},"publishpress_future_action":{"enabled":false,"date":"2026-04-21 12:52:17","action":"change-status","newStatus":"draft","terms":[],"taxonomy":"translation_priority","extraData":[]},"publishpress_future_workflow_manual_trigger":{"enabledWorkflows":[]},"_links":{"self":[{"href":"https:\/\/www.morihotel.com\/de\/wp-json\/wp\/v2\/pages\/117","targetHints":{"allow":["GET"]}}],"collection":[{"href":"https:\/\/www.morihotel.com\/de\/wp-json\/wp\/v2\/pages"}],"about":[{"href":"https:\/\/www.morihotel.com\/de\/wp-json\/wp\/v2\/types\/page"}],"author":[{"embeddable":true,"href":"https:\/\/www.morihotel.com\/de\/wp-json\/wp\/v2\/users\/32"}],"replies":[{"embeddable":true,"href":"https:\/\/www.morihotel.com\/de\/wp-json\/wp\/v2\/comments?post=117"}],"version-history":[{"count":10,"href":"https:\/\/www.morihotel.com\/de\/wp-json\/wp\/v2\/pages\/117\/revisions"}],"predecessor-version":[{"id":51407,"href":"https:\/\/www.morihotel.com\/de\/wp-json\/wp\/v2\/pages\/117\/revisions\/51407"}],"wp:attachment":[{"href":"https:\/\/www.morihotel.com\/de\/wp-json\/wp\/v2\/media?parent=117"}],"curies":[{"name":"wp","href":"https:\/\/api.w.org\/{rel}","templated":true}]}}