{"id":66199,"date":"2022-05-26T15:27:07","date_gmt":"2022-05-26T13:27:07","guid":{"rendered":"https:\/\/www.morihotel.com\/privacy-policy\/"},"modified":"2022-05-26T15:27:07","modified_gmt":"2022-05-26T13:27:07","slug":"privacy-policy","status":"publish","type":"page","link":"https:\/\/www.morihotel.com\/ar\/privacy-policy\/","title":{"rendered":"Privacy Policy"},"content":{"rendered":"<div class=\"wpb-content-wrapper\">[vc_row][vc_column][vc_empty_space height=&#8221;150px&#8221;][vc_column_text el_class=&#8221;wrap&#8221;]\n<h2>Privacy Policy &#8211; <b>Hotel Ai Mori d&#8217;Oriente s.r.l.<\/b><\/h2>\n<p>AI SENSI DEGLI ARTT. 13 E 14 DEL REGOLAMENTO GENERALE SULLA PROTEZIONE DEI DATI (UE) 2016\/679 E DEL D. LGS. 196\/2003 E SS.MM.II.<\/p>\n<p><strong>Il Titolare del trattamento<\/strong><br \/>\nA seguito della consultazione del sito sopra elencato possono essere trattati dati relativi a persone fisiche identificate o identificabili.<br \/>\nIl Titolare del trattamento \u00e8 <strong>HOTEL AI MORI D\u2019ORIENTE S.r.l.<\/strong>, con sede in Fondamenta della Sensa Cannaregio 3319 &#8211; 30121 Venezia (VE), P.IVA\/C.F. 03206700274.<\/p>\n<p><strong>Base giuridica del trattamento<\/strong><br \/>\nLa base giuridica del trattamento \u00e8 la seguente:<br \/>\nil trattamento \u00e8 necessario per adempiere un obbligo legale al quale \u00e8 soggetto il Titolare, ai sensi dell\u2019art. 6, comma 1, lett. c) del Regolamento UE 2016\/679;<br \/>\nil trattamento \u00e8 necessario per il perseguimento del legittimo interesse del Titolare o di terzi, ai sensi dell\u2019art. 6, comma 1, lett. f) del Regolamento UE 2016\/679;<br \/>\nil trattamento \u00e8 necessario per adempiere al rapporto precontrattuale mediante la pagina \u201cPrenota ora\u201d, ai sensi dell\u2019art. 6, comma 1, lett. b) del Regolamento UE 2016\/679.<\/p>\n<p>\u00c8 comunque possibile richiedere al Titolare di chiarire la concreta base giuridica di ciascun trattamento ed in particolare di specificare se il trattamento sia basato sulla legge o previsto da un rapporto contrattuale o precontrattuale.<\/p>\n<p><strong>Tipi di dati trattati e finalit\u00e0 del trattamento<\/strong><br \/>\n<em>Dati di navigazione<\/em><br \/>\nI sistemi informatici e le procedure software preposte al funzionamento di questo sito acquisiscono, nel corso del loro normale esercizio, alcuni dati personali la cui trasmissione \u00e8 implicita nell&#8217;uso dei protocolli di comunicazione di Internet. In questa categoria di dati rientrano gli indirizzi IP o i nomi a dominio dei computer e dei terminali utilizzati dagli utenti, gli indirizzi in notazione URI\/URL (Uniform Resource Identifier\/Locator) delle risorse richieste, l&#8217;orario della richiesta, il metodo utilizzato nel sottoporre la richiesta al server, la dimensione del file ottenuto in risposta, il codice numerico indicante lo stato della risposta data dal server (buon fine, errore, ecc.) ed altri parametri relativi al sistema operativo e all&#8217;ambiente informatico dell&#8217;utente.<br \/>\nTali dati, necessari per la fruizione dei servizi web, vengono anche trattati allo scopo di:<br \/>\n&#8211; ottenere informazioni statistiche sull&#8217;uso dei servizi (pagine pi\u00f9 visitate, numero di visitatori per fascia oraria o giornaliera, aree geografiche di provenienza, ecc.);<br \/>\n&#8211; controllare il corretto funzionamento dei servizi offerti.<br \/>\nI dati di navigazione non persistono per pi\u00f9 di sette giorni (salve eventuali necessit\u00e0 di accertamento di reati da parte dell&#8217;Autorit\u00e0 giudiziaria).<\/p>\n<p><em>Dati comunicati dall&#8217;utente<\/em><br \/>\nL&#8217;invio facoltativo, esplicito e volontario di messaggi agli indirizzi di contatto del Titolare, i messaggi privati inviati dagli utenti ai profili\/pagine sui social media (laddove questa possibilit\u00e0 sia prevista), nonch\u00e9 la compilazione e l&#8217;inoltro dei moduli presenti sul sito del Titolare, comporta l&#8217;acquisizione dei dati di contatto del mittente, necessari a rispondere, nonch\u00e9 di tutti i dati personali inclusi nelle comunicazioni.<br \/>\nIl conferimento di alcuni dati personali dell\u2019interessato \u00e8 obbligatorio per poter usufruire dei servizi richiesti e il loro mancato conferimento potrebbe pregiudicarne l\u2019accesso. I dati personali obbligatori sono contraddistinti da un asterisco.<br \/>\nNei casi in cui venissero indicati alcuni dati come non obbligatori, l\u2019interessato \u00e8 libero di astenersi dal comunicare tali dati, senza che ci\u00f2 abbia alcuna conseguenza sulla disponibilit\u00e0 del servizio o sulla sua operativit\u00e0.<br \/>\nGli interessati che dovessero avere dubbi su quali dati siano obbligatori, sono incoraggiati a contattare il Titolare.<\/p>\n<p>In particolare, possono essere raccolti dati attraverso:<br \/>\nPAGINA \u201cPRENOTA ORA\u201d<br \/>\nAttraverso la pagina \u201cprenota ora\u201d possono essere comunicati al Titolare dati personali.<br \/>\nI dati trasmessi attraverso tale pagina vengono trattati solo al fine di consentire la prenotazione e autorizzare il pagamento, sulla base del rapporto pre-contrattuale tra le parti.<\/p>\n<p><em>Cookie e altri sistemi di tracciamento<\/em><br \/>\nPer dettagli visualizzare l\u2019informativa sui cookie presentata in questo sito web.<\/p>\n<p><strong>Destinatari dei dati<\/strong><br \/>\nI dati vengono trattati dal personale aziendale incaricato e non vengono comunicati a terzi non autorizzati.<br \/>\nIl trattamento \u00e8 svolto mediate strumenti informatici e\/o telematici e in forma automatizzata e\/o manuale, nel rispetto di quanto previsto dall\u2019art. 32 del GDPR 2016\/679 in materia di misure di sicurezza, ad opera di soggetti appositamente incaricati e in ottemperanza a quanto previsto dall\u2019art. 29 GDPR 2016\/ 679.<br \/>\nIl Titolare adotta le opportune misure di sicurezza volte ad impedire l\u2019accesso, la divulgazione, la modifica o la distruzione non autorizzate dei dati personali.<br \/>\nOltre al Titolare, in alcuni casi, potrebbero avere accesso ai dati altri soggetti coinvolti nella fornitura dei servizi offerti e nell\u2019organizzazione di questo sito web (hosting provider, societ\u00e0 informatiche, archiviazione, riscossione, stampa e spedizione e gestione di posta elettronica, agenzie di comunicazione, corrieri postali), inoltre soggetti esterni nominati, se necessario, Responsabili del Trattamento da parte del Titolare. L\u2019elenco aggiornato dei Responsabili pu\u00f2 sempre essere richiesto al Titolare del Trattamento.<\/p>\n<p><strong>Trasferimento dei dati personali<\/strong><br \/>\nI dati sono trattati presso le sedi operative del Titolare ed in ogni altro luogo in cui le parti coinvolte nel trattamento siano localizzate. Per ulteriori informazioni, contattare il Titolare.<br \/>\nI dati personali dell\u2019interessato non sono trasferiti al di fuori dell\u2019Unione Europea.<\/p>\n<p><strong>Periodo di conservazione<\/strong><br \/>\nNel rispetto dei principi di liceit\u00e0, limitazione delle finalit\u00e0 e minimizzazione dei dati, ai sensi dell\u2019art. 5 del GDPR 2016\/679, i dati personali dell\u2019interessato saranno conservati per il periodo di tempo necessario per il conseguimento delle finalit\u00e0 per le quali sono raccolti e trattati o per difendere\/esercitare un diritto.<br \/>\nQuando il trattamento \u00e8 basato sul consenso dell\u2019interessato, il Titolare pu\u00f2 conservare i dati personali pi\u00f9 a lungo sino a quando detto consenso non venga revocato. Inoltre, il Titolare potrebbe essere obbligato a conservare i dati personali per un periodo pi\u00f9 lungo in ottemperanza ad un obbligo di legge o per ordine di un\u2019autorit\u00e0.<br \/>\nAl termine del periodo di conservazione i dati personali saranno cancellati. Pertanto, al raggiungimento di tale termine il diritto di accesso, cancellazione, rettificazione ed il diritto alla portabilit\u00e0 dei dati non potranno pi\u00f9 essere esercitati.<\/p>\n<p><strong>Diritti dell\u2019interessato<\/strong><br \/>\nIn ogni momento, l\u2019interessato potr\u00e0 esercitare, ai sensi degli articoli dal 15 al 22 del Regolamento UE n. 2016\/679, il diritto di:<br \/>\na) chiedere la conferma dell\u2019esistenza o meno di propri dati personali;<br \/>\nb) ottenere le indicazioni circa le finalit\u00e0 del trattamento, le categorie dei dati personali, i destinatari o le categorie di destinatari a cui i dati personali sono stati o saranno comunicati e, quando possibile, il periodo di conservazione;<br \/>\nc) ottenere la rettifica e la cancellazione dei dati;<br \/>\nd) ottenere la limitazione del trattamento;<br \/>\ne) ottenere la portabilit\u00e0 dei dati, ossia riceverli da un titolare del trattamento, in un formato strutturato, di uso comune e leggibile da dispositivo automatico, e trasmetterli ad un altro titolare del trattamento senza impedimenti;<br \/>\nf) opporsi al trattamento in qualsiasi momento; si fa presente agli interessati che, ove i loro dati fossero trattati con finalit\u00e0 di marketing diretto, possono opporsi al trattamento senza fornire alcuna motivazione.<br \/>\ng) chiedere al titolare del trattamento l\u2019accesso ai dati personali e la rettifica o la cancellazione degli stessi o la limitazione del trattamento che lo riguardano o di opporsi al loro trattamento, oltre al diritto alla portabilit\u00e0 dei dati;<br \/>\nh) revocare il consenso in qualsiasi momento senza pregiudicare la liceit\u00e0 del trattamento basata sul consenso prestato prima della revoca;<br \/>\ni) proporre reclamo a un\u2019autorit\u00e0 di controllo. L\u2019interessato ha il diritto di proporre un reclamo al Garante per la Protezione dei Dati Personali, con sede in Roma via di Monte Citorio 121 (tel. +39 06696771), seguendo le procedure e le indicazioni pubblicate sul sito web dell\u2019Autorit\u00e0 <a href=\"https:\/\/www.garanteprivacy.it\" target=\"_blank\" rel=\"noopener\">www.garanteprivacy.it<\/a><\/p>\n<p><strong>Contatti del Titolare del trattamento<\/strong><br \/>\nPer contattare il Titolare del trattamento pu\u00f2 rivolgersi ai seguenti contatti:<br \/>\n&#8211; via e-mail, all\u2019indirizzo: <a href=\"mailto:info@morihotel.com\">info@morihotel.com<\/a><br \/>\n&#8211; via telefono: telefono +39 041 711001<br \/>\n&#8211; via posta ordinaria: Fondamenta della Sensa Cannaregio 3319 &#8211; 30121 Venezia (VE)<\/p>\n<p style=\"text-align: right;\">DATA ULTIMO AGGIORNAMENTO 14\/03\/2022<\/p>\n[\/vc_column_text][vc_empty_space height=&#8221;150px&#8221;][\/vc_column][\/vc_row]\n<\/div>","protected":false},"excerpt":{"rendered":"<p>[vc_row][vc_column][vc_empty_space height=&#8221;150px&#8221;][vc_column_text el_class=&#8221;wrap&#8221;] Privacy Policy &#8211; Hotel Ai Mori d&#8217;Oriente s.r.l. AI SENSI DEGLI ARTT. 13 E 14 DEL REGOLAMENTO GENERALE SULLA PROTEZIONE DEI DATI (UE) 2016\/679 E DEL D. LGS. 196\/2003 E SS.MM.II. Il Titolare del trattamento A seguito della consultazione del sito sopra elencato possono essere trattati dati relativi a persone fisiche identificate [&hellip;]<\/p>\n","protected":false},"author":32,"featured_media":0,"parent":0,"menu_order":0,"comment_status":"closed","ping_status":"closed","template":"","meta":{"_genesis_hide_title":false,"_genesis_hide_breadcrumbs":false,"_genesis_hide_singular_image":false,"_genesis_hide_footer_widgets":false,"_genesis_custom_body_class":"galleria","_genesis_custom_post_class":"","_genesis_layout":"","footnotes":""},"class_list":{"0":"post-66199","1":"page","2":"type-page","3":"status-publish","5":"entry"},"yoast_head":"<!-- This site is optimized with the Yoast SEO plugin v25.6 - https:\/\/yoast.com\/wordpress\/plugins\/seo\/ -->\n<title>Privacy Policy - Hotel Ai Mori d&#039;Oriente<\/title>\n<meta name=\"description\" content=\"Privacy Policy, Hotel Ai Mori d&#039;Oriente:\" \/>\n<meta name=\"robots\" content=\"index, follow, max-snippet:-1, max-image-preview:large, max-video-preview:-1\" \/>\n<link rel=\"canonical\" href=\"https:\/\/www.morihotel.com\/ar\/privacy-policy\/\" \/>\n<meta property=\"og:locale\" content=\"ar_AR\" \/>\n<meta property=\"og:type\" content=\"article\" \/>\n<meta property=\"og:title\" content=\"Privacy Policy - Hotel Ai Mori d&#039;Oriente\" \/>\n<meta property=\"og:description\" content=\"Privacy Policy, Hotel Ai Mori d&#039;Oriente:\" \/>\n<meta property=\"og:url\" content=\"https:\/\/www.morihotel.com\/ar\/privacy-policy\/\" \/>\n<meta property=\"og:site_name\" content=\"Hotel Ai Mori d&#039;Oriente\" \/>\n<meta name=\"twitter:label1\" content=\"\u0648\u0642\u062a \u0627\u0644\u0642\u0631\u0627\u0621\u0629 \u0627\u0644\u0645\u064f\u0642\u062f\u0651\u0631\" \/>\n\t<meta name=\"twitter:data1\" content=\"6 \u062f\u0642\u0627\u0626\u0642\" \/>\n<script type=\"application\/ld+json\" class=\"yoast-schema-graph\">{\"@context\":\"https:\/\/schema.org\",\"@graph\":[{\"@type\":\"WebPage\",\"@id\":\"https:\/\/www.morihotel.com\/ar\/privacy-policy\/\",\"url\":\"https:\/\/www.morihotel.com\/ar\/privacy-policy\/\",\"name\":\"Privacy Policy - Hotel Ai Mori d&#039;Oriente\",\"isPartOf\":{\"@id\":\"https:\/\/www.morihotel.com\/ar\/#website\"},\"datePublished\":\"2022-05-26T13:27:07+00:00\",\"description\":\"Privacy Policy, Hotel Ai Mori d&#039;Oriente:\",\"breadcrumb\":{\"@id\":\"https:\/\/www.morihotel.com\/ar\/privacy-policy\/#breadcrumb\"},\"inLanguage\":\"ar\",\"potentialAction\":[{\"@type\":\"ReadAction\",\"target\":[\"https:\/\/www.morihotel.com\/ar\/privacy-policy\/\"]}]},{\"@type\":\"BreadcrumbList\",\"@id\":\"https:\/\/www.morihotel.com\/ar\/privacy-policy\/#breadcrumb\",\"itemListElement\":[{\"@type\":\"ListItem\",\"position\":1,\"name\":\"Home\",\"item\":\"https:\/\/www.morihotel.com\/ar\/\"},{\"@type\":\"ListItem\",\"position\":2,\"name\":\"Privacy Policy\"}]},{\"@type\":\"WebSite\",\"@id\":\"https:\/\/www.morihotel.com\/ar\/#website\",\"url\":\"https:\/\/www.morihotel.com\/ar\/\",\"name\":\"Hotel Ai Mori d&#039;Oriente\",\"description\":\"\",\"potentialAction\":[{\"@type\":\"SearchAction\",\"target\":{\"@type\":\"EntryPoint\",\"urlTemplate\":\"https:\/\/www.morihotel.com\/ar\/?s={search_term_string}\"},\"query-input\":{\"@type\":\"PropertyValueSpecification\",\"valueRequired\":true,\"valueName\":\"search_term_string\"}}],\"inLanguage\":\"ar\"}]}<\/script>\n<!-- \/ Yoast SEO plugin. -->","yoast_head_json":{"title":"Privacy Policy - Hotel Ai Mori d&#039;Oriente","description":"Privacy Policy, Hotel Ai Mori d&#039;Oriente:","robots":{"index":"index","follow":"follow","max-snippet":"max-snippet:-1","max-image-preview":"max-image-preview:large","max-video-preview":"max-video-preview:-1"},"canonical":"https:\/\/www.morihotel.com\/ar\/privacy-policy\/","og_locale":"ar_AR","og_type":"article","og_title":"Privacy Policy - Hotel Ai Mori d&#039;Oriente","og_description":"Privacy Policy, Hotel Ai Mori d&#039;Oriente:","og_url":"https:\/\/www.morihotel.com\/ar\/privacy-policy\/","og_site_name":"Hotel Ai Mori d&#039;Oriente","twitter_misc":{"\u0648\u0642\u062a \u0627\u0644\u0642\u0631\u0627\u0621\u0629 \u0627\u0644\u0645\u064f\u0642\u062f\u0651\u0631":"6 \u062f\u0642\u0627\u0626\u0642"},"schema":{"@context":"https:\/\/schema.org","@graph":[{"@type":"WebPage","@id":"https:\/\/www.morihotel.com\/ar\/privacy-policy\/","url":"https:\/\/www.morihotel.com\/ar\/privacy-policy\/","name":"Privacy Policy - Hotel Ai Mori d&#039;Oriente","isPartOf":{"@id":"https:\/\/www.morihotel.com\/ar\/#website"},"datePublished":"2022-05-26T13:27:07+00:00","description":"Privacy Policy, Hotel Ai Mori d&#039;Oriente:","breadcrumb":{"@id":"https:\/\/www.morihotel.com\/ar\/privacy-policy\/#breadcrumb"},"inLanguage":"ar","potentialAction":[{"@type":"ReadAction","target":["https:\/\/www.morihotel.com\/ar\/privacy-policy\/"]}]},{"@type":"BreadcrumbList","@id":"https:\/\/www.morihotel.com\/ar\/privacy-policy\/#breadcrumb","itemListElement":[{"@type":"ListItem","position":1,"name":"Home","item":"https:\/\/www.morihotel.com\/ar\/"},{"@type":"ListItem","position":2,"name":"Privacy Policy"}]},{"@type":"WebSite","@id":"https:\/\/www.morihotel.com\/ar\/#website","url":"https:\/\/www.morihotel.com\/ar\/","name":"Hotel Ai Mori d&#039;Oriente","description":"","potentialAction":[{"@type":"SearchAction","target":{"@type":"EntryPoint","urlTemplate":"https:\/\/www.morihotel.com\/ar\/?s={search_term_string}"},"query-input":{"@type":"PropertyValueSpecification","valueRequired":true,"valueName":"search_term_string"}}],"inLanguage":"ar"}]}},"publishpress_future_action":{"enabled":false,"date":"2026-05-04 01:34:13","action":"change-status","newStatus":"draft","terms":[],"taxonomy":"translation_priority","extraData":[]},"publishpress_future_workflow_manual_trigger":{"enabledWorkflows":[]},"_links":{"self":[{"href":"https:\/\/www.morihotel.com\/ar\/wp-json\/wp\/v2\/pages\/66199","targetHints":{"allow":["GET"]}}],"collection":[{"href":"https:\/\/www.morihotel.com\/ar\/wp-json\/wp\/v2\/pages"}],"about":[{"href":"https:\/\/www.morihotel.com\/ar\/wp-json\/wp\/v2\/types\/page"}],"author":[{"embeddable":true,"href":"https:\/\/www.morihotel.com\/ar\/wp-json\/wp\/v2\/users\/32"}],"replies":[{"embeddable":true,"href":"https:\/\/www.morihotel.com\/ar\/wp-json\/wp\/v2\/comments?post=66199"}],"version-history":[{"count":0,"href":"https:\/\/www.morihotel.com\/ar\/wp-json\/wp\/v2\/pages\/66199\/revisions"}],"wp:attachment":[{"href":"https:\/\/www.morihotel.com\/ar\/wp-json\/wp\/v2\/media?parent=66199"}],"curies":[{"name":"wp","href":"https:\/\/api.w.org\/{rel}","templated":true}]}}