{"id":66185,"date":"2022-05-26T15:20:24","date_gmt":"2022-05-26T13:20:24","guid":{"rendered":"https:\/\/www.morihotel.com\/cookie-policy\/"},"modified":"2022-05-31T13:17:26","modified_gmt":"2022-05-31T11:17:26","slug":"cookie-policy","status":"publish","type":"page","link":"https:\/\/www.morihotel.com\/ar\/cookie-policy\/","title":{"rendered":"Cookie Policy"},"content":{"rendered":"<div class=\"wpb-content-wrapper\">[vc_row][vc_column][vc_empty_space height=&#8221;150px&#8221;][vc_column_text el_class=&#8221;wrap&#8221;]\n<h2>Cookie Policy &#8211; <b>Hotel Ai Mori d&#8217;Oriente s.r.l.<\/b><\/h2>\n<p>Informativa redatta in conformit\u00e0 alle raccomandazioni dell&#8217;Autorit\u00e0 Garante descritte nelle \u201c<strong>Linee guida cookie e altri strumenti di tracciamento \u2013 10 giugno 2021<\/strong>\u201d e al Provvedimento \u201cIndividuazione delle modalit\u00e0 semplificate per l\u2019informativa e l\u2019acquisizione del consenso per l\u2019uso dei cookie &#8211; 8 maggio 2014\u201d.<br \/>\nDurante la consultazione delle nostre pagine web, per facilitare la navigazione degli utenti, \u00e8 possibile che vengano ospitati sulle nostre pagine web dei link ad altri siti non di nostra realizzazione (es. motori di ricerca, fornitori di soluzioni collegate etc.). Le politiche per il trattamento dei dati applicate da tali siti non sono sotto il nostro controllo e non si estendono ad essi le tutele fornite dalla presente nota informativa; la nostra azienda non assume alcuna responsabilit\u00e0 circa i dati personali che possano essere l\u00ec raccolti.<\/p>\n<p>E&#8217; inoltre possibile accedere al Sito senza che all&#8217;utente venga richiesto il conferimento di alcun dato personale.<\/p>\n<p>Tuttavia, i sistemi informatici e i software preposti al funzionamento del Sito acquisiscono, nel corso del loro normale esercizio, alcuni dati personali la cui trasmissione \u00e8 implicita nell&#8217;uso dei protocolli di comunicazione di Internet, per mezzo dell\u2019azione di file memorizzati in via temporanea o permanente sul vostro hard-disk (cd. Cookies) e grazie all\u2019uso di altri componenti software scaricati o attivati durante la navigazione.<\/p>\n<p>Il Titolare del trattamento \u00e8 <strong>HOTEL AI MORI D\u2019ORIENTE S.r.l.<\/strong>, con sede in Fondamenta della Sensa Cannaregio 3319 &#8211; 30121 Venezia (VE), P.IVA\/C.F. 03206700274. Per esercitare i suoi diritti sopra elencati, potr\u00e0 rivolgersi al numero di telefono +39 041 711001 o all\u2019indirizzo mail: <a href=\"mailto:info@morihotel.com\">info@morihotel.com<\/a>.<\/p>\n<p><strong>Informazioni dettagliate sull&#8217;uso dei cookie e consenso al loro utilizzo<\/strong><\/p>\n<p><span style=\"text-decoration: underline;\">Definizioni<\/span><br \/>\nI cookie sono brevi frammenti di testo (lettere e\/o numeri) che permettono al server web di memorizzare sul client (il <em>browser<\/em>) informazioni da riutilizzare nel corso della medesima visita al sito (cookie di sessione) o in seguito, anche a distanza di giorni (cookie persistenti). I cookie vengono memorizzati, in base alle preferenze dell&#8217;utente, dal singolo <em>browser<\/em> sullo specifico dispositivo utilizzato (computer, tablet, smartphone). Tecnologie similari sono utilizzabili per raccogliere informazioni sul comportamento dell&#8217;utente e sull&#8217;utilizzo dei servizi.<br \/>\nNel seguito di questo documento faremo riferimento ai cookie e a tutte le tecnologie similari utilizzando semplicemente il termine \u201ccookie\u201d.<\/p>\n<p><span style=\"text-decoration: underline;\">Tipologie di cookie<\/span><br \/>\nIn base alle caratteristiche e all&#8217;utilizzo dei cookie possiamo distinguere diverse categorie:<\/p>\n<ul>\n<li><strong>Cookie strettamente necessari.<\/strong><br \/>\nSi tratta di cookie indispensabili per il corretto funzionamento del nostro sito e sono utilizzati per gestire il login e l&#8217;accesso alle funzioni riservate del sito, in generale per velocizzare, migliorare o personalizzare il livello di servizio agli utenti. La durata dei cookie \u00e8 o strettamente limitata alla sessione di lavoro (chiuso il browser vengono cancellati), o di durata pi\u00f9 lunga, volti a riconoscere il computer del visitatore. La loro disattivazione pu\u00f2 compromette l&#8217;utilizzo dei servizi accessibili da login, mentre la parte pubblica del sito resta normalmente utilizzabile.<\/li>\n<li><strong>Cookie di analisi e prestazioni.<\/strong><br \/>\nSono cookie utilizzati per raccogliere e analizzare il traffico e l&#8217;utilizzo del sito in modo anonimo. Questi cookie, pur senza identificare l&#8217;utente, consentono, per esempio, di rilevare se il medesimo utente torna a collegarsi in momenti diversi. Permettono inoltre di monitorare il sistema e migliorarne le prestazioni e l&#8217;usabilit\u00e0. La disattivazione di tali cookie pu\u00f2 essere eseguita senza alcuna perdita di funzionalit\u00e0.<\/li>\n<li><strong>Cookie di profilazione.<\/strong><br \/>\nSi tratta di cookie permanenti utilizzati per identificare (in modo anonimo e non) le preferenze dell&#8217;utente e migliorare la sua esperienza di navigazione, al fine di inviare messaggi pubblicitari in linea con le preferenze manifestate dallo stesso nell&#8217;ambito della navigazione in rete.<\/li>\n<li><strong>Cookie di terze parti.<\/strong><br \/>\nVisitando un sito web si possono ricevere cookie sia dal sito visitato (\u201cproprietario\u201d), sia da siti gestiti da altre organizzazioni (\u201cterze parti\u201d). Un esempio \u00e8 rappresentato dalla presenza dei \u201csocial plugin\u201d (p.e. Facebook, Twitter, Google+) finalizzato alla condivisione dei contenuti sui social network. La presenza di questi plugin comporta la trasmissione di cookie da e verso tutti i siti gestiti da terze parti. La gestione delle informazioni raccolte da \u201cterze parti\u201d \u00e8 disciplinata dalle relative informative cui si prega di fare riferimento.<\/li>\n<\/ul>\n<p><span style=\"text-decoration: underline;\">Gestione dei cookie<\/span><br \/>\nL&#8217;utente pu\u00f2 decidere se accettare o meno i cookie utilizzando le impostazioni del proprio browser.<\/p>\n<p><strong>Attenzione<\/strong>: la disabilitazione totale o parziale dei cookie tecnici pu\u00f2 compromettere l&#8217;utilizzo delle funzionalit\u00e0 del sito riservate agli utenti registrati. Al contrario, la fruibilit\u00e0 dei contenuti pubblici \u00e8 possibile anche disabilitando completamente i cookie.<\/p>\n<p>La disabilitazione dei cookie \u201cterze parti\u201d non pregiudica in alcun modo la navigabilit\u00e0. L&#8217;impostazione pu\u00f2 essere definita in modo specifico per i diversi siti e applicazioni web. Inoltre i migliori browser consentono di definire impostazioni diverse per i cookie \u201cproprietari\u201d e per quelli di \u201cterze parti\u201d.<\/p>\n<p>A titolo di esempio, con Google Chrome cliccare la chiave inglese nell&#8217;angolo in alto a destra e selezionare \u201cImpostazioni\u201d. A questo punto selezionare &#8216;Mostra impostazioni avanzate&#8217; e cambiare le impostazioni della Privacy.<\/p>\n<p>Chrome: <a href=\"https:\/\/support.google.com\/chrome\/answer\/95647?hl=it\" target=\"_blank\" rel=\"noopener\">https:\/\/support.google.com\/chrome\/answer\/95647?hl=it<\/a><br \/>\nFirefox: <a href=\"https:\/\/support.mozilla.org\/it\/kb\/Gestione%20dei%20cookie\" target=\"_blank\" rel=\"noopener\">https:\/\/support.mozilla.org\/it\/kb\/Gestione%20dei%20cookie<\/a><br \/>\nInternet Explorer: <a href=\"https:\/\/support.microsoft.com\/it-it\/help\/17479\/windows-internet-explorer-11-change-security-privacy-settings\" target=\"_blank\" rel=\"noopener\">https:\/\/support.microsoft.com\/it-it\/help\/17479\/windows-internet-explorer-11-change-security-privacy-settings<\/a><br \/>\nOpera: <a href=\"http:\/\/help.opera.com\/Windows\/10.00\/it\/cookies.html\" target=\"_blank\" rel=\"noopener\">http:\/\/help.opera.com\/Windows\/10.00\/it\/cookies.html<\/a><br \/>\nSafari: <a href=\"http:\/\/support.apple.com\/kb\/HT1677?viewlocale=it_IT\" target=\"_blank\" rel=\"noopener\">http:\/\/support.apple.com\/kb\/HT1677?viewlocale=it_IT<\/a><\/p>\n<p>Per saperne di pi\u00f9 riguardo ai cookie e come gestirli o disabilitare quelli di terze parti o di marketing\/retargeting, visita:<\/p>\n<p><a href=\"http:\/\/www.allaboutcookies.org\" target=\"_blank\" rel=\"noopener\">http:\/\/www.allaboutcookies.org<\/a><br \/>\n<a href=\"http:\/\/ww.networkadvertising.org\/choices\/\" target=\"_blank\" rel=\"noopener\">http:\/\/ww.networkadvertising.org\/choices\/<\/a><br \/>\n<a href=\"http:\/\/www.youronlinechoices.com\/it\/\" target=\"_blank\" rel=\"noopener\">http:\/\/www.youronlinechoices.com\/it\/<\/a><br \/>\n<a href=\"https:\/\/tools.google.com\/dipage\/gaoptout\" target=\"_blank\" rel=\"noopener\">https:\/\/tools.google.com\/dipage\/gaoptout<\/a><br \/>\n<a href=\"http:\/\/www.aboutads.info\/choices\" target=\"_blank\" rel=\"noopener\">http:\/\/www.aboutads.info\/choices<\/a><\/p>\n<p><span style=\"text-decoration: underline;\"><strong>QUALI COOKIE VENGONO GESTITI DAL SITO<\/strong><\/span><\/p>\n<p>Alcune informazioni, anche se non sono raccolte per essere associate a interessati identificati, per la loro stessa natura potrebbero, attraverso elaborazioni o associazioni, permettere l&#8217;identificazione dell&#8217;utente.<\/p>\n<p>In questa categoria rientrano gli indirizzi IP dei computer utilizzati dagli utenti che si connettono al Sito, l&#8217;Url delle risorse richieste, l&#8217;orario della richiesta, la dimensione del file ottenuto in risposta, ecc.<\/p>\n<p>Questi dati vengono utilizzati per:<\/p>\n<ol>\n<li>ricavare informazioni statistiche anonime sull&#8217;uso del Sito (quale, in particolare, il numero di accessi), per controllarne il corretto funzionamento, per velocizzare, migliorare o personalizzare il livello di servizio agli utenti e vengono cancellati immediatamente dopo l&#8217;elaborazione.<\/li>\n<li>effettuare attivit\u00e0 di profilazione del cliente per attivit\u00e0 di marketing, mediante la gestione di cookie di terze parti.<\/li>\n<\/ol>\n<p>In entrambi i casi il conferimento delle informazioni \u00e8 facoltativo; l&#8217;eventuale rifiuto a fornire tali dati, il blocco dei cookies o degli altri componenti software potrebbe comportare l\u2019impossibilit\u00e0 da parte nostra di inviare le informazioni richieste e\/o una non del tutto corretta funzionalit\u00e0 del sito.<\/p>\n<p>I dati raccolti saranno trattati esclusivamente dal personale aziendale a ci\u00f2 incaricato e non saranno ceduti o comunicati ad altri soggetti.<\/p>\n<p>I dati potrebbero essere utilizzati per l\u2019accertamento di responsabilit\u00e0 in caso di ipotetici reati informatici ai danni del Sito o a terzi: salva questa eventualit\u00e0, allo stato i dati sui contatti web non vengono conservati in maniera permanente.[\/vc_column_text][vc_raw_js el_class=&#8221;wrap&#8221;]JTNDc2NyaXB0JTIwaWQlM0QlMjJDb29raWVEZWNsYXJhdGlvbiUyMiUyMHNyYyUzRCUyMmh0dHBzJTNBJTJGJTJGY29uc2VudC5jb29raWVib3QuY29tJTJGNTQ1NjQwNTQtZWE2MS00OTRkLWI3MzEtMjc2NjhiMzg1MGY4JTJGY2QuanMlMjIlMjB0eXBlJTNEJTIydGV4dCUyRmphdmFzY3JpcHQlMjIlMjBhc3luYyUzRSUzQyUyRnNjcmlwdCUzRQ==[\/vc_raw_js][vc_empty_space height=&#8221;150px&#8221;][\/vc_column][\/vc_row]\n<\/div>","protected":false},"excerpt":{"rendered":"<p>[vc_row][vc_column][vc_empty_space height=&#8221;150px&#8221;][vc_column_text el_class=&#8221;wrap&#8221;] Cookie Policy &#8211; Hotel Ai Mori d&#8217;Oriente s.r.l. Informativa redatta in conformit\u00e0 alle raccomandazioni dell&#8217;Autorit\u00e0 Garante descritte nelle \u201cLinee guida cookie e altri strumenti di tracciamento \u2013 10 giugno 2021\u201d e al Provvedimento \u201cIndividuazione delle modalit\u00e0 semplificate per l\u2019informativa e l\u2019acquisizione del consenso per l\u2019uso dei cookie &#8211; 8 maggio 2014\u201d. Durante [&hellip;]<\/p>\n","protected":false},"author":32,"featured_media":0,"parent":0,"menu_order":0,"comment_status":"closed","ping_status":"closed","template":"","meta":{"_genesis_hide_title":false,"_genesis_hide_breadcrumbs":false,"_genesis_hide_singular_image":false,"_genesis_hide_footer_widgets":false,"_genesis_custom_body_class":"galleria","_genesis_custom_post_class":"","_genesis_layout":"","footnotes":""},"class_list":{"0":"post-66185","1":"page","2":"type-page","3":"status-publish","5":"entry"},"yoast_head":"<!-- This site is optimized with the Yoast SEO plugin v25.6 - https:\/\/yoast.com\/wordpress\/plugins\/seo\/ -->\n<title>Cookie Policy - Hotel Ai Mori d&#039;Oriente<\/title>\n<meta name=\"description\" content=\"Cookie Policy, Hotel Ai Mori d&#039;Oriente:\" \/>\n<meta name=\"robots\" content=\"index, follow, max-snippet:-1, max-image-preview:large, max-video-preview:-1\" \/>\n<link rel=\"canonical\" href=\"https:\/\/www.morihotel.com\/ar\/cookie-policy\/\" \/>\n<meta property=\"og:locale\" content=\"ar_AR\" \/>\n<meta property=\"og:type\" content=\"article\" \/>\n<meta property=\"og:title\" content=\"Cookie Policy - Hotel Ai Mori d&#039;Oriente\" \/>\n<meta property=\"og:description\" content=\"Cookie Policy, Hotel Ai Mori d&#039;Oriente:\" \/>\n<meta property=\"og:url\" content=\"https:\/\/www.morihotel.com\/ar\/cookie-policy\/\" \/>\n<meta property=\"og:site_name\" content=\"Hotel Ai Mori d&#039;Oriente\" \/>\n<meta property=\"article:modified_time\" content=\"2022-05-31T11:17:26+00:00\" \/>\n<meta name=\"twitter:label1\" content=\"\u0648\u0642\u062a \u0627\u0644\u0642\u0631\u0627\u0621\u0629 \u0627\u0644\u0645\u064f\u0642\u062f\u0651\u0631\" \/>\n\t<meta name=\"twitter:data1\" content=\"5 \u062f\u0642\u0627\u0626\u0642\" \/>\n<script type=\"application\/ld+json\" class=\"yoast-schema-graph\">{\"@context\":\"https:\/\/schema.org\",\"@graph\":[{\"@type\":\"WebPage\",\"@id\":\"https:\/\/www.morihotel.com\/ar\/cookie-policy\/\",\"url\":\"https:\/\/www.morihotel.com\/ar\/cookie-policy\/\",\"name\":\"Cookie Policy - Hotel Ai Mori d&#039;Oriente\",\"isPartOf\":{\"@id\":\"https:\/\/www.morihotel.com\/ar\/#website\"},\"datePublished\":\"2022-05-26T13:20:24+00:00\",\"dateModified\":\"2022-05-31T11:17:26+00:00\",\"description\":\"Cookie Policy, Hotel Ai Mori d&#039;Oriente:\",\"breadcrumb\":{\"@id\":\"https:\/\/www.morihotel.com\/ar\/cookie-policy\/#breadcrumb\"},\"inLanguage\":\"ar\",\"potentialAction\":[{\"@type\":\"ReadAction\",\"target\":[\"https:\/\/www.morihotel.com\/ar\/cookie-policy\/\"]}]},{\"@type\":\"BreadcrumbList\",\"@id\":\"https:\/\/www.morihotel.com\/ar\/cookie-policy\/#breadcrumb\",\"itemListElement\":[{\"@type\":\"ListItem\",\"position\":1,\"name\":\"Home\",\"item\":\"https:\/\/www.morihotel.com\/ar\/\"},{\"@type\":\"ListItem\",\"position\":2,\"name\":\"Cookie Policy\"}]},{\"@type\":\"WebSite\",\"@id\":\"https:\/\/www.morihotel.com\/ar\/#website\",\"url\":\"https:\/\/www.morihotel.com\/ar\/\",\"name\":\"Hotel Ai Mori d&#039;Oriente\",\"description\":\"\",\"potentialAction\":[{\"@type\":\"SearchAction\",\"target\":{\"@type\":\"EntryPoint\",\"urlTemplate\":\"https:\/\/www.morihotel.com\/ar\/?s={search_term_string}\"},\"query-input\":{\"@type\":\"PropertyValueSpecification\",\"valueRequired\":true,\"valueName\":\"search_term_string\"}}],\"inLanguage\":\"ar\"}]}<\/script>\n<!-- \/ Yoast SEO plugin. -->","yoast_head_json":{"title":"Cookie Policy - Hotel Ai Mori d&#039;Oriente","description":"Cookie Policy, Hotel Ai Mori d&#039;Oriente:","robots":{"index":"index","follow":"follow","max-snippet":"max-snippet:-1","max-image-preview":"max-image-preview:large","max-video-preview":"max-video-preview:-1"},"canonical":"https:\/\/www.morihotel.com\/ar\/cookie-policy\/","og_locale":"ar_AR","og_type":"article","og_title":"Cookie Policy - Hotel Ai Mori d&#039;Oriente","og_description":"Cookie Policy, Hotel Ai Mori d&#039;Oriente:","og_url":"https:\/\/www.morihotel.com\/ar\/cookie-policy\/","og_site_name":"Hotel Ai Mori d&#039;Oriente","article_modified_time":"2022-05-31T11:17:26+00:00","twitter_misc":{"\u0648\u0642\u062a \u0627\u0644\u0642\u0631\u0627\u0621\u0629 \u0627\u0644\u0645\u064f\u0642\u062f\u0651\u0631":"5 \u062f\u0642\u0627\u0626\u0642"},"schema":{"@context":"https:\/\/schema.org","@graph":[{"@type":"WebPage","@id":"https:\/\/www.morihotel.com\/ar\/cookie-policy\/","url":"https:\/\/www.morihotel.com\/ar\/cookie-policy\/","name":"Cookie Policy - Hotel Ai Mori d&#039;Oriente","isPartOf":{"@id":"https:\/\/www.morihotel.com\/ar\/#website"},"datePublished":"2022-05-26T13:20:24+00:00","dateModified":"2022-05-31T11:17:26+00:00","description":"Cookie Policy, Hotel Ai Mori d&#039;Oriente:","breadcrumb":{"@id":"https:\/\/www.morihotel.com\/ar\/cookie-policy\/#breadcrumb"},"inLanguage":"ar","potentialAction":[{"@type":"ReadAction","target":["https:\/\/www.morihotel.com\/ar\/cookie-policy\/"]}]},{"@type":"BreadcrumbList","@id":"https:\/\/www.morihotel.com\/ar\/cookie-policy\/#breadcrumb","itemListElement":[{"@type":"ListItem","position":1,"name":"Home","item":"https:\/\/www.morihotel.com\/ar\/"},{"@type":"ListItem","position":2,"name":"Cookie Policy"}]},{"@type":"WebSite","@id":"https:\/\/www.morihotel.com\/ar\/#website","url":"https:\/\/www.morihotel.com\/ar\/","name":"Hotel Ai Mori d&#039;Oriente","description":"","potentialAction":[{"@type":"SearchAction","target":{"@type":"EntryPoint","urlTemplate":"https:\/\/www.morihotel.com\/ar\/?s={search_term_string}"},"query-input":{"@type":"PropertyValueSpecification","valueRequired":true,"valueName":"search_term_string"}}],"inLanguage":"ar"}]}},"publishpress_future_action":{"enabled":false,"date":"2026-04-14 10:28:56","action":"change-status","newStatus":"draft","terms":[],"taxonomy":"translation_priority","extraData":[]},"publishpress_future_workflow_manual_trigger":{"enabledWorkflows":[]},"_links":{"self":[{"href":"https:\/\/www.morihotel.com\/ar\/wp-json\/wp\/v2\/pages\/66185","targetHints":{"allow":["GET"]}}],"collection":[{"href":"https:\/\/www.morihotel.com\/ar\/wp-json\/wp\/v2\/pages"}],"about":[{"href":"https:\/\/www.morihotel.com\/ar\/wp-json\/wp\/v2\/types\/page"}],"author":[{"embeddable":true,"href":"https:\/\/www.morihotel.com\/ar\/wp-json\/wp\/v2\/users\/32"}],"replies":[{"embeddable":true,"href":"https:\/\/www.morihotel.com\/ar\/wp-json\/wp\/v2\/comments?post=66185"}],"version-history":[{"count":2,"href":"https:\/\/www.morihotel.com\/ar\/wp-json\/wp\/v2\/pages\/66185\/revisions"}],"predecessor-version":[{"id":66384,"href":"https:\/\/www.morihotel.com\/ar\/wp-json\/wp\/v2\/pages\/66185\/revisions\/66384"}],"wp:attachment":[{"href":"https:\/\/www.morihotel.com\/ar\/wp-json\/wp\/v2\/media?parent=66185"}],"curies":[{"name":"wp","href":"https:\/\/api.w.org\/{rel}","templated":true}]}}